{"id":12005,"date":"2024-09-16T04:19:06","date_gmt":"2024-09-16T04:19:06","guid":{"rendered":"https:\/\/viettourist.asia\/?post_type=product&#038;p=12005"},"modified":"2024-12-17T09:45:29","modified_gmt":"2024-12-17T09:45:29","slug":"einblick-in-11-tage-und-10-nachte-in-vietnam-von-geschaftigen-stadten-bis-hin-zu-ruhigen-landschaften","status":"publish","type":"product","link":"https:\/\/viettourist.asia\/de\/tour\/einblick-in-11-tage-und-10-nachte-in-vietnam-von-geschaftigen-stadten-bis-hin-zu-ruhigen-landschaften\/","title":{"rendered":"Einblick in 11 Tage \/ 10 N\u00e4chte in Vietnam: Von gesch\u00e4ftigen St\u00e4dten zu ruhigen Landschaften"},"content":{"rendered":"<p>Begeben Sie sich auf ein unvergessliches Abenteuer durch Vietnam, ein Land, in dem alte Traditionen nahtlos mit lebendiger Moderne verschmelzen. Diese 11-t\u00e4gige Tour f\u00fchrt Sie von den gesch\u00e4ftigen Stra\u00dfen Saigons bis in die ruhigen Landschaften der Halong-Bucht und bietet Ihnen eine F\u00fclle an Erlebnissen, die Vietnams einzigartigen Charme und sein kulturelles Erbe pr\u00e4sentieren.<\/p>\n<p>Beginnen Sie Ihre Reise in Saigon, wo Sie in die Geschichte der Tunnel von C\u1ee7 Chi eintauchen und die dynamischen Sehensw\u00fcrdigkeiten der Stadt erkunden, von der ber\u00fchmten Kathedrale Notre Dame bis zum lebhaften Ben-Thanh-Markt. Fahren Sie durch die bezaubernden Wasserstra\u00dfen des Mekong-Deltas und erleben Sie die lebhaften schwimmenden M\u00e4rkte und \u00fcppigen Reisfelder, die diese fruchtbare Region pr\u00e4gen.<\/p>\n<p>Ihre Erkundungstour geht weiter in die Altstadt von Hoi An, wo Sie die engen Gassen und die traditionelle Architektur in vergangene Zeiten zur\u00fcckversetzen. Genie\u00dfen Sie die zeitlose Sch\u00f6nheit der Japanischen Br\u00fccke und der lebhaften M\u00e4rkte und unternehmen Sie eine Bootsfahrt auf dem Thu-Bon-Fluss.<\/p>\n<p>Reisen Sie in den Norden nach Hanoi, dem kulturellen Zentrum des Landes. Besuchen Sie historische St\u00e4tten wie das Ho-Chi-Minh-Mausoleum und den Literaturtempel. Tauchen Sie ein in die reiche Geschichte Hanois und genie\u00dfen Sie ein traditionelles Wasserpuppenspiel, das vietnamesische Folklore zum Leben erweckt.<\/p>\n<p>Keine Reise durch Vietnam w\u00e4re komplett ohne einen Besuch der atemberaubenden Halong-Bucht. Gehen Sie auf eine luxuri\u00f6se Kreuzfahrt, bestaunen Sie die dramatischen Kalksteinfelsen der Bucht und erkunden Sie versteckte H\u00f6hlen und ruhige Str\u00e4nde. Erleben Sie die Magie dieses UNESCO-Weltkulturerbes, wo jeder Moment eine neue Entdeckung ist.<\/p>\n<p>Von gesch\u00e4ftigen St\u00e4dten und historischen St\u00e4tten bis hin zu ruhigen Landschaften und kulturellen Sch\u00e4tzen bietet diese Tour ein umfassendes und intensives Vietnam-Erlebnis. Begleiten Sie uns und schaffen Sie bleibende Erinnerungen auf dieser faszinierenden Reise durch eines der bezauberndsten Reiseziele S\u00fcdostasiens.<\/p>","protected":false},"excerpt":{"rendered":"<p>Embark on an unforgettable adventure through Vietnam, a country where ancient traditions blend seamlessly with vibrant modernity. This 11-day tour takes you from the bustling streets of Saigon to the serene landscapes of Ha Long Bay, offering a rich tapestry of experiences that showcase Vietnam\u2019s unique charm and cultural heritage. Begin your journey in Saigon, [&hellip;]<\/p>\n","protected":false},"featured_media":11974,"template":"","meta":[],"product_cat":[87,88,89,90,92,86,103],"product_tag":[],"class_list":{"0":"post-12005","1":"product","2":"type-product","3":"status-publish","4":"has-post-thumbnail","6":"brw_tour_themes-culture","7":"brw_tour_themes-discover","8":"brw_tour_themes-family","9":"brw_tour_themes-group","10":"brw_tour_themes-luxury","11":"product_cat-adventure","12":"product_cat-culture","13":"product_cat-discover","14":"product_cat-family","15":"product_cat-group","16":"product_cat-luxury","17":"product_cat-tour-themes","19":"first","20":"instock","21":"shipping-taxable","22":"product-type-ovabrw_car_rental"},"_links":{"self":[{"href":"https:\/\/viettourist.asia\/de\/wp-json\/wp\/v2\/product\/12005"}],"collection":[{"href":"https:\/\/viettourist.asia\/de\/wp-json\/wp\/v2\/product"}],"about":[{"href":"https:\/\/viettourist.asia\/de\/wp-json\/wp\/v2\/types\/product"}],"version-history":[{"count":2,"href":"https:\/\/viettourist.asia\/de\/wp-json\/wp\/v2\/product\/12005\/revisions"}],"predecessor-version":[{"id":12190,"href":"https:\/\/viettourist.asia\/de\/wp-json\/wp\/v2\/product\/12005\/revisions\/12190"}],"wp:featuredmedia":[{"embeddable":true,"href":"https:\/\/viettourist.asia\/de\/wp-json\/wp\/v2\/media\/11974"}],"wp:attachment":[{"href":"https:\/\/viettourist.asia\/de\/wp-json\/wp\/v2\/media?parent=12005"}],"wp:term":[{"taxonomy":"product_cat","embeddable":true,"href":"https:\/\/viettourist.asia\/de\/wp-json\/wp\/v2\/product_cat?post=12005"},{"taxonomy":"product_tag","embeddable":true,"href":"https:\/\/viettourist.asia\/de\/wp-json\/wp\/v2\/product_tag?post=12005"}],"curies":[{"name":"wp","href":"https:\/\/api.w.org\/{rel}","templated":true}]}}