{"id":11990,"date":"2024-09-10T04:25:32","date_gmt":"2024-09-10T04:25:32","guid":{"rendered":"https:\/\/viettourist.asia\/?post_type=product&#038;p=11990"},"modified":"2024-12-23T03:44:00","modified_gmt":"2024-12-23T03:44:00","slug":"von-sud-nach-nordvietnam-16-tage-15-nachte","status":"publish","type":"product","link":"https:\/\/viettourist.asia\/de\/tour\/von-sud-nach-nordvietnam-16-tage-15-nachte\/","title":{"rendered":"Von S\u00fcd- nach Nordvietnam 16 Tage \/ 15 N\u00e4chte"},"content":{"rendered":"<div>\n<p>Begeben Sie sich auf eine unvergessliche Reise ins Herz und in die Seele Vietnams, wo jeder Schritt einen positiven Eindruck hinterl\u00e4sst. Ein sorgf\u00e4ltig gestaltetes Abenteuer, das atemberaubende Landschaften und reichhaltige kulturelle Erlebnisse nahtlos miteinander verbindet. Tauchen Sie mit uns ein in die lebendige Vielfalt Vietnams, von den alten Stra\u00dfen Hanois bis zum pulsierenden Treiben Ho-Chi-Minh-Stadts. Bleiben Sie dabei unserem Engagement treu, die nat\u00fcrliche Sch\u00f6nheit und das kulturelle Erbe dieses bezaubernden Landes zu bewahren. Tauchen Sie ein in Vietnam, kn\u00fcpfen Sie Kontakte zu lokalen Gemeinschaften und schaffen Sie bleibende Erinnerungen auf einer Reise, die \u00fcber den Tourismus hinausgeht: Es ist Zeit, Vietnam von S\u00fcd nach Nord zu erkunden.<\/p>\n<\/div>","protected":false},"excerpt":{"rendered":"<p>Embark on an unforgettable journey to the heart and soul of Vietnam, where every step taken leaves a positive imprint on the planet. A meticulously crafted adventure that seamlessly blends breathtaking landscapes, rich cultural experiences. Join us to immerse yourself in Vietnam&#8217;s vibrant tapestry, from the ancient streets of Hanoi to the bustling energy of [&hellip;]<\/p>\n","protected":false},"featured_media":11981,"template":"","meta":[],"product_cat":[87,88,89,90,92,86,103],"product_tag":[],"class_list":{"0":"post-11990","1":"product","2":"type-product","3":"status-publish","4":"has-post-thumbnail","6":"brw_tour_themes-adventure","7":"brw_tour_themes-culture","8":"brw_tour_themes-discover","9":"brw_tour_themes-family","10":"brw_tour_themes-group","11":"brw_tour_themes-luxury","12":"product_cat-adventure","13":"product_cat-culture","14":"product_cat-discover","15":"product_cat-family","16":"product_cat-group","17":"product_cat-luxury","18":"product_cat-tour-themes","20":"first","21":"instock","22":"shipping-taxable","23":"product-type-ovabrw_car_rental"},"_links":{"self":[{"href":"https:\/\/viettourist.asia\/de\/wp-json\/wp\/v2\/product\/11990"}],"collection":[{"href":"https:\/\/viettourist.asia\/de\/wp-json\/wp\/v2\/product"}],"about":[{"href":"https:\/\/viettourist.asia\/de\/wp-json\/wp\/v2\/types\/product"}],"version-history":[{"count":2,"href":"https:\/\/viettourist.asia\/de\/wp-json\/wp\/v2\/product\/11990\/revisions"}],"predecessor-version":[{"id":12276,"href":"https:\/\/viettourist.asia\/de\/wp-json\/wp\/v2\/product\/11990\/revisions\/12276"}],"wp:featuredmedia":[{"embeddable":true,"href":"https:\/\/viettourist.asia\/de\/wp-json\/wp\/v2\/media\/11981"}],"wp:attachment":[{"href":"https:\/\/viettourist.asia\/de\/wp-json\/wp\/v2\/media?parent=11990"}],"wp:term":[{"taxonomy":"product_cat","embeddable":true,"href":"https:\/\/viettourist.asia\/de\/wp-json\/wp\/v2\/product_cat?post=11990"},{"taxonomy":"product_tag","embeddable":true,"href":"https:\/\/viettourist.asia\/de\/wp-json\/wp\/v2\/product_tag?post=11990"}],"curies":[{"name":"wp","href":"https:\/\/api.w.org\/{rel}","templated":true}]}}