{"id":11986,"date":"2024-09-10T03:49:42","date_gmt":"2024-09-10T03:49:42","guid":{"rendered":"https:\/\/viettourist.asia\/?post_type=product&#038;p=11986"},"modified":"2024-12-20T09:07:30","modified_gmt":"2024-12-20T09:07:30","slug":"von-der-halong-bucht-zum-mekong-delta-13-tage-12-nachte","status":"publish","type":"product","link":"https:\/\/viettourist.asia\/de\/tour\/von-der-halong-bucht-zum-mekong-delta-13-tage-12-nachte\/","title":{"rendered":"Von der Halong-Bucht zum Mekong-Delta 13 Tage \/ 12 N\u00e4chte"},"content":{"rendered":"<div>\n<p>Begeben Sie sich auf eine unvergessliche Reise ins Herz und in die Seele Vietnams, wo jeder Schritt einen positiven Eindruck hinterl\u00e4sst. Ein sorgf\u00e4ltig gestaltetes Abenteuer, das atemberaubende Landschaften und reiche kulturelle Erlebnisse nahtlos miteinander verbindet. Tauchen Sie mit uns ein in die lebendige Vielfalt Vietnams, von den alten Stra\u00dfen Hanois bis zum pulsierenden Treiben Ho-Chi-Minh-Stadts. Dabei bleiben wir unserem Engagement f\u00fcr den Erhalt der nat\u00fcrlichen Sch\u00f6nheit und des kulturellen Erbes dieses bezaubernden Landes treu. Tauchen Sie ein in Vietnam, kn\u00fcpfen Sie Kontakte zu lokalen Gemeinschaften und schaffen Sie bleibende Erinnerungen auf einer Reise jenseits des Tourismus: Es ist Zeit, Vietnam von S\u00fcd nach Nord zu erkunden.<\/p>\n<\/div>","protected":false},"excerpt":{"rendered":"<p>Embark on an unforgettable journey to the heart and soul of Vietnam, where every step taken leaves a positive imprint on the planet. A meticulously crafted adventure that seamlessly blends breathtaking landscapes, rich cultural experiences. Join us to immerse yourself in Vietnam&#8217;s vibrant tapestry, from the ancient streets of Hanoi to the bustling energy of [&hellip;]<\/p>\n","protected":false},"featured_media":11944,"template":"","meta":[],"product_cat":[87,88,89,90,92,86,103],"product_tag":[],"class_list":{"0":"post-11986","1":"product","2":"type-product","3":"status-publish","4":"has-post-thumbnail","6":"brw_tour_themes-culture","7":"brw_tour_themes-discover","8":"brw_tour_themes-family","9":"brw_tour_themes-group","10":"brw_tour_themes-honeymoon","11":"product_cat-adventure","12":"product_cat-culture","13":"product_cat-discover","14":"product_cat-family","15":"product_cat-group","16":"product_cat-luxury","17":"product_cat-tour-themes","19":"first","20":"instock","21":"shipping-taxable","22":"product-type-ovabrw_car_rental"},"_links":{"self":[{"href":"https:\/\/viettourist.asia\/de\/wp-json\/wp\/v2\/product\/11986"}],"collection":[{"href":"https:\/\/viettourist.asia\/de\/wp-json\/wp\/v2\/product"}],"about":[{"href":"https:\/\/viettourist.asia\/de\/wp-json\/wp\/v2\/types\/product"}],"version-history":[{"count":2,"href":"https:\/\/viettourist.asia\/de\/wp-json\/wp\/v2\/product\/11986\/revisions"}],"predecessor-version":[{"id":12277,"href":"https:\/\/viettourist.asia\/de\/wp-json\/wp\/v2\/product\/11986\/revisions\/12277"}],"wp:featuredmedia":[{"embeddable":true,"href":"https:\/\/viettourist.asia\/de\/wp-json\/wp\/v2\/media\/11944"}],"wp:attachment":[{"href":"https:\/\/viettourist.asia\/de\/wp-json\/wp\/v2\/media?parent=11986"}],"wp:term":[{"taxonomy":"product_cat","embeddable":true,"href":"https:\/\/viettourist.asia\/de\/wp-json\/wp\/v2\/product_cat?post=11986"},{"taxonomy":"product_tag","embeddable":true,"href":"https:\/\/viettourist.asia\/de\/wp-json\/wp\/v2\/product_tag?post=11986"}],"curies":[{"name":"wp","href":"https:\/\/api.w.org\/{rel}","templated":true}]}}