{"id":11948,"date":"2024-09-09T03:18:36","date_gmt":"2024-09-09T03:18:36","guid":{"rendered":"https:\/\/viettourist.asia\/?post_type=product&#038;p=11948"},"modified":"2024-12-17T09:42:39","modified_gmt":"2024-12-17T09:42:39","slug":"erstaunliches-vietnam-11-tage-10-nachte","status":"publish","type":"product","link":"https:\/\/viettourist.asia\/de\/tour\/erstaunliches-vietnam-11-tage-10-nachte\/","title":{"rendered":"Erstaunliches Vietnam 11 Tage \/ 10 N\u00e4chte"},"content":{"rendered":"<p>Begeben Sie sich auf ein spannendes 11-t\u00e4giges Abenteuer durch die unber\u00fchrte Sch\u00f6nheit und reiche Kultur Nordvietnams. Von den pulsierenden Stra\u00dfen Hanois bis zu den atemberaubenden Landschaften Ha Giangs bietet diese Tour einen tiefen Einblick in die entlegensten und malerischsten Regionen des Landes. Sie durchqueren kurvenreiche Bergstra\u00dfen, besuchen charmante D\u00f6rfer ethnischer Minderheiten, erkunden atemberaubende Naturwunder wie den Ma-Pi-Leng-Pass und den Ba-Be-See und fahren durch die mystischen Gew\u00e4sser der Halong-Bucht.<\/p>\n<p>Tauchen Sie ein in die reiche Geschichte alter Zitadellen, die traditionelle H&#039;mong-Architektur und die ruhige Sch\u00f6nheit der Natur und genie\u00dfen Sie gleichzeitig authentische lokale K\u00fcche. Diese Reise bietet nicht nur spektakul\u00e4re Landschaften, sondern auch eine bedeutsame Verbindung mit den Menschen Vietnams und ihrer Lebensweise. Ob Sie die Ruhe des Ba Be-Sees genie\u00dfen, durch die \u00fcppigen Reisfelder von Mai Chau radeln oder die bezaubernden Stra\u00dfen von Hoi An erkunden \u2013 jeder Tag bringt ein neues Abenteuer und eine tiefere Wertsch\u00e4tzung f\u00fcr dieses atemberaubende Land.<\/p>\n<p>Lassen Sie sich auf dieser unvergesslichen Tour von der Sch\u00f6nheit und Vielfalt Nordvietnams \u00fcberraschen. Sie ist f\u00fcr alle gedacht, die eine Mischung aus Kultur, Geschichte und atemberaubenden Naturlandschaften suchen.<\/p>","protected":false},"excerpt":{"rendered":"<p>Embark on a thrilling 11-day adventure through the unspoiled beauty and rich culture of Northern Vietnam. From the vibrant streets of Hanoi to the breathtaking landscapes of Ha Giang, this tour offers a deep dive into the country\u2019s most remote and picturesque regions. You\u2019ll traverse winding mountain roads, visit charming ethnic minority villages, explore stunning [&hellip;]<\/p>\n","protected":false},"featured_media":11951,"template":"","meta":[],"product_cat":[87,88,89,90,92,86,103],"product_tag":[],"class_list":{"0":"post-11948","1":"product","2":"type-product","3":"status-publish","4":"has-post-thumbnail","6":"brw_tour_themes-adventure","7":"brw_tour_themes-culture","8":"brw_tour_themes-discover","9":"brw_tour_themes-family","10":"brw_tour_themes-group","11":"brw_tour_themes-luxury","12":"product_cat-adventure","13":"product_cat-culture","14":"product_cat-discover","15":"product_cat-family","16":"product_cat-group","17":"product_cat-luxury","18":"product_cat-tour-themes","20":"first","21":"instock","22":"shipping-taxable","23":"product-type-ovabrw_car_rental"},"_links":{"self":[{"href":"https:\/\/viettourist.asia\/de\/wp-json\/wp\/v2\/product\/11948"}],"collection":[{"href":"https:\/\/viettourist.asia\/de\/wp-json\/wp\/v2\/product"}],"about":[{"href":"https:\/\/viettourist.asia\/de\/wp-json\/wp\/v2\/types\/product"}],"version-history":[{"count":1,"href":"https:\/\/viettourist.asia\/de\/wp-json\/wp\/v2\/product\/11948\/revisions"}],"predecessor-version":[{"id":11958,"href":"https:\/\/viettourist.asia\/de\/wp-json\/wp\/v2\/product\/11948\/revisions\/11958"}],"wp:featuredmedia":[{"embeddable":true,"href":"https:\/\/viettourist.asia\/de\/wp-json\/wp\/v2\/media\/11951"}],"wp:attachment":[{"href":"https:\/\/viettourist.asia\/de\/wp-json\/wp\/v2\/media?parent=11948"}],"wp:term":[{"taxonomy":"product_cat","embeddable":true,"href":"https:\/\/viettourist.asia\/de\/wp-json\/wp\/v2\/product_cat?post=11948"},{"taxonomy":"product_tag","embeddable":true,"href":"https:\/\/viettourist.asia\/de\/wp-json\/wp\/v2\/product_tag?post=11948"}],"curies":[{"name":"wp","href":"https:\/\/api.w.org\/{rel}","templated":true}]}}