{"id":11925,"date":"2024-09-06T04:14:43","date_gmt":"2024-09-06T04:14:43","guid":{"rendered":"https:\/\/viettourist.asia\/?post_type=product&#038;p=11925"},"modified":"2024-12-17T09:49:15","modified_gmt":"2024-12-17T09:49:15","slug":"exquisiter-saigon-und-phu-quoc-strand-6-tage-5-nachte","status":"publish","type":"product","link":"https:\/\/viettourist.asia\/de\/tour\/exquisiter-saigon-und-phu-quoc-strand-6-tage-5-nachte\/","title":{"rendered":"Exquisiter Saigon- und Phu Quoc-Strand 6 Tage \/ 5 N\u00e4chte"},"content":{"rendered":"<p><span style=\"font-weight: 400;\">Dieser aufregende Besuch in Saigon (Ho-Chi-Minh-Stadt) ist ideal f\u00fcr Reisende, die ein Gef\u00fchl f\u00fcr die Region bekommen m\u00f6chten, insbesondere f\u00fcr Erstbesucher, die die wichtigsten Sehensw\u00fcrdigkeiten von Saigon erkunden m\u00f6chten. Sie besuchen die wichtigsten historischen und kulturellen St\u00e4tten, aber Saigon, auch bekannt als die Perle des Fernen Ostens, bietet noch viel mehr. Erleben Sie das gesch\u00e4ftige Treiben der Stadt, begleitet von den rhythmischen Kl\u00e4ngen der zahlreichen Caf\u00e9s. Genie\u00dfen Sie die lebhafte Atmosph\u00e4re der feilschenden K\u00e4ufer auf den belebten Marktstra\u00dfen.<\/span><\/p>","protected":false},"excerpt":{"rendered":"<p>This exciting Saigon (Ho Chi Minh City) visit is ideal for travelers who want to get a feel for the area, especially first-time visitors looking to explore the main attractions of Saigon. You&#8217;ll visit the key historical and cultural sites, but Saigon, also known as The Pearl of the Far East, offers so much more. [&hellip;]<\/p>\n","protected":false},"featured_media":11926,"template":"","meta":[],"product_cat":[88,89,90,92,86,103],"product_tag":[],"class_list":{"0":"post-11925","1":"product","2":"type-product","3":"status-publish","4":"has-post-thumbnail","6":"brw_tour_themes-culture","7":"brw_tour_themes-discover","8":"brw_tour_themes-family","9":"brw_tour_themes-group","10":"brw_tour_themes-luxury","11":"product_cat-culture","12":"product_cat-discover","13":"product_cat-family","14":"product_cat-group","15":"product_cat-luxury","16":"product_cat-tour-themes","18":"first","19":"instock","20":"shipping-taxable","21":"product-type-ovabrw_car_rental"},"_links":{"self":[{"href":"https:\/\/viettourist.asia\/de\/wp-json\/wp\/v2\/product\/11925"}],"collection":[{"href":"https:\/\/viettourist.asia\/de\/wp-json\/wp\/v2\/product"}],"about":[{"href":"https:\/\/viettourist.asia\/de\/wp-json\/wp\/v2\/types\/product"}],"version-history":[{"count":1,"href":"https:\/\/viettourist.asia\/de\/wp-json\/wp\/v2\/product\/11925\/revisions"}],"predecessor-version":[{"id":11932,"href":"https:\/\/viettourist.asia\/de\/wp-json\/wp\/v2\/product\/11925\/revisions\/11932"}],"wp:featuredmedia":[{"embeddable":true,"href":"https:\/\/viettourist.asia\/de\/wp-json\/wp\/v2\/media\/11926"}],"wp:attachment":[{"href":"https:\/\/viettourist.asia\/de\/wp-json\/wp\/v2\/media?parent=11925"}],"wp:term":[{"taxonomy":"product_cat","embeddable":true,"href":"https:\/\/viettourist.asia\/de\/wp-json\/wp\/v2\/product_cat?post=11925"},{"taxonomy":"product_tag","embeddable":true,"href":"https:\/\/viettourist.asia\/de\/wp-json\/wp\/v2\/product_tag?post=11925"}],"curies":[{"name":"wp","href":"https:\/\/api.w.org\/{rel}","templated":true}]}}