{"id":11901,"date":"2024-09-04T10:01:31","date_gmt":"2024-09-04T10:01:31","guid":{"rendered":"https:\/\/viettourist.asia\/?post_type=product&#038;p=11901"},"modified":"2024-12-17T09:48:51","modified_gmt":"2024-12-17T09:48:51","slug":"ho-chi-minh-stadt-historisches-und-kulinarisches-erlebnis-5-tage-4-nachte","status":"publish","type":"product","link":"https:\/\/viettourist.asia\/de\/tour\/ho-chi-minh-stadt-historisches-und-kulinarisches-erlebnis-5-tage-4-nachte\/","title":{"rendered":"Ho-Chi-Minh-Stadt: Historisches und kulinarisches Erlebnis, 5 Tage\/4 N\u00e4chte"},"content":{"rendered":"<p>Ho-Chi-Minh-Stadt, eine lebendige Mischung aus antiken Tempeln, Kriegsrelikten und pulsierenden Stra\u00dfenimbissen, lockt neugierige Reisende. Tauchen Sie ein in diese faszinierende Stadt bei einem aufregenden 5-t\u00e4gigen Abenteuer. Tauchen Sie ein in die faszinierende Vergangenheit der Stadt und erkunden Sie die Tunnel von C\u1ee7 Chi und ber\u00fchmte Sehensw\u00fcrdigkeiten wie die Kathedrale Notre Dame. Genie\u00dfen Sie eine kulinarische Tour mit dem legend\u00e4ren Vespa-Roller durch die ber\u00fchmteste Food Street von Ho-Chi-Minh-Stadt.<\/p>","protected":false},"excerpt":{"rendered":"<p>Ho Chi Minh City, a vibrant tapestry woven from ancient temples, wartime relics, and pulsating street food stalls, beckons the curious traveler. Immerse yourself in this captivating city on a whirlwind 5-day adventure. Delve into the city&#8217;s fascinating past by exploring the Cu Chi Tunnels and iconic landmarks like the Notre Dame Cathedral.\u00a0 Enjoy a [&hellip;]<\/p>\n","protected":false},"featured_media":11890,"template":"","meta":[],"product_cat":[87,88,89,109,90,92,103],"product_tag":[],"class_list":{"0":"post-11901","1":"product","2":"type-product","3":"status-publish","4":"has-post-thumbnail","6":"brw_tour_themes-adventure","7":"brw_tour_themes-culture","8":"brw_tour_themes-discover","9":"brw_tour_themes-family","10":"brw_tour_themes-group","11":"product_cat-adventure","12":"product_cat-culture","13":"product_cat-discover","14":"product_cat-education","15":"product_cat-family","16":"product_cat-group","17":"product_cat-tour-themes","19":"first","20":"instock","21":"shipping-taxable","22":"product-type-ovabrw_car_rental"},"_links":{"self":[{"href":"https:\/\/viettourist.asia\/de\/wp-json\/wp\/v2\/product\/11901"}],"collection":[{"href":"https:\/\/viettourist.asia\/de\/wp-json\/wp\/v2\/product"}],"about":[{"href":"https:\/\/viettourist.asia\/de\/wp-json\/wp\/v2\/types\/product"}],"version-history":[{"count":1,"href":"https:\/\/viettourist.asia\/de\/wp-json\/wp\/v2\/product\/11901\/revisions"}],"predecessor-version":[{"id":11906,"href":"https:\/\/viettourist.asia\/de\/wp-json\/wp\/v2\/product\/11901\/revisions\/11906"}],"wp:featuredmedia":[{"embeddable":true,"href":"https:\/\/viettourist.asia\/de\/wp-json\/wp\/v2\/media\/11890"}],"wp:attachment":[{"href":"https:\/\/viettourist.asia\/de\/wp-json\/wp\/v2\/media?parent=11901"}],"wp:term":[{"taxonomy":"product_cat","embeddable":true,"href":"https:\/\/viettourist.asia\/de\/wp-json\/wp\/v2\/product_cat?post=11901"},{"taxonomy":"product_tag","embeddable":true,"href":"https:\/\/viettourist.asia\/de\/wp-json\/wp\/v2\/product_tag?post=11901"}],"curies":[{"name":"wp","href":"https:\/\/api.w.org\/{rel}","templated":true}]}}