{"id":11883,"date":"2024-09-04T09:25:45","date_gmt":"2024-09-04T09:25:45","guid":{"rendered":"https:\/\/viettourist.asia\/?post_type=product&#038;p=11883"},"modified":"2024-12-17T09:42:16","modified_gmt":"2024-12-17T09:42:16","slug":"reflexion-15-tage-vietnam","status":"publish","type":"product","link":"https:\/\/viettourist.asia\/de\/tour\/reflexion-15-tage-vietnam\/","title":{"rendered":"Auf den Spuren Indochinas 15 Tage \/ 14 N\u00e4chte"},"content":{"rendered":"<p><span class=\"OYPEnA font-feature-liga-off font-feature-clig-off font-feature-calt-off text-decoration-none text-strikethrough-none\">Begeben Sie sich auf eine unvergessliche Reise ins Herz und die Seele Vietnams und entdecken Sie historische Orte. Ein sorgf\u00e4ltig zusammengestelltes Abenteuer, das atemberaubende Landschaften, reichhaltige kulturelle Erlebnisse und historische Orte nahtlos miteinander verbindet. Tauchen Sie mit uns ein in die pulsierende Vielfalt Vietnams, von den alten Stra\u00dfen Hanois \u00fcber das pulsierende Treiben Ho-Chi-Minh-Stadts bis hin zur ehemaligen entmilitarisierten Zone. Dabei bleiben wir unserem Engagement f\u00fcr den Erhalt der nat\u00fcrlichen Sch\u00f6nheit und des kulturellen Erbes dieses bezaubernden Landes treu. Tauchen Sie ein in Vietnam, kn\u00fcpfen Sie Kontakte zu lokalen Gemeinschaften und schaffen Sie bleibende Erinnerungen auf einer Reise jenseits des Tourismus: Es ist Zeit, Vietnam von S\u00fcd nach Nord zu erkunden.<\/span><\/p>","protected":false},"excerpt":{"rendered":"<p>Embark on an unforgettable journey to the heart and soul of Vietnam, discovering historic places. A meticulously crafted adventure that seamlessly blends breathtaking landscapes, rich cultural experiences and historic locations. Join us as we delve into the vibrant tapestry of Vietnam, from the ancient streets of Hanoi to the bustling energy of Ho Chi Minh [&hellip;]<\/p>\n","protected":false},"featured_media":11895,"template":"","meta":[],"product_cat":[88,89,109,90,92,103],"product_tag":[],"class_list":{"0":"post-11883","1":"product","2":"type-product","3":"status-publish","4":"has-post-thumbnail","6":"brw_tour_themes-culture","7":"brw_tour_themes-discover","8":"brw_tour_themes-family","9":"brw_tour_themes-group","10":"brw_tour_themes-luxury","11":"product_cat-culture","12":"product_cat-discover","13":"product_cat-education","14":"product_cat-family","15":"product_cat-group","16":"product_cat-tour-themes","18":"first","19":"instock","20":"shipping-taxable","21":"product-type-ovabrw_car_rental"},"_links":{"self":[{"href":"https:\/\/viettourist.asia\/de\/wp-json\/wp\/v2\/product\/11883"}],"collection":[{"href":"https:\/\/viettourist.asia\/de\/wp-json\/wp\/v2\/product"}],"about":[{"href":"https:\/\/viettourist.asia\/de\/wp-json\/wp\/v2\/types\/product"}],"version-history":[{"count":2,"href":"https:\/\/viettourist.asia\/de\/wp-json\/wp\/v2\/product\/11883\/revisions"}],"predecessor-version":[{"id":11979,"href":"https:\/\/viettourist.asia\/de\/wp-json\/wp\/v2\/product\/11883\/revisions\/11979"}],"wp:featuredmedia":[{"embeddable":true,"href":"https:\/\/viettourist.asia\/de\/wp-json\/wp\/v2\/media\/11895"}],"wp:attachment":[{"href":"https:\/\/viettourist.asia\/de\/wp-json\/wp\/v2\/media?parent=11883"}],"wp:term":[{"taxonomy":"product_cat","embeddable":true,"href":"https:\/\/viettourist.asia\/de\/wp-json\/wp\/v2\/product_cat?post=11883"},{"taxonomy":"product_tag","embeddable":true,"href":"https:\/\/viettourist.asia\/de\/wp-json\/wp\/v2\/product_tag?post=11883"}],"curies":[{"name":"wp","href":"https:\/\/api.w.org\/{rel}","templated":true}]}}