{"id":9494,"date":"2024-06-24T08:53:54","date_gmt":"2024-06-24T08:53:54","guid":{"rendered":"https:\/\/dev5.knok-studios.com\/?post_type=product&#038;p=9494"},"modified":"2024-12-17T09:43:10","modified_gmt":"2024-12-17T09:43:10","slug":"vietnamska-odysea-udrzitelna-cesta-ze-severu-na-jih-12d-11n","status":"publish","type":"product","link":"https:\/\/viettourist.asia\/cs\/turne\/vietnamska-odysea-udrzitelna-cesta-ze-severu-na-jih-12d-11n\/","title":{"rendered":"Vietnamsk\u00e1 odysea 13 dn\u00ed \/ 12 noc\u00ed"},"content":{"rendered":"<h2>P\u0159ehled<\/h2>\n<p>Journey from North to South\u201d \u2013 pe\u010dliv\u011b vytvo\u0159en\u00e9 dobrodru\u017estv\u00ed, kter\u00e9 hladce spojuje dechberouc\u00ed krajinu, bohat\u00e9 kulturn\u00ed z\u00e1\u017eitky a ekologicky uv\u011bdom\u011bl\u00e9 cestovn\u00ed praktiky. P\u0159ipojte se k n\u00e1m, kdy\u017e se pono\u0159\u00edme do pulzuj\u00edc\u00ed tapis\u00e9rie Vietnamu, od starobyl\u00fdch ulic Hanoje po ru\u0161nou energii Ho \u010ci Minova M\u011bsta, a to v\u0161e p\u0159i zachov\u00e1n\u00ed na\u0161eho z\u00e1vazku k zachov\u00e1n\u00ed t\u00e9to okouzluj\u00edc\u00ed p\u0159\u00edrodn\u00ed kr\u00e1sy a kulturn\u00edho d\u011bdictv\u00ed. je \u010das prozkoumat Vietnam odpov\u011bdn\u00fdm zp\u016fsobem.<\/p>","protected":false},"excerpt":{"rendered":"<p>Overview Journey from North to South&#8221; \u2013 a meticulously crafted adventure that seamlessly blends breathtaking landscapes, rich cultural experiences, and eco-conscious travel practices. Join us as we delve into the vibrant tapestry of Vietnam, from the ancient streets of Hanoi to the bustling energy of Ho Chi Minh City, all while staying true to our [&hellip;]<\/p>\n","protected":false},"featured_media":9506,"template":"","meta":[],"product_cat":[88,89,90,92,86,103],"product_tag":[],"class_list":{"0":"post-9494","1":"product","2":"type-product","3":"status-publish","4":"has-post-thumbnail","6":"brw_tour_themes-culture","7":"brw_tour_themes-discover","8":"brw_tour_themes-family","9":"brw_tour_themes-group","10":"brw_tour_themes-luxury","11":"product_cat-culture","12":"product_cat-discover","13":"product_cat-family","14":"product_cat-group","15":"product_cat-luxury","16":"product_cat-tour-themes","18":"first","19":"instock","20":"shipping-taxable","21":"product-type-ovabrw_car_rental"},"_links":{"self":[{"href":"https:\/\/viettourist.asia\/cs\/wp-json\/wp\/v2\/product\/9494"}],"collection":[{"href":"https:\/\/viettourist.asia\/cs\/wp-json\/wp\/v2\/product"}],"about":[{"href":"https:\/\/viettourist.asia\/cs\/wp-json\/wp\/v2\/types\/product"}],"version-history":[{"count":8,"href":"https:\/\/viettourist.asia\/cs\/wp-json\/wp\/v2\/product\/9494\/revisions"}],"predecessor-version":[{"id":11959,"href":"https:\/\/viettourist.asia\/cs\/wp-json\/wp\/v2\/product\/9494\/revisions\/11959"}],"wp:featuredmedia":[{"embeddable":true,"href":"https:\/\/viettourist.asia\/cs\/wp-json\/wp\/v2\/media\/9506"}],"wp:attachment":[{"href":"https:\/\/viettourist.asia\/cs\/wp-json\/wp\/v2\/media?parent=9494"}],"wp:term":[{"taxonomy":"product_cat","embeddable":true,"href":"https:\/\/viettourist.asia\/cs\/wp-json\/wp\/v2\/product_cat?post=9494"},{"taxonomy":"product_tag","embeddable":true,"href":"https:\/\/viettourist.asia\/cs\/wp-json\/wp\/v2\/product_tag?post=9494"}],"curies":[{"name":"wp","href":"https:\/\/api.w.org\/{rel}","templated":true}]}}