{"id":9481,"date":"2024-06-24T05:36:21","date_gmt":"2024-06-24T05:36:21","guid":{"rendered":"https:\/\/dev5.knok-studios.com\/?post_type=product&#038;p=9481"},"modified":"2024-12-17T09:50:27","modified_gmt":"2024-12-17T09:50:27","slug":"hanoj-a-zaliv-ha-long-4d-3n","status":"publish","type":"product","link":"https:\/\/viettourist.asia\/cs\/turne\/hanoj-a-zaliv-ha-long-4d-3n\/","title":{"rendered":"Hano\u00ef a Halong Bay 4 dny \/ 3 noci"},"content":{"rendered":"<h2>P\u0159ehled<\/h2>\n<p><span style=\"font-weight: 400;\">Z\u00e1toka Ha Long, prohl\u00e1\u0161en\u00e1 organizac\u00ed UNESCO za sv\u011btov\u00e9 d\u011bdictv\u00ed, je jednou z nejpozoruhodn\u011bj\u0161\u00edch p\u0159\u00edrodn\u00edch atrakc\u00ed Vietnamu, kter\u00e1 byla v roce 1994 prohl\u00e1\u0161ena organizac\u00ed UNESCO za sv\u011btov\u00e9 p\u0159\u00edrodn\u00ed d\u011bdictv\u00ed. Z\u00e1toka se nach\u00e1z\u00ed asi 200 km od Hanoje a rozkl\u00e1d\u00e1 se na plo\u0161e v\u00edce ne\u017e 1500 kilometr\u016f \u010dtvere\u010dn\u00edch a je poseta tis\u00edci v\u00e1pencov\u00fdmi sochami, kter\u00e9 se zvedaj\u00ed z \u010dist\u00e9 zelen\u00e9 vody. P\u0159ij\u010fte se pod\u00edvat, jak Vietnamci \u0159\u00edkaj\u00ed \u201esestupuj\u00edc\u00ed drak\u201c<\/span><\/p>","protected":false},"excerpt":{"rendered":"<p>Overview Declared as a World Heritage site by the UNESCO, Ha Long Bay is one of Vietnam\u2019s most spectacular natural attractions, which was declared a World Natural Heritage site by UNESCO in 1994. Located around 200 km out of Hanoi, the bay covers an area of more than 1500 square kilometers and is dotted with [&hellip;]<\/p>\n","protected":false},"featured_media":9505,"template":"","meta":[],"product_cat":[15,88,89,90,92,93,86,103],"product_tag":[],"class_list":{"0":"post-9481","1":"product","2":"type-product","3":"status-publish","4":"has-post-thumbnail","6":"brw_tour_themes-culture","7":"brw_tour_themes-discover","8":"brw_tour_themes-family","9":"brw_tour_themes-group","10":"brw_tour_themes-honeymoon","11":"brw_tour_themes-luxury","12":"product_cat-uncategorized","13":"product_cat-culture","14":"product_cat-discover","15":"product_cat-family","16":"product_cat-group","17":"product_cat-honeymoon","18":"product_cat-luxury","19":"product_cat-tour-themes","21":"first","22":"instock","23":"shipping-taxable","24":"product-type-ovabrw_car_rental"},"_links":{"self":[{"href":"https:\/\/viettourist.asia\/cs\/wp-json\/wp\/v2\/product\/9481"}],"collection":[{"href":"https:\/\/viettourist.asia\/cs\/wp-json\/wp\/v2\/product"}],"about":[{"href":"https:\/\/viettourist.asia\/cs\/wp-json\/wp\/v2\/types\/product"}],"version-history":[{"count":5,"href":"https:\/\/viettourist.asia\/cs\/wp-json\/wp\/v2\/product\/9481\/revisions"}],"predecessor-version":[{"id":11880,"href":"https:\/\/viettourist.asia\/cs\/wp-json\/wp\/v2\/product\/9481\/revisions\/11880"}],"wp:featuredmedia":[{"embeddable":true,"href":"https:\/\/viettourist.asia\/cs\/wp-json\/wp\/v2\/media\/9505"}],"wp:attachment":[{"href":"https:\/\/viettourist.asia\/cs\/wp-json\/wp\/v2\/media?parent=9481"}],"wp:term":[{"taxonomy":"product_cat","embeddable":true,"href":"https:\/\/viettourist.asia\/cs\/wp-json\/wp\/v2\/product_cat?post=9481"},{"taxonomy":"product_tag","embeddable":true,"href":"https:\/\/viettourist.asia\/cs\/wp-json\/wp\/v2\/product_tag?post=9481"}],"curies":[{"name":"wp","href":"https:\/\/api.w.org\/{rel}","templated":true}]}}