{"id":9472,"date":"2024-06-24T05:12:29","date_gmt":"2024-06-24T05:12:29","guid":{"rendered":"https:\/\/dev5.knok-studios.com\/?post_type=product&#038;p=9472"},"modified":"2024-12-17T09:48:26","modified_gmt":"2024-12-17T09:48:26","slug":"ha-giang-jeep-tour-4d-3n","status":"publish","type":"product","link":"https:\/\/viettourist.asia\/cs\/turne\/ha-giang-jeep-tour-4d-3n\/","title":{"rendered":"Ha Giang Jeep Tour 5 dn\u00ed \/ 4 noci"},"content":{"rendered":"<h2>P\u0159ehled<\/h2>\n<p><span style=\"font-weight: 400;\">Na\u0161e prohl\u00eddka se m\u016f\u017ee p\u0159izp\u016fsobit va\u0161im pot\u0159eb\u00e1m a pokud je n\u011bkde, kam se konkr\u00e9tn\u011b chcete pod\u00edvat, dejte n\u00e1m v\u011bd\u011bt. B\u011bhem prohl\u00eddky m\u00e1te v\u0161e pod kontrolou a kdykoli budete cht\u00edt Jeep zastavit a u\u017e\u00edt si v\u00fdhled nebo vyfotit, pak to lze snadno prov\u00e9st. Objevte poho\u0159\u00ed Ha Giang a jeho slavn\u00e9 klikat\u00e9 silnice na palub\u011b d\u017e\u00edpu. Zastavte se a zv\u011b\u010dn\u011bte si scen\u00e9rii n\u00e1dhern\u00e9 hory severn\u00edho Vietnamu<\/span><\/p>","protected":false},"excerpt":{"rendered":"<p>Overview Our tour can tailor to your needs and if there is anywhere you specifically want to see just let us know. During the tour you are in control and anytime you want to stop the Jeep to enjoy a view or take a picture then it is easily done. Discover the Ha Giang Mountain [&hellip;]<\/p>\n","protected":false},"featured_media":11924,"template":"","meta":[],"product_cat":[87,88,89,90,92,103],"product_tag":[],"class_list":{"0":"post-9472","1":"product","2":"type-product","3":"status-publish","4":"has-post-thumbnail","6":"brw_tour_themes-adventure","7":"brw_tour_themes-culture","8":"brw_tour_themes-discover","9":"brw_tour_themes-family","10":"brw_tour_themes-group","11":"product_cat-adventure","12":"product_cat-culture","13":"product_cat-discover","14":"product_cat-family","15":"product_cat-group","16":"product_cat-tour-themes","18":"first","19":"instock","20":"shipping-taxable","21":"product-type-ovabrw_car_rental"},"_links":{"self":[{"href":"https:\/\/viettourist.asia\/cs\/wp-json\/wp\/v2\/product\/9472"}],"collection":[{"href":"https:\/\/viettourist.asia\/cs\/wp-json\/wp\/v2\/product"}],"about":[{"href":"https:\/\/viettourist.asia\/cs\/wp-json\/wp\/v2\/types\/product"}],"version-history":[{"count":3,"href":"https:\/\/viettourist.asia\/cs\/wp-json\/wp\/v2\/product\/9472\/revisions"}],"predecessor-version":[{"id":11874,"href":"https:\/\/viettourist.asia\/cs\/wp-json\/wp\/v2\/product\/9472\/revisions\/11874"}],"wp:featuredmedia":[{"embeddable":true,"href":"https:\/\/viettourist.asia\/cs\/wp-json\/wp\/v2\/media\/11924"}],"wp:attachment":[{"href":"https:\/\/viettourist.asia\/cs\/wp-json\/wp\/v2\/media?parent=9472"}],"wp:term":[{"taxonomy":"product_cat","embeddable":true,"href":"https:\/\/viettourist.asia\/cs\/wp-json\/wp\/v2\/product_cat?post=9472"},{"taxonomy":"product_tag","embeddable":true,"href":"https:\/\/viettourist.asia\/cs\/wp-json\/wp\/v2\/product_tag?post=9472"}],"curies":[{"name":"wp","href":"https:\/\/api.w.org\/{rel}","templated":true}]}}