{"id":9455,"date":"2024-06-24T04:26:00","date_gmt":"2024-06-24T04:26:00","guid":{"rendered":"https:\/\/dev5.knok-studios.com\/?post_type=product&#038;p=9455"},"modified":"2024-12-17T09:50:50","modified_gmt":"2024-12-17T09:50:50","slug":"stredni-vietnam-5d-4n","status":"publish","type":"product","link":"https:\/\/viettourist.asia\/cs\/turne\/stredni-vietnam-5d-4n\/","title":{"rendered":"St\u0159edn\u00ed Vietnam 5 dn\u00ed \/ 4 noci"},"content":{"rendered":"<h2>P\u0159ehled<\/h2>\n<p><span style=\"font-weight: 400;\">Za\u017eijte st\u0159edn\u00ed Vietnam a objevte starobylou kr\u00e1lovskou zemi Hue a\u017e po koloni\u00e1ln\u00ed majest\u00e1tnost Hoi An a u\u017eijte si pl\u00e1\u017eov\u00fd luxus v Danangu.\u00a0<\/span><\/p>\n<p><span style=\"font-weight: 400;\">Hue, star\u00e9 c\u00edsa\u0159sk\u00e9 m\u011bsto, kter\u00e9 slou\u017eilo jako hlavn\u00ed m\u011bsto Vietnamu za c\u00edsa\u0159\u016f dynastie Nguyen v letech 1802 a\u017e 1945. V\u00fdlet bude pokra\u010dovat malebn\u00fdm m\u011bste\u010dkem Hoi An, jedn\u00edm z hlavn\u00edch obchodn\u00edch p\u0159\u00edstav\u016f v jihov\u00fdchodn\u00ed Asii mezi 17. a 19. stolet\u00edm, n\u00e1v\u0161t\u011bvou Mramorov\u00fdch hor (&quot;P\u011bt prvk\u016f&quot; a proslavila se tam vesnice &quot;P\u011bt prvk\u016f&quot; pro v\u00fdrobu kamenn\u00fdch soch. Zejm\u00e9na v\u00fdlet d\u0159ev\u011bnou lod\u00ed na ostrov Cham \u2013 nav\u0161t\u00edvit tradi\u010dn\u00ed ryb\u00e1\u0159skou vesnici a u\u017e\u00edt si \u0161norchlov\u00e1n\u00ed nebo pot\u00e1p\u011bn\u00ed.<\/span><\/p>","protected":false},"excerpt":{"rendered":"<p>Overview Experience the Central Vietnam and discover the ancient royalty of Hue to the colonial grandeur of Hoi An while enjoying beach luxury in Danang.\u00a0 Hue, the old Imperial City, which served as Vietnam\u2019s capital under the emperors of the Nguyen Dynasty from 1802 to 1945. The trip will continue with the picturesque town of [&hellip;]<\/p>\n","protected":false},"featured_media":9509,"template":"","meta":[],"product_cat":[88,89,109,90,92,86,103],"product_tag":[],"class_list":{"0":"post-9455","1":"product","2":"type-product","3":"status-publish","4":"has-post-thumbnail","6":"brw_tour_themes-culture","7":"brw_tour_themes-discover","8":"brw_tour_themes-family","9":"brw_tour_themes-group","10":"brw_tour_themes-luxury","11":"product_cat-culture","12":"product_cat-discover","13":"product_cat-education","14":"product_cat-family","15":"product_cat-group","16":"product_cat-luxury","17":"product_cat-tour-themes","19":"first","20":"instock","21":"shipping-taxable","22":"product-type-ovabrw_car_rental"},"_links":{"self":[{"href":"https:\/\/viettourist.asia\/cs\/wp-json\/wp\/v2\/product\/9455"}],"collection":[{"href":"https:\/\/viettourist.asia\/cs\/wp-json\/wp\/v2\/product"}],"about":[{"href":"https:\/\/viettourist.asia\/cs\/wp-json\/wp\/v2\/types\/product"}],"version-history":[{"count":6,"href":"https:\/\/viettourist.asia\/cs\/wp-json\/wp\/v2\/product\/9455\/revisions"}],"predecessor-version":[{"id":11900,"href":"https:\/\/viettourist.asia\/cs\/wp-json\/wp\/v2\/product\/9455\/revisions\/11900"}],"wp:featuredmedia":[{"embeddable":true,"href":"https:\/\/viettourist.asia\/cs\/wp-json\/wp\/v2\/media\/9509"}],"wp:attachment":[{"href":"https:\/\/viettourist.asia\/cs\/wp-json\/wp\/v2\/media?parent=9455"}],"wp:term":[{"taxonomy":"product_cat","embeddable":true,"href":"https:\/\/viettourist.asia\/cs\/wp-json\/wp\/v2\/product_cat?post=9455"},{"taxonomy":"product_tag","embeddable":true,"href":"https:\/\/viettourist.asia\/cs\/wp-json\/wp\/v2\/product_tag?post=9455"}],"curies":[{"name":"wp","href":"https:\/\/api.w.org\/{rel}","templated":true}]}}