{"id":12627,"date":"2025-05-13T10:36:07","date_gmt":"2025-05-13T10:36:07","guid":{"rendered":"https:\/\/viettourist.asia\/?post_type=product&#038;p=12627"},"modified":"2025-05-19T06:36:55","modified_gmt":"2025-05-19T06:36:55","slug":"18d17n-jizni-az-severni-vietnam","status":"publish","type":"product","link":"https:\/\/viettourist.asia\/cs\/turne\/18d17n-jizni-az-severni-vietnam\/","title":{"rendered":"18D17N Ji\u017en\u00ed a\u017e severn\u00ed Vietnam"},"content":{"rendered":"<p class=\"\" data-start=\"160\" data-end=\"627\">Od ru\u0161n\u00fdch saigonsk\u00fdch bulv\u00e1r\u016f a\u017e po mlhav\u00e9 hory Sapy, za\u017eijte Vietnam v cel\u00e9 jeho rozmanitosti na t\u00e9to nezapomenuteln\u00e9 16denn\u00ed cest\u011b z jihu na sever. Tento pe\u010dliv\u011b sestaven\u00fd itiner\u00e1\u0159 v\u00e1s provede pulzuj\u00edc\u00edmi plovouc\u00edmi trhy delty Mekongu v Can Tho, imperi\u00e1ln\u00ed eleganc\u00ed Hue, kouzlem Hoi Anu osv\u011btlen\u00fdm lucernami a dynamickou sm\u011bsic\u00ed moderny a d\u011bdictv\u00ed v Danangu.<\/p>\n<p class=\"\" data-start=\"629\" data-end=\"895\">P\u0159i cest\u011b na sever v\u00e1s okouzl\u00ed kulturn\u00ed srdce Hanoje a \u00fachvatn\u00e1 v\u00e1pencov\u00e1 p\u0159\u00edmo\u0159sk\u00e1 krajina z\u00e1livu Ha Long. Nakonec se vydejte do zelen\u00e9 vyso\u010diny Sapy, kde v\u00e1s s v\u0159elost\u00ed a \u00fa\u017easem p\u0159iv\u00edtaj\u00ed terasovit\u00e1 r\u00fd\u017eov\u00e1 pole a vesnice etnick\u00fdch men\u0161in.<\/p>\n<p class=\"\" data-start=\"897\" data-end=\"1152\">A\u0165 u\u017e v\u00e1s v\u00e1\u0161niv\u011b zaj\u00edm\u00e1 historie, j\u00eddlo, krajina nebo m\u00edstn\u00ed tradice, tato cesta nab\u00edz\u00ed dokonalou sm\u011bs ikonick\u00fdch pam\u00e1tek, autentick\u00fdch setk\u00e1n\u00ed a nezapomenuteln\u00fdch z\u00e1\u017eitk\u016f \u2013 to v\u0161e je navr\u017eeno s ohledem na pohodl\u00ed, objevov\u00e1n\u00ed a udr\u017eitelnost.<\/p>","protected":false},"excerpt":{"rendered":"<p>From the buzzing boulevards of Saigon to the misty mountains of Sapa, experience Vietnam in its full diversity on this unforgettable 16-day journey from South to North. This carefully curated itinerary takes you through the vibrant floating markets of the Mekong Delta in Can Tho, the imperial elegance of Hue, the lantern-lit charm of Hoi [&hellip;]<\/p>\n","protected":false},"featured_media":9542,"template":"","meta":[],"product_cat":[89,103],"product_tag":[246,247],"class_list":{"0":"post-12627","1":"product","2":"type-product","3":"status-publish","4":"has-post-thumbnail","6":"brw_tour_themes-discover","7":"product_cat-discover","8":"product_cat-tour-themes","9":"product_tag-discover","10":"product_tag-vietnam","12":"first","13":"instock","14":"shipping-taxable","15":"product-type-ovabrw_car_rental"},"_links":{"self":[{"href":"https:\/\/viettourist.asia\/cs\/wp-json\/wp\/v2\/product\/12627"}],"collection":[{"href":"https:\/\/viettourist.asia\/cs\/wp-json\/wp\/v2\/product"}],"about":[{"href":"https:\/\/viettourist.asia\/cs\/wp-json\/wp\/v2\/types\/product"}],"version-history":[{"count":1,"href":"https:\/\/viettourist.asia\/cs\/wp-json\/wp\/v2\/product\/12627\/revisions"}],"predecessor-version":[{"id":12628,"href":"https:\/\/viettourist.asia\/cs\/wp-json\/wp\/v2\/product\/12627\/revisions\/12628"}],"wp:featuredmedia":[{"embeddable":true,"href":"https:\/\/viettourist.asia\/cs\/wp-json\/wp\/v2\/media\/9542"}],"wp:attachment":[{"href":"https:\/\/viettourist.asia\/cs\/wp-json\/wp\/v2\/media?parent=12627"}],"wp:term":[{"taxonomy":"product_cat","embeddable":true,"href":"https:\/\/viettourist.asia\/cs\/wp-json\/wp\/v2\/product_cat?post=12627"},{"taxonomy":"product_tag","embeddable":true,"href":"https:\/\/viettourist.asia\/cs\/wp-json\/wp\/v2\/product_tag?post=12627"}],"curies":[{"name":"wp","href":"https:\/\/api.w.org\/{rel}","templated":true}]}}