{"id":12621,"date":"2025-05-12T10:08:54","date_gmt":"2025-05-12T10:08:54","guid":{"rendered":"https:\/\/viettourist.asia\/?post_type=product&#038;p=12621"},"modified":"2025-05-19T06:37:16","modified_gmt":"2025-05-19T06:37:16","slug":"11-dni-a-10-noci-pohled-na-vietnam","status":"publish","type":"product","link":"https:\/\/viettourist.asia\/cs\/turne\/11-dni-a-10-noci-pohled-na-vietnam\/","title":{"rendered":"13 dn\u00ed 12 noc\u00ed \u2013 Pohled na Vietnam"},"content":{"rendered":"<p>Objevte du\u0161i Vietnamu na t\u00e9to pohlcuj\u00edc\u00ed cest\u011b z jihu na sever. Za\u010dn\u011bte v pulzuj\u00edc\u00edm srdci Saigonu, proje\u010fte se poklidn\u00fdmi vodn\u00edmi cestami delty Mekongu v Can Tho, projd\u011bte se po osv\u011btlen\u00fdch ulic\u00edch okouzluj\u00edc\u00edho Hoi An, za\u017eijte energii a eleganci Hanoje a zakon\u010dete sv\u00e9 dobrodru\u017estv\u00ed uprost\u0159ed \u00fachvatn\u00fdch v\u00e1pencov\u00fdch kras\u016f z\u00e1livu Ha Long.<br data-start=\"547\" data-end=\"550\" data-is-only-node=\"\" \/>Tento z\u00e1jezd je va\u0161\u00edm dokonal\u00fdm \u00favodem do bohat\u00e9 vietnamsk\u00e9 kultury, historie, kuchyn\u011b a krajiny \u2013 ide\u00e1ln\u00ed pro ty, kte\u0159\u00ed p\u0159ij\u00ed\u017ed\u011bj\u00ed poprv\u00e9, nebo pro ty, kte\u0159\u00ed hledaj\u00ed v\u0161estrann\u00fd a nezapomenuteln\u00fd z\u00e1\u017eitek.<\/p>","protected":false},"excerpt":{"rendered":"<p>Discover the soul of Vietnam on this immersive journey from south to north. Begin in the vibrant heart of Saigon, cruise through the peaceful waterways of the Mekong Delta in Can Tho, wander the lantern-lit streets of charming Hoi An, experience the energy and elegance of Hanoi, and conclude your adventure amid the breathtaking limestone [&hellip;]<\/p>\n","protected":false},"featured_media":12464,"template":"","meta":[],"product_cat":[89,103],"product_tag":[246],"class_list":{"0":"post-12621","1":"product","2":"type-product","3":"status-publish","4":"has-post-thumbnail","6":"brw_tour_themes-discover","7":"product_cat-discover","8":"product_cat-tour-themes","9":"product_tag-discover","11":"first","12":"instock","13":"shipping-taxable","14":"product-type-ovabrw_car_rental"},"_links":{"self":[{"href":"https:\/\/viettourist.asia\/cs\/wp-json\/wp\/v2\/product\/12621"}],"collection":[{"href":"https:\/\/viettourist.asia\/cs\/wp-json\/wp\/v2\/product"}],"about":[{"href":"https:\/\/viettourist.asia\/cs\/wp-json\/wp\/v2\/types\/product"}],"version-history":[{"count":2,"href":"https:\/\/viettourist.asia\/cs\/wp-json\/wp\/v2\/product\/12621\/revisions"}],"predecessor-version":[{"id":12626,"href":"https:\/\/viettourist.asia\/cs\/wp-json\/wp\/v2\/product\/12621\/revisions\/12626"}],"wp:featuredmedia":[{"embeddable":true,"href":"https:\/\/viettourist.asia\/cs\/wp-json\/wp\/v2\/media\/12464"}],"wp:attachment":[{"href":"https:\/\/viettourist.asia\/cs\/wp-json\/wp\/v2\/media?parent=12621"}],"wp:term":[{"taxonomy":"product_cat","embeddable":true,"href":"https:\/\/viettourist.asia\/cs\/wp-json\/wp\/v2\/product_cat?post=12621"},{"taxonomy":"product_tag","embeddable":true,"href":"https:\/\/viettourist.asia\/cs\/wp-json\/wp\/v2\/product_tag?post=12621"}],"curies":[{"name":"wp","href":"https:\/\/api.w.org\/{rel}","templated":true}]}}