{"id":12616,"date":"2025-05-12T09:44:53","date_gmt":"2025-05-12T09:44:53","guid":{"rendered":"https:\/\/viettourist.asia\/?post_type=product&#038;p=12616"},"modified":"2025-05-19T06:37:49","modified_gmt":"2025-05-19T06:37:49","slug":"12-dni-a-11-noci-prozkoumejte-vietnam","status":"publish","type":"product","link":"https:\/\/viettourist.asia\/cs\/turne\/12-dni-a-11-noci-prozkoumejte-vietnam\/","title":{"rendered":"12 dn\u00ed a 11 noc\u00ed \u2013 prozkoumejte Vietnam"},"content":{"rendered":"<p class=\"\" data-start=\"213\" data-end=\"291\"><strong data-start=\"213\" data-end=\"291\">Od nad\u010dasov\u00e9ho kouzla Hanoje k pulzuj\u00edc\u00ed energii Ho \u010ci Minova M\u011bsta<\/strong><\/p>\n<p class=\"\" data-start=\"293\" data-end=\"662\">Vydejte se na nezapomenutelnou cestu srdcem Vietnamu s na\u0161\u00edm <strong data-start=\"366\" data-end=\"399\">Pr\u016fzkumn\u00fd z\u00e1jezd do Vietnamu 12D\/11N<\/strong>Tento pe\u010dliv\u011b sestaven\u00fd itiner\u00e1\u0159 v\u00e1s zavede od historick\u00fdch div\u016f\u2026 <strong data-start=\"475\" data-end=\"484\">Hanoj<\/strong> do \u00fachvatn\u00fdch v\u00e1pencov\u00fdch krajin <strong data-start=\"529\" data-end=\"544\">Z\u00e1toka Ha Long<\/strong>, imperi\u00e1ln\u00ed d\u011bdictv\u00ed <strong data-start=\"569\" data-end=\"576\">Hue<\/strong>, pob\u0159e\u017en\u00ed kr\u00e1sa <strong data-start=\"600\" data-end=\"610\">Danang<\/strong>a ru\u0161n\u00e1 moderna <strong data-start=\"641\" data-end=\"661\">Ho \u010ci Minovo m\u011bsto<\/strong>.<\/p>\n<p class=\"\" data-start=\"664\" data-end=\"1009\">A\u0165 u\u017e jste n\u00e1v\u0161t\u011bvn\u00edkem poprv\u00e9 nebo se vrac\u00edte, tento z\u00e1jezd nab\u00edz\u00ed perfektn\u00ed kombinaci <strong data-start=\"761\" data-end=\"802\">kultura, p\u0159\u00edroda, historie a kuchyn\u011b<\/strong>Za\u017eijte tradi\u010dn\u00ed vodn\u00ed loutk\u00e1\u0159stv\u00ed, proje\u010fte se mezi smaragdov\u00fdmi ostrovy, prozkoumejte starobyl\u00e9 citadely a kr\u00e1lovsk\u00e9 hrobky, relaxujte na sluncem zalit\u00fdch pl\u00e1\u017e\u00edch a pono\u0159te se do dynamick\u00e9ho rytmu nejv\u011bt\u0161\u00ed vietnamsk\u00e9 metropole.<\/p>\n<p class=\"\" data-start=\"1011\" data-end=\"1187\">S odborn\u00fdmi pr\u016fvodci, pohodln\u00fdm ubytov\u00e1n\u00edm a pohlcuj\u00edc\u00edmi m\u00edstn\u00edmi z\u00e1\u017eitky toto dobrodru\u017estv\u00ed slibuje nejen dovolenou, ale i hlub\u0161\u00ed spojen\u00ed s duchem Vietnamu.<\/p>","protected":false},"excerpt":{"rendered":"<p>From the Timeless Charm of Hanoi to the Vibrant Energy of Ho Chi Minh City Embark on an unforgettable journey through the heart of Vietnam with our 12D\/11N Explorer Vietnam Tour. This carefully curated itinerary takes you from the historical wonders of Hanoi to the breathtaking limestone landscapes of Ha Long Bay, the imperial legacy [&hellip;]<\/p>\n","protected":false},"featured_media":12463,"template":"","meta":[],"product_cat":[89,103],"product_tag":[246],"class_list":{"0":"post-12616","1":"product","2":"type-product","3":"status-publish","4":"has-post-thumbnail","6":"brw_tour_themes-discover","7":"product_cat-discover","8":"product_cat-tour-themes","9":"product_tag-discover","11":"first","12":"instock","13":"shipping-taxable","14":"product-type-ovabrw_car_rental"},"_links":{"self":[{"href":"https:\/\/viettourist.asia\/cs\/wp-json\/wp\/v2\/product\/12616"}],"collection":[{"href":"https:\/\/viettourist.asia\/cs\/wp-json\/wp\/v2\/product"}],"about":[{"href":"https:\/\/viettourist.asia\/cs\/wp-json\/wp\/v2\/types\/product"}],"version-history":[{"count":1,"href":"https:\/\/viettourist.asia\/cs\/wp-json\/wp\/v2\/product\/12616\/revisions"}],"predecessor-version":[{"id":12617,"href":"https:\/\/viettourist.asia\/cs\/wp-json\/wp\/v2\/product\/12616\/revisions\/12617"}],"wp:featuredmedia":[{"embeddable":true,"href":"https:\/\/viettourist.asia\/cs\/wp-json\/wp\/v2\/media\/12463"}],"wp:attachment":[{"href":"https:\/\/viettourist.asia\/cs\/wp-json\/wp\/v2\/media?parent=12616"}],"wp:term":[{"taxonomy":"product_cat","embeddable":true,"href":"https:\/\/viettourist.asia\/cs\/wp-json\/wp\/v2\/product_cat?post=12616"},{"taxonomy":"product_tag","embeddable":true,"href":"https:\/\/viettourist.asia\/cs\/wp-json\/wp\/v2\/product_tag?post=12616"}],"curies":[{"name":"wp","href":"https:\/\/api.w.org\/{rel}","templated":true}]}}