{"id":12586,"date":"2025-05-05T04:07:12","date_gmt":"2025-05-05T04:07:12","guid":{"rendered":"https:\/\/viettourist.asia\/?post_type=product&#038;p=12586"},"modified":"2025-05-12T08:58:32","modified_gmt":"2025-05-12T08:58:32","slug":"vietnam-musi-videt-13-dni-10-noci-oprava-odjezdu-francouzsky-mluvici","status":"publish","type":"product","link":"https:\/\/viettourist.asia\/cs\/turne\/vietnam-musi-videt-13-dni-10-noci-oprava-odjezdu-francouzsky-mluvici\/","title":{"rendered":"Vietnam Panorama 13 dn\u00ed 10 noc\u00ed s pevnou odletovou trasou, francouzsky mluv\u00edc\u00ed"},"content":{"rendered":"<p>\u2714 Mal\u00e1 skupina pro velk\u00e9 objevy: omezeno na 19 osob, aby se udr\u017eel velmi dobr\u00fd rytmus cestov\u00e1n\u00ed a setk\u00e1n\u00ed ve vnitrozem\u00ed.<br \/>\n\u2714 Odjezdy jsou garantov\u00e1ny od 2 osob.<br \/>\n\u2714 Pam\u00e1tky, kter\u00e9 mus\u00edte vid\u011bt od severu k jihu, \u0161irok\u00e1 \u0161k\u00e1la aktivit: v\u00fdlety lod\u00ed nebo parn\u00edky, cyklistick\u00e9 v\u00fdlety, rik\u0161i, no\u010dn\u00ed vlaky, vnitrost\u00e1tn\u00ed lety\u2026<br \/>\n\u2714 Mimo masovou turistiku: m\u011bsto Hon Gai, nov\u00e1 destinace, n\u011bkolik proch\u00e1zek v autentick\u00fdch vesnic\u00edch.<br \/>\n\u2714 Z\u00e1\u017eitky: kurz va\u0159en\u00ed v Tra Que, p\u0159\u00edprava jarn\u00edch z\u00e1vitk\u016f nebo \u201ebanh xeo\u201c s hostitelskou rodinou\u2026<br \/>\n\u2714 Jedna noc vlakem Hanoj\/Hue, kv\u016fli bl\u00edzkosti are\u00e1lu, s mo\u017enost\u00ed nahrazen\u00ed letem Hanoj\/Hue.<br \/>\n\u2714 P\u011bkn\u00e1 nab\u00eddka ubytov\u00e1n\u00ed: 7 noc\u00ed ve 4* hotelech a 2 noci v dobr\u00fdch 3* hotelech, velmi dob\u0159e vybran\u00e9.<br \/>\n\u2714 Kr\u00e1sn\u00e1 4* varianta pro okouzluj\u00edc\u00ed plavbu na \u010dlunu po z\u00e1livu Ha Long.<\/p>","protected":false},"excerpt":{"rendered":"<p>\u2714 Small group for great discoveries: limited to 19 people to maintain a very good rhythm of travel and meetings in the interior of the country. \u2714 Departures are guaranteed from 2 people. \u2714 The must-see sites from North to South, a wide variety of activities: boat or boat trips, bike rides, pedicabs, night trains, [&hellip;]<\/p>\n","protected":false},"featured_media":12587,"template":"","meta":[],"product_cat":[103,87,88,89,90,92],"product_tag":[257,246,263,264,265],"class_list":{"0":"post-12586","1":"product","2":"type-product","3":"status-publish","4":"has-post-thumbnail","6":"brw_tour_themes-discover","7":"brw_tour_themes-family","8":"brw_tour_themes-group","9":"product_cat-tour-themes","10":"product_cat-adventure","11":"product_cat-culture","12":"product_cat-discover","13":"product_cat-family","14":"product_cat-group","15":"product_tag-adventure","16":"product_tag-discover","17":"product_tag-fix-departure","18":"product_tag-gir","19":"product_tag-groupe-2","21":"first","22":"instock","23":"shipping-taxable","24":"product-type-ovabrw_car_rental"},"_links":{"self":[{"href":"https:\/\/viettourist.asia\/cs\/wp-json\/wp\/v2\/product\/12586"}],"collection":[{"href":"https:\/\/viettourist.asia\/cs\/wp-json\/wp\/v2\/product"}],"about":[{"href":"https:\/\/viettourist.asia\/cs\/wp-json\/wp\/v2\/types\/product"}],"version-history":[{"count":3,"href":"https:\/\/viettourist.asia\/cs\/wp-json\/wp\/v2\/product\/12586\/revisions"}],"predecessor-version":[{"id":12602,"href":"https:\/\/viettourist.asia\/cs\/wp-json\/wp\/v2\/product\/12586\/revisions\/12602"}],"wp:featuredmedia":[{"embeddable":true,"href":"https:\/\/viettourist.asia\/cs\/wp-json\/wp\/v2\/media\/12587"}],"wp:attachment":[{"href":"https:\/\/viettourist.asia\/cs\/wp-json\/wp\/v2\/media?parent=12586"}],"wp:term":[{"taxonomy":"product_cat","embeddable":true,"href":"https:\/\/viettourist.asia\/cs\/wp-json\/wp\/v2\/product_cat?post=12586"},{"taxonomy":"product_tag","embeddable":true,"href":"https:\/\/viettourist.asia\/cs\/wp-json\/wp\/v2\/product_tag?post=12586"}],"curies":[{"name":"wp","href":"https:\/\/api.w.org\/{rel}","templated":true}]}}