{"id":12521,"date":"2025-01-06T06:52:09","date_gmt":"2025-01-06T06:52:09","guid":{"rendered":"https:\/\/viettourist.asia\/?post_type=product&#038;p=12521"},"modified":"2025-01-06T07:03:36","modified_gmt":"2025-01-06T07:03:36","slug":"objevte-podstatu-vietnamu-10d9n-vietnam-highlight-plavba-po-mekongu","status":"publish","type":"product","link":"https:\/\/viettourist.asia\/cs\/turne\/objevte-podstatu-vietnamu-10d9n-vietnam-highlight-plavba-po-mekongu\/","title":{"rendered":"Objevte podstatu Vietnamu: 10D9N Vietnam Highlight Mekong Cruise"},"content":{"rendered":"<p>Vydejte se na cestu, kter\u00e1 zahrnuje \u017eivou kulturu, dechberouc\u00ed krajinu a nad\u010dasov\u00e9 tradice Vietnamu. Od historick\u00fdch ulic Hanoje po neskute\u010dnou kr\u00e1su z\u00e1livu Lan Ha (Halong Bay) a od ru\u0161n\u00e9 metropole Ho \u010ci Minova M\u011bsta po klidn\u00e9 vody delty Mekongu, tento 10denn\u00ed a 9no\u010dn\u00ed itiner\u00e1\u0159 je sm\u011bs\u00ed dobrodru\u017estv\u00ed, relaxace a objevov\u00e1n\u00ed. Dop\u0159ejte si jedine\u010dn\u00e9 z\u00e1\u017eitky, jako je plavba p\u0159es noc v z\u00e1toce Lan Ha (z\u00e1toka Halong), prozkoum\u00e1v\u00e1n\u00ed p\u016fvabn\u00e9 star\u00e9 \u010dtvrti Hanoje na kole a sv\u011bdky dynamick\u00e9ho \u017eivota pod\u00e9l \u0159eky Mekong. Nechte kouzlo Vietnamu uchv\u00e1tit va\u0161e srdce!<\/p>","protected":false},"excerpt":{"rendered":"<p>Embark on a journey that encapsulates the vibrant culture, breathtaking landscapes, and timeless traditions of Vietnam. From the historic streets of Hanoi to the surreal beauty of Lan Ha Bay (Halong Bay), and from the bustling metropolis of Ho Chi Minh City to the serene waters of the Mekong Delta, this 10-day, 9-night itinerary is [&hellip;]<\/p>\n","protected":false},"featured_media":12463,"template":"","meta":[],"product_cat":[87,88,89,90,92,93,86,103],"product_tag":[261,246,249,262,247],"class_list":{"0":"post-12521","1":"product","2":"type-product","3":"status-publish","4":"has-post-thumbnail","6":"brw_tour_themes-adventure","7":"brw_tour_themes-culture","8":"brw_tour_themes-discover","9":"brw_tour_themes-family","10":"brw_tour_themes-group","11":"brw_tour_themes-honeymoon","12":"brw_tour_themes-luxury","13":"product_cat-adventure","14":"product_cat-culture","15":"product_cat-discover","16":"product_cat-family","17":"product_cat-group","18":"product_cat-honeymoon","19":"product_cat-luxury","20":"product_cat-tour-themes","21":"product_tag-cruise","22":"product_tag-discover","23":"product_tag-experience","24":"product_tag-mekong","25":"product_tag-vietnam","27":"first","28":"instock","29":"shipping-taxable","30":"product-type-ovabrw_car_rental"},"_links":{"self":[{"href":"https:\/\/viettourist.asia\/cs\/wp-json\/wp\/v2\/product\/12521"}],"collection":[{"href":"https:\/\/viettourist.asia\/cs\/wp-json\/wp\/v2\/product"}],"about":[{"href":"https:\/\/viettourist.asia\/cs\/wp-json\/wp\/v2\/types\/product"}],"version-history":[{"count":3,"href":"https:\/\/viettourist.asia\/cs\/wp-json\/wp\/v2\/product\/12521\/revisions"}],"predecessor-version":[{"id":12528,"href":"https:\/\/viettourist.asia\/cs\/wp-json\/wp\/v2\/product\/12521\/revisions\/12528"}],"wp:featuredmedia":[{"embeddable":true,"href":"https:\/\/viettourist.asia\/cs\/wp-json\/wp\/v2\/media\/12463"}],"wp:attachment":[{"href":"https:\/\/viettourist.asia\/cs\/wp-json\/wp\/v2\/media?parent=12521"}],"wp:term":[{"taxonomy":"product_cat","embeddable":true,"href":"https:\/\/viettourist.asia\/cs\/wp-json\/wp\/v2\/product_cat?post=12521"},{"taxonomy":"product_tag","embeddable":true,"href":"https:\/\/viettourist.asia\/cs\/wp-json\/wp\/v2\/product_tag?post=12521"}],"curies":[{"name":"wp","href":"https:\/\/api.w.org\/{rel}","templated":true}]}}