{"id":12512,"date":"2024-12-30T08:03:17","date_gmt":"2024-12-30T08:03:17","guid":{"rendered":"https:\/\/viettourist.asia\/?post_type=product&#038;p=12512"},"modified":"2024-12-30T08:06:59","modified_gmt":"2024-12-30T08:06:59","slug":"objevte-srdce-delty-mekongu-a-2denni-cyklisticke-dobrodruzstvi","status":"publish","type":"product","link":"https:\/\/viettourist.asia\/cs\/turne\/objevte-srdce-delty-mekongu-a-2denni-cyklisticke-dobrodruzstvi\/","title":{"rendered":"Objevte srdce delty Mekongu: Dvoudenn\u00ed cyklistick\u00e9 dobrodru\u017estv\u00ed"},"content":{"rendered":"<p>Vydejte se na nezapomenutelnou dvoudenn\u00ed cestu bujnou, pulzuj\u00edc\u00ed krajinou delty Mekongu na jihu Vietnamu. Tato prohl\u00eddka je ide\u00e1ln\u00ed pro cyklistick\u00e9 nad\u0161ence a kulturn\u00ed pr\u016fzkumn\u00edky, kte\u0159\u00ed se cht\u011bj\u00ed pono\u0159it hluboko do bohat\u00fdch tradic a klidn\u00e9 kr\u00e1sy tohoto ikonick\u00e9ho regionu.<\/p>\n<p>Z ru\u0161n\u00fdch ulic Ho \u010ci Minova M\u011bsta se p\u0159enesete do My Tho, kde za\u010d\u00edn\u00e1 va\u0161e cyklistick\u00e9 dobrodru\u017estv\u00ed. Projd\u011bte se malebn\u00fdmi venkovsk\u00fdmi vesni\u010dkami, ban\u00e1nov\u00fdmi plant\u00e1\u017eemi a poli cukrov\u00e9 t\u0159tiny, kdy\u017e budete proch\u00e1zet \u00fazk\u00fdmi cesti\u010dkami, \u0161t\u011brkov\u00fdmi uli\u010dkami a skryt\u00fdmi vesni\u010dkami. P\u0159eje\u010fte \u0159eky a kan\u00e1ly na m\u00edstn\u00edch trajektech, pono\u0159te se do klidn\u00e9ho rytmu \u017eivota v delt\u011b a u\u017eijte si skv\u011bl\u00fd z\u00e1\u017eitek z j\u00edzdy na kole, kter\u00fd se propl\u00e9t\u00e1 srdcem Vietnamu.<\/p>\n<p>Str\u00e1vte noc na ostrov\u011b Vinh Long, ne\u017e se pono\u0159\u00edte do dal\u0161\u00edho dne objevov\u00e1n\u00ed. Od klidn\u00e9 plavby lod\u00ed po horn\u00edm Mekongu a\u017e po ru\u0161n\u00fd plovouc\u00ed trh Cai Be, budete sv\u011bdky pulzuj\u00edc\u00edho obchodu a jedine\u010dn\u00fdch tradic, kter\u00e9 definuj\u00ed tento region. Prozkoumejte m\u00edstn\u00ed \u0159emesla, jako je v\u00fdroba r\u00fd\u017eov\u00e9ho pap\u00edru a kokosov\u00fdch cukrovinek, a proje\u010fte se bujn\u00fdmi ovocn\u00fdmi sady, kolem khmersk\u00fdch pagod a po klidn\u00fdch stezk\u00e1ch lemovan\u00fdch stromy.<\/p>\n<p>S ka\u017ed\u00fdm oto\u010den\u00edm volantu odhal\u00edte autentick\u00e9 kouzlo a p\u0159\u00edrodn\u00ed kr\u00e1su delty Mekongu, d\u00edky \u010demu\u017e se toto dobrodru\u017estv\u00ed stane skute\u010dn\u011b nezapomenuteln\u00fdm.<\/p>","protected":false},"excerpt":{"rendered":"<p>Embark on an unforgettable two-day journey through the lush, vibrant landscapes of southern Vietnam&#8217;s Mekong Delta. This tour is perfect for cycling enthusiasts and cultural explorers who want to dive deep into the rich traditions and serene beauty of this iconic region. From the bustling streets of Ho Chi Minh City, you\u2019ll be transported to [&hellip;]<\/p>\n","protected":false},"featured_media":12515,"template":"","meta":[],"product_cat":[87,88,89,90,92,103],"product_tag":[252,246,249,247],"class_list":{"0":"post-12512","1":"product","2":"type-product","3":"status-publish","4":"has-post-thumbnail","6":"brw_tour_themes-adventure","7":"brw_tour_themes-culture","8":"brw_tour_themes-discover","9":"brw_tour_themes-family","10":"brw_tour_themes-group","11":"product_cat-adventure","12":"product_cat-culture","13":"product_cat-discover","14":"product_cat-family","15":"product_cat-group","16":"product_cat-tour-themes","17":"product_tag-bicycle","18":"product_tag-discover","19":"product_tag-experience","20":"product_tag-vietnam","22":"first","23":"instock","24":"shipping-taxable","25":"product-type-ovabrw_car_rental"},"_links":{"self":[{"href":"https:\/\/viettourist.asia\/cs\/wp-json\/wp\/v2\/product\/12512"}],"collection":[{"href":"https:\/\/viettourist.asia\/cs\/wp-json\/wp\/v2\/product"}],"about":[{"href":"https:\/\/viettourist.asia\/cs\/wp-json\/wp\/v2\/types\/product"}],"version-history":[{"count":1,"href":"https:\/\/viettourist.asia\/cs\/wp-json\/wp\/v2\/product\/12512\/revisions"}],"predecessor-version":[{"id":12516,"href":"https:\/\/viettourist.asia\/cs\/wp-json\/wp\/v2\/product\/12512\/revisions\/12516"}],"wp:featuredmedia":[{"embeddable":true,"href":"https:\/\/viettourist.asia\/cs\/wp-json\/wp\/v2\/media\/12515"}],"wp:attachment":[{"href":"https:\/\/viettourist.asia\/cs\/wp-json\/wp\/v2\/media?parent=12512"}],"wp:term":[{"taxonomy":"product_cat","embeddable":true,"href":"https:\/\/viettourist.asia\/cs\/wp-json\/wp\/v2\/product_cat?post=12512"},{"taxonomy":"product_tag","embeddable":true,"href":"https:\/\/viettourist.asia\/cs\/wp-json\/wp\/v2\/product_tag?post=12512"}],"curies":[{"name":"wp","href":"https:\/\/api.w.org\/{rel}","templated":true}]}}