{"id":12500,"date":"2024-12-30T04:51:21","date_gmt":"2024-12-30T04:51:21","guid":{"rendered":"https:\/\/viettourist.asia\/?post_type=product&#038;p=12500"},"modified":"2024-12-30T04:51:22","modified_gmt":"2024-12-30T04:51:22","slug":"kavovy-zazitek-a-objevovani-dalat","status":"publish","type":"product","link":"https:\/\/viettourist.asia\/cs\/turne\/kavovy-zazitek-a-objevovani-dalat\/","title":{"rendered":"K\u00e1vov\u00fd z\u00e1\u017eitek a objevov\u00e1n\u00ed Dalatu"},"content":{"rendered":"<p>Vydejte se na strhuj\u00edc\u00ed cestu po vietnamsk\u00e9 centr\u00e1ln\u00ed vyso\u010din\u011b a prozkoumejte malebn\u00e9 m\u011bsto Dalat, zn\u00e1m\u00e9 sv\u00fdm m\u00edrn\u00fdm podneb\u00edm, pulzuj\u00edc\u00ed krajinou a bohat\u00fdm kulturn\u00edm d\u011bdictv\u00edm. Dalat, \u010dasto ozna\u010dovan\u00fd jako \u201eM\u011bsto v\u011b\u010dn\u00e9ho jara\u201c, je harmonickou sm\u011bs\u00ed francouzsk\u00e9ho koloni\u00e1ln\u00edho kouzla a p\u0159\u00edrodn\u00edch kr\u00e1s, nab\u00edz\u00ed bujn\u00e9 borov\u00e9 lesy, klidn\u00e1 jezera, kask\u00e1dov\u00e9 vodop\u00e1dy a zelen\u00e9 str\u00e1n\u011b.<\/p>\n<p>Tento jedine\u010dn\u00fd itiner\u00e1\u0159 slibuje nezapomenuteln\u00fd z\u00e1\u017eitek, od pono\u0159en\u00ed se do um\u011bn\u00ed udr\u017eiteln\u00e9ho p\u011bstov\u00e1n\u00ed k\u00e1vy a\u017e po objevov\u00e1n\u00ed m\u00edstn\u00edch tradic, dechberouc\u00edch scen\u00e9ri\u00ed a architektonick\u00fdch z\u00e1zrak\u016f. A\u0165 u\u017e si vychutn\u00e1v\u00e1te kulin\u00e1\u0159sk\u00e9 speciality Dalatu, proch\u00e1z\u00edte se \u010dajov\u00fdmi plant\u00e1\u017eemi nebo se seznamujete s fascinuj\u00edc\u00ed histori\u00ed m\u011bsta, tato prohl\u00eddka je navr\u017eena tak, aby v\u00e1s pono\u0159ila do podstaty Dalatu.<\/p>\n<p>Tato cesta, kter\u00e1 je ide\u00e1ln\u00ed pro milovn\u00edky p\u0159\u00edrody, milovn\u00edky k\u00e1vy a hleda\u010de kultury, kombinuje relaxaci, praktick\u00e9 aktivity a pr\u016fzkum a vytv\u00e1\u0159\u00ed trval\u00e9 vzpom\u00ednky na vietnamsk\u00fd horsk\u00fd klenot. Za\u010dn\u011bme!<\/p>","protected":false},"excerpt":{"rendered":"<p>Embark on a captivating journey through Vietnam\u2019s Central Highlands as we explore the picturesque city of Dalat, renowned for its temperate climate, vibrant landscapes, and rich cultural heritage. Often referred to as the &#8220;City of Eternal Spring,&#8221; Dalat is a harmonious blend of French colonial charm and natural beauty, offering lush pine forests, serene lakes, [&hellip;]<\/p>\n","protected":false},"featured_media":12504,"template":"","meta":[],"product_cat":[87,88,89,109,90,92,103],"product_tag":[260,246,249,247],"class_list":{"0":"post-12500","1":"product","2":"type-product","3":"status-publish","4":"has-post-thumbnail","6":"brw_tour_themes-adventure","7":"brw_tour_themes-culture","8":"brw_tour_themes-discover","9":"brw_tour_themes-education","10":"brw_tour_themes-family","11":"brw_tour_themes-group","12":"product_cat-adventure","13":"product_cat-culture","14":"product_cat-discover","15":"product_cat-education","16":"product_cat-family","17":"product_cat-group","18":"product_cat-tour-themes","19":"product_tag-coffee","20":"product_tag-discover","21":"product_tag-experience","22":"product_tag-vietnam","24":"first","25":"instock","26":"shipping-taxable","27":"product-type-ovabrw_car_rental"},"_links":{"self":[{"href":"https:\/\/viettourist.asia\/cs\/wp-json\/wp\/v2\/product\/12500"}],"collection":[{"href":"https:\/\/viettourist.asia\/cs\/wp-json\/wp\/v2\/product"}],"about":[{"href":"https:\/\/viettourist.asia\/cs\/wp-json\/wp\/v2\/types\/product"}],"version-history":[{"count":1,"href":"https:\/\/viettourist.asia\/cs\/wp-json\/wp\/v2\/product\/12500\/revisions"}],"predecessor-version":[{"id":12508,"href":"https:\/\/viettourist.asia\/cs\/wp-json\/wp\/v2\/product\/12500\/revisions\/12508"}],"wp:featuredmedia":[{"embeddable":true,"href":"https:\/\/viettourist.asia\/cs\/wp-json\/wp\/v2\/media\/12504"}],"wp:attachment":[{"href":"https:\/\/viettourist.asia\/cs\/wp-json\/wp\/v2\/media?parent=12500"}],"wp:term":[{"taxonomy":"product_cat","embeddable":true,"href":"https:\/\/viettourist.asia\/cs\/wp-json\/wp\/v2\/product_cat?post=12500"},{"taxonomy":"product_tag","embeddable":true,"href":"https:\/\/viettourist.asia\/cs\/wp-json\/wp\/v2\/product_tag?post=12500"}],"curies":[{"name":"wp","href":"https:\/\/api.w.org\/{rel}","templated":true}]}}