{"id":12497,"date":"2024-12-30T03:36:00","date_gmt":"2024-12-30T03:36:00","guid":{"rendered":"https:\/\/viettourist.asia\/?post_type=product&#038;p=12497"},"modified":"2024-12-30T04:40:50","modified_gmt":"2024-12-30T04:40:50","slug":"objevte-podstatu-delty-mekongu-den-cyklisticke-kultury-a-malebne-krasy-30-km","status":"publish","type":"product","link":"https:\/\/viettourist.asia\/cs\/turne\/objevte-podstatu-delty-mekongu-den-cyklisticke-kultury-a-malebne-krasy-30-km\/","title":{"rendered":"Objevte podstatu delty Mekongu: Vydejte se na v\u00fdlet na kole, za kulturou a kr\u00e1sami krajiny ( 30 km)"},"content":{"rendered":"<p>Za\u010dn\u011bte sv\u016fj den nezapomenutelnou cestou srdcem delty Mekongu! Od 7:30 do 17:00 se pono\u0159te do pulzuj\u00edc\u00edho \u017eivota vietnamsk\u00e9ho venkova, kdy\u017e projedete poklidn\u00fdmi pra\u0161n\u00fdmi cestami, klikat\u00fdmi cestami a okouzluj\u00edc\u00edmi vesnicemi mezi Tan An a My Tho. Obdivujte sv\u011b\u017e\u00ed r\u00fd\u017eov\u00e1 pole, \u017eiv\u00e9 zeleninov\u00e9 zahrady a sady a vym\u011b\u0148ujte si \u00fasm\u011bvy a pozdravy s p\u0159\u00e1telsk\u00fdmi m\u00edstn\u00edmi obyvateli.<\/p>\n<p>Dobrodru\u017estv\u00ed pokra\u010duje n\u00e1v\u0161t\u011bvou klidn\u00e9 pagody Vinh Trang a vyhl\u00eddkovou proj\u00ed\u017e\u010fkou lod\u00ed po \u0159ece Tien na Dra\u010d\u00ed ostrov. Zde si vychutn\u00e1te lahodn\u00fd ob\u011bd v m\u00edstn\u00ed restauraci a za\u017eijete bohat\u00e9 chut\u011b tropick\u00e9ho ovoce, medu a kokosov\u00fdch bonb\u00f3n\u016f. Zapojte se do m\u00edstn\u00edch tradic p\u0159i n\u00e1v\u0161t\u011bv\u011b v\u010del\u00ed farmy, ochutnejte p\u0159\u00edrodn\u00ed medov\u00e9 v\u00edno a vychutnejte si \u017eivou tradi\u010dn\u00ed hudbu.<\/p>\n<p>Dokon\u010dete sv\u016fj den klidnou proj\u00ed\u017e\u010fkou malebn\u00fdmi kan\u00e1ly ve st\u00ednu vodn\u00edch kokosov\u00fdch palem, ne\u017e se v pozdn\u00edm odpoledni vr\u00e1t\u00edte do hotelu. Toto je va\u0161e \u0161ance za\u017e\u00edt autentickou kr\u00e1su, kulturu a teplo delty Mekongu za jedin\u00fd den!<\/p>","protected":false},"excerpt":{"rendered":"<p>Start your day with an unforgettable journey through the heart of the Mekong Delta! From 7:30 AM to 5:00 PM, immerse yourself in the vibrant life of Vietnam&#8217;s countryside as you cycle through tranquil dirt tracks, winding roads, and charming villages between Tan An and My Tho. Marvel at the lush rice paddies, vibrant vegetable [&hellip;]<\/p>\n","protected":false},"featured_media":12498,"template":"","meta":[],"product_cat":[87,88,241,89,90,92,103],"product_tag":[257,252,246,247],"class_list":{"0":"post-12497","1":"product","2":"type-product","3":"status-publish","4":"has-post-thumbnail","6":"brw_tour_themes-adventure","7":"brw_tour_themes-culture","8":"brw_tour_themes-day-tour","9":"brw_tour_themes-discover","10":"brw_tour_themes-family","11":"brw_tour_themes-group","12":"product_cat-adventure","13":"product_cat-culture","14":"product_cat-day-tour","15":"product_cat-discover","16":"product_cat-family","17":"product_cat-group","18":"product_cat-tour-themes","19":"product_tag-adventure","20":"product_tag-bicycle","21":"product_tag-discover","22":"product_tag-vietnam","24":"first","25":"instock","26":"shipping-taxable","27":"product-type-ovabrw_car_rental"},"_links":{"self":[{"href":"https:\/\/viettourist.asia\/cs\/wp-json\/wp\/v2\/product\/12497"}],"collection":[{"href":"https:\/\/viettourist.asia\/cs\/wp-json\/wp\/v2\/product"}],"about":[{"href":"https:\/\/viettourist.asia\/cs\/wp-json\/wp\/v2\/types\/product"}],"version-history":[{"count":1,"href":"https:\/\/viettourist.asia\/cs\/wp-json\/wp\/v2\/product\/12497\/revisions"}],"predecessor-version":[{"id":12499,"href":"https:\/\/viettourist.asia\/cs\/wp-json\/wp\/v2\/product\/12497\/revisions\/12499"}],"wp:featuredmedia":[{"embeddable":true,"href":"https:\/\/viettourist.asia\/cs\/wp-json\/wp\/v2\/media\/12498"}],"wp:attachment":[{"href":"https:\/\/viettourist.asia\/cs\/wp-json\/wp\/v2\/media?parent=12497"}],"wp:term":[{"taxonomy":"product_cat","embeddable":true,"href":"https:\/\/viettourist.asia\/cs\/wp-json\/wp\/v2\/product_cat?post=12497"},{"taxonomy":"product_tag","embeddable":true,"href":"https:\/\/viettourist.asia\/cs\/wp-json\/wp\/v2\/product_tag?post=12497"}],"curies":[{"name":"wp","href":"https:\/\/api.w.org\/{rel}","templated":true}]}}