{"id":12482,"date":"2024-12-06T02:39:07","date_gmt":"2024-12-06T02:39:07","guid":{"rendered":"https:\/\/viettourist.asia\/?post_type=product&#038;p=12482"},"modified":"2024-12-06T02:39:09","modified_gmt":"2024-12-06T02:39:09","slug":"objevte-severni-a-stredni-vietnam-cestu-nadcasovou-krasou","status":"publish","type":"product","link":"https:\/\/viettourist.asia\/cs\/turne\/objevte-severni-a-stredni-vietnam-cestu-nadcasovou-krasou\/","title":{"rendered":"OBJEVTE SEVERN\u00cd A ST\u0158EDN\u00cd VIETNAM: Cesta za nad\u010dasovou kr\u00e1sou"},"content":{"rendered":"<p>Vydejte se na nezapomenuteln\u00e9 dobrodru\u017estv\u00ed okouzluj\u00edc\u00ed krajinou severn\u00edho a st\u0159edn\u00edho Vietnamu.<br \/>\nN\u00e1\u0161 pe\u010dliv\u011b vytvo\u0159en\u00fd 10denn\u00ed itiner\u00e1\u0159 nab\u00edz\u00ed pohlcuj\u00edc\u00ed z\u00e1\u017eitek, kter\u00fd spojuje historick\u00e9 z\u00e1zraky, p\u0159\u00edrodn\u00ed kr\u00e1sy a kulturn\u00ed bohatstv\u00ed. Od ru\u0161n\u00fdch ulic Hanoje po klidn\u00e9 vody z\u00e1livu Halong a okouzluj\u00edc\u00ed starobyl\u00e9 m\u011bsto Hoi An, tato cesta slibuje, \u017ee uchv\u00e1t\u00ed va\u0161e smysly a zanech\u00e1 ve v\u00e1s trval\u00e9 vzpom\u00ednky.<br \/>\nTo nejlep\u0161\u00ed z va\u0161\u00ed cesty:<br \/>\n<strong>\u2022 Hanoj:<\/strong> Prozkoumejte srdce Vietnamu a objevte ikonick\u00e9 pam\u00e1tky, jako je Ho \u010ci Min\u016fv komplex, Chr\u00e1m literatury a poklidn\u00e1 pagoda Tran Quoc.<br \/>\n<strong>\u2022 Z\u00e1toka Lan Ha:<\/strong> Proplujte dechberouc\u00edmi vodami z\u00e1livu Lan Ha a kochejte se impozantn\u00edmi v\u00e1pencov\u00fdmi krasy a smaragdov\u011b zelen\u00fdmi lagunami. Proje\u010fte se na kajaku skryt\u00fdmi z\u00e1tokami, nav\u0161tivte okouzluj\u00edc\u00ed ryb\u00e1\u0159sk\u00e9 vesnice a dop\u0159ejte si poklidn\u00fd \u00fanik.<br \/>\n<strong>\u2022 Hoi An:<\/strong> Vra\u0165te se v \u010dase do kouzeln\u00e9ho m\u011bsta Hoi An, zn\u00e1m\u00e9ho svou zachovalou starov\u011bkou architekturou, pulzuj\u00edc\u00edmi trhy a delik\u00e1tn\u00ed kuchyn\u00ed.<br \/>\n<strong>\u2022 Da Nang:<\/strong> Odpo\u010di\u0148te si na nedot\u010den\u00fdch pl\u00e1\u017e\u00edch, opalujte se a u\u017eijte si vodn\u00ed sporty v tomto pob\u0159e\u017en\u00edm r\u00e1ji.<br \/>\nP\u0159idejte se k n\u00e1m na t\u00e9to mimo\u0159\u00e1dn\u00e9 cest\u011b a objevte pravou podstatu Vietnamu.<\/p>","protected":false},"excerpt":{"rendered":"<p>Embark on an unforgettable adventure through the enchanting landscapes of North and Central Vietnam. Our meticulously crafted 10-day itinerary offers an immersive experience, blending historical wonders, natural beauty, and cultural richness. From the bustling streets of Hanoi to the serene waters of Halong Bay, and the charming ancient town of Hoi An, this journey promises [&hellip;]<\/p>\n","protected":false},"featured_media":12483,"template":"","meta":[],"product_cat":[87,88,89,90,92,93,86,94,103],"product_tag":[259,251,246,249,247],"class_list":{"0":"post-12482","1":"product","2":"type-product","3":"status-publish","4":"has-post-thumbnail","6":"brw_tour_themes-adventure","7":"brw_tour_themes-culture","8":"brw_tour_themes-discover","9":"brw_tour_themes-education","10":"brw_tour_themes-family","11":"brw_tour_themes-group","12":"brw_tour_themes-honeymoon","13":"brw_tour_themes-luxury","14":"brw_tour_themes-mice","15":"product_cat-adventure","16":"product_cat-culture","17":"product_cat-discover","18":"product_cat-family","19":"product_cat-group","20":"product_cat-honeymoon","21":"product_cat-luxury","22":"product_cat-mice","23":"product_cat-tour-themes","24":"product_tag-beaches","25":"product_tag-culture","26":"product_tag-discover","27":"product_tag-experience","28":"product_tag-vietnam","30":"first","31":"instock","32":"shipping-taxable","33":"product-type-ovabrw_car_rental"},"_links":{"self":[{"href":"https:\/\/viettourist.asia\/cs\/wp-json\/wp\/v2\/product\/12482"}],"collection":[{"href":"https:\/\/viettourist.asia\/cs\/wp-json\/wp\/v2\/product"}],"about":[{"href":"https:\/\/viettourist.asia\/cs\/wp-json\/wp\/v2\/types\/product"}],"version-history":[{"count":1,"href":"https:\/\/viettourist.asia\/cs\/wp-json\/wp\/v2\/product\/12482\/revisions"}],"predecessor-version":[{"id":12486,"href":"https:\/\/viettourist.asia\/cs\/wp-json\/wp\/v2\/product\/12482\/revisions\/12486"}],"wp:featuredmedia":[{"embeddable":true,"href":"https:\/\/viettourist.asia\/cs\/wp-json\/wp\/v2\/media\/12483"}],"wp:attachment":[{"href":"https:\/\/viettourist.asia\/cs\/wp-json\/wp\/v2\/media?parent=12482"}],"wp:term":[{"taxonomy":"product_cat","embeddable":true,"href":"https:\/\/viettourist.asia\/cs\/wp-json\/wp\/v2\/product_cat?post=12482"},{"taxonomy":"product_tag","embeddable":true,"href":"https:\/\/viettourist.asia\/cs\/wp-json\/wp\/v2\/product_tag?post=12482"}],"curies":[{"name":"wp","href":"https:\/\/api.w.org\/{rel}","templated":true}]}}