{"id":12476,"date":"2024-12-05T04:50:23","date_gmt":"2024-12-05T04:50:23","guid":{"rendered":"https:\/\/viettourist.asia\/?post_type=product&#038;p=12476"},"modified":"2024-12-20T09:07:31","modified_gmt":"2024-12-20T09:07:31","slug":"prozkoumejte-kouzlo-vietnamu-nezapomenutelnym-16dennim-vyletem","status":"publish","type":"product","link":"https:\/\/viettourist.asia\/cs\/turne\/prozkoumejte-kouzlo-vietnamu-nezapomenutelnym-16dennim-vyletem\/","title":{"rendered":"Prozkoumejte kouzlo Vietnamu: Nezapomenuteln\u00fd 16denn\u00ed v\u00fdlet po Vietnamu."},"content":{"rendered":"<p>V\u00edtejte v mimo\u0159\u00e1dn\u00e9m dobrodru\u017estv\u00ed ve Vietnamu, zemi bohat\u00e9 na historii, kulturu a dechberouc\u00ed krajinu. Tento 16denn\u00ed z\u00e1jezd v\u00e1s zavede do pulzuj\u00edc\u00edch m\u011bst Hanoj, Sapa, Da Nang, Hoi An a Ho \u010ci Minovo m\u011bsto, stejn\u011b jako do p\u0159\u00edrodn\u00edch div\u016f, jako je z\u00e1toka Lan Ha a delta Mekongu.<br \/>\nOd klidu terasovit\u00fdch r\u00fd\u017eov\u00fdch pol\u00ed Sapa po starov\u011bk\u00e9 chr\u00e1my v Hanoji, od plovouc\u00edch trh\u016f v delt\u011b Mekongu po zlat\u00e9 pl\u00e1\u017ee Da Nangu, ka\u017ed\u00fd den v\u00e1m d\u00e1 nov\u00e9 emoce a nesmazateln\u00e9 vzpom\u00ednky. Za\u017eijete v\u0159elou vietnamskou pohostinnost, pot\u011b\u0161\u00edte sv\u00e9 mlsn\u00e9 jaz\u00fd\u010dky autentickou kuchyn\u00ed a objev\u00edte m\u00edstn\u00ed tradice v jedine\u010dn\u00e9 atmosf\u00e9\u0159e.<br \/>\nA\u0165 u\u017e jste milovn\u00edkem kultury, p\u0159\u00edrody nebo prost\u011b hled\u00e1te odpo\u010dinek, tento z\u00e1jezd je navr\u017een tak, aby v\u00e1m nab\u00eddl to nejlep\u0161\u00ed z Vietnamu s dokonalou kombinac\u00ed dobrodru\u017estv\u00ed, objevov\u00e1n\u00ed a pohodl\u00ed. P\u0159ipravte se na okouzlen\u00ed nad\u010dasovou kr\u00e1sou t\u00e9to mimo\u0159\u00e1dn\u00e9 zem\u011b!<br \/>\nCesta navr\u017een\u00e1 pro v\u00e1s s chv\u00edlemi zkoum\u00e1n\u00ed, relaxace a magie. V\u00edtejte ve Vietnamu!<\/p>","protected":false},"excerpt":{"rendered":"<p>Welcome to an extraordinary adventure through Vietnam, a country rich in history, culture and breathtaking landscapes. This 16-day tour will take you to the vibrant cities of Hanoi, Sapa, Da Nang, Hoi An, and Ho Chi Minh City, as well as natural wonders such as Lan Ha Bay and the Mekong Delta. From the tranquility [&hellip;]<\/p>\n","protected":false},"featured_media":12467,"template":"","meta":[],"product_cat":[87,88,89,90,92,93,86,94,103],"product_tag":[246,249,247],"class_list":{"0":"post-12476","1":"product","2":"type-product","3":"status-publish","4":"has-post-thumbnail","6":"brw_tour_themes-adventure","7":"brw_tour_themes-culture","8":"brw_tour_themes-discover","9":"brw_tour_themes-education","10":"brw_tour_themes-family","11":"brw_tour_themes-group","12":"brw_tour_themes-honeymoon","13":"brw_tour_themes-luxury","14":"brw_tour_themes-mice","15":"product_cat-adventure","16":"product_cat-culture","17":"product_cat-discover","18":"product_cat-family","19":"product_cat-group","20":"product_cat-honeymoon","21":"product_cat-luxury","22":"product_cat-mice","23":"product_cat-tour-themes","24":"product_tag-discover","25":"product_tag-experience","26":"product_tag-vietnam","28":"first","29":"instock","30":"shipping-taxable","31":"product-type-ovabrw_car_rental"},"_links":{"self":[{"href":"https:\/\/viettourist.asia\/cs\/wp-json\/wp\/v2\/product\/12476"}],"collection":[{"href":"https:\/\/viettourist.asia\/cs\/wp-json\/wp\/v2\/product"}],"about":[{"href":"https:\/\/viettourist.asia\/cs\/wp-json\/wp\/v2\/types\/product"}],"version-history":[{"count":1,"href":"https:\/\/viettourist.asia\/cs\/wp-json\/wp\/v2\/product\/12476\/revisions"}],"predecessor-version":[{"id":12477,"href":"https:\/\/viettourist.asia\/cs\/wp-json\/wp\/v2\/product\/12476\/revisions\/12477"}],"wp:featuredmedia":[{"embeddable":true,"href":"https:\/\/viettourist.asia\/cs\/wp-json\/wp\/v2\/media\/12467"}],"wp:attachment":[{"href":"https:\/\/viettourist.asia\/cs\/wp-json\/wp\/v2\/media?parent=12476"}],"wp:term":[{"taxonomy":"product_cat","embeddable":true,"href":"https:\/\/viettourist.asia\/cs\/wp-json\/wp\/v2\/product_cat?post=12476"},{"taxonomy":"product_tag","embeddable":true,"href":"https:\/\/viettourist.asia\/cs\/wp-json\/wp\/v2\/product_tag?post=12476"}],"curies":[{"name":"wp","href":"https:\/\/api.w.org\/{rel}","templated":true}]}}