{"id":12462,"date":"2024-12-05T03:39:41","date_gmt":"2024-12-05T03:39:41","guid":{"rendered":"https:\/\/viettourist.asia\/?post_type=product&#038;p=12462"},"modified":"2024-12-05T05:36:48","modified_gmt":"2024-12-05T05:36:48","slug":"objevte-vietnam-od-jihu-k-severu-obejmete-umeni-pomaleho-cestovani","status":"publish","type":"product","link":"https:\/\/viettourist.asia\/cs\/turne\/objevte-vietnam-od-jihu-k-severu-obejmete-umeni-pomaleho-cestovani\/","title":{"rendered":"Objevte Vietnam od jihu k severu: Vydejte se na cestu po Vietnamu: Vyzkou\u0161ejte si um\u011bn\u00ed pomal\u00e9 turistiky"},"content":{"rendered":"<p>Vydejte se na cestu, kter\u00e1 je nejen o vychutn\u00e1v\u00e1n\u00ed si okam\u017eiku, ale i o objevov\u00e1n\u00ed dechberouc\u00edch destinac\u00ed. Na\u0161e pomal\u00e9 cestov\u00e1n\u00ed z jihu do severn\u00edho Vietnamu v\u00e1s zve na vyhl\u00eddkovou trasu a str\u00e1v\u00edte 3 a\u017e 4 dny v ka\u017ed\u00e9m m\u00edst\u011b, abyste se skute\u010dn\u011b pono\u0159ili do kultury, p\u0159\u00edrody a ka\u017edodenn\u00edho \u017eivota t\u00e9to fascinuj\u00edc\u00ed zem\u011b.<br \/>\nSp\u00ed\u0161e ne\u017e sp\u011bchat z jedn\u00e9 destinace do druh\u00e9 v\u00e1m tento pe\u010dliv\u011b sestaven\u00fd itiner\u00e1\u0159 poskytuje \u010das a prostor k hlubok\u00e9mu spojen\u00ed s vietnamsk\u00fdmi lidmi, histori\u00ed a krajinou. A\u0165 u\u017e se budete toulat ru\u0161n\u00fdmi trhy na jihu, proch\u00e1zet se po klidn\u00fdch pob\u0159e\u017en\u00edch m\u011bstech v centru nebo objevovat skryt\u00e9 drahokamy v ml\u017en\u00fdch hor\u00e1ch na severu, ka\u017ed\u00e1 zast\u00e1vka je navr\u017eena tak, aby povzbudila k objevov\u00e1n\u00ed vlastn\u00edm tempem.<br \/>\nOd dynamick\u00e9 energie Ho \u010ci Minova M\u011bsta po klidn\u00e9 vody z\u00e1livu Halong je tato cesta oslavou \u017eiv\u00fdch kontrast\u016f Vietnamu. Cestou ochutn\u00e1te m\u00edstn\u00ed pochoutky, nav\u0161t\u00edv\u00edte ikonick\u00e9 pam\u00e1tky a odhal\u00edte m\u00e9n\u011b zn\u00e1m\u00e9 p\u0159\u00edb\u011bhy, d\u00edky kter\u00fdm je ka\u017ed\u00fd region jedine\u010dn\u00fd.<br \/>\nP\u0159idejte se k n\u00e1m, kdy\u017e nov\u011b definujeme cestov\u00e1n\u00ed a zam\u011b\u0159ujeme se na v\u0161\u00edmavost, udr\u017eitelnost a radost z objevov\u00e1n\u00ed. Toto je va\u0161e p\u0159\u00edle\u017eitost zpomalit, pod\u00edvat se bl\u00ed\u017e a skute\u010dn\u011b za\u017e\u00edt kouzlo Vietnamu.<br \/>\nNechte cestu za\u010d\u00edt! \ud83c\udf3f<\/p>","protected":false},"excerpt":{"rendered":"<p>Step into a journey that\u2019s as much about savoring the moment as it is about exploring breathtaking destinations. Our South-to-North Vietnam Slow Travel Tour invites you to take the scenic route, spending 3 to 4 days in each location to truly immerse yourself in the culture, nature, and everyday life of this fascinating country. Rather [&hellip;]<\/p>\n","protected":false},"featured_media":12463,"template":"","meta":[],"product_cat":[87,88,89,90,92,93,86,94,103],"product_tag":[246,249,258,247],"class_list":{"0":"post-12462","1":"product","2":"type-product","3":"status-publish","4":"has-post-thumbnail","6":"brw_tour_themes-culture","7":"brw_tour_themes-adventure","8":"brw_tour_themes-discover","9":"brw_tour_themes-education","10":"brw_tour_themes-family","11":"brw_tour_themes-group","12":"brw_tour_themes-honeymoon","13":"brw_tour_themes-luxury","14":"brw_tour_themes-mice","15":"product_cat-adventure","16":"product_cat-culture","17":"product_cat-discover","18":"product_cat-family","19":"product_cat-group","20":"product_cat-honeymoon","21":"product_cat-luxury","22":"product_cat-mice","23":"product_cat-tour-themes","24":"product_tag-discover","25":"product_tag-experience","26":"product_tag-slowtravel","27":"product_tag-vietnam","29":"first","30":"instock","31":"shipping-taxable","32":"product-type-ovabrw_car_rental"},"_links":{"self":[{"href":"https:\/\/viettourist.asia\/cs\/wp-json\/wp\/v2\/product\/12462"}],"collection":[{"href":"https:\/\/viettourist.asia\/cs\/wp-json\/wp\/v2\/product"}],"about":[{"href":"https:\/\/viettourist.asia\/cs\/wp-json\/wp\/v2\/types\/product"}],"version-history":[{"count":2,"href":"https:\/\/viettourist.asia\/cs\/wp-json\/wp\/v2\/product\/12462\/revisions"}],"predecessor-version":[{"id":12481,"href":"https:\/\/viettourist.asia\/cs\/wp-json\/wp\/v2\/product\/12462\/revisions\/12481"}],"wp:featuredmedia":[{"embeddable":true,"href":"https:\/\/viettourist.asia\/cs\/wp-json\/wp\/v2\/media\/12463"}],"wp:attachment":[{"href":"https:\/\/viettourist.asia\/cs\/wp-json\/wp\/v2\/media?parent=12462"}],"wp:term":[{"taxonomy":"product_cat","embeddable":true,"href":"https:\/\/viettourist.asia\/cs\/wp-json\/wp\/v2\/product_cat?post=12462"},{"taxonomy":"product_tag","embeddable":true,"href":"https:\/\/viettourist.asia\/cs\/wp-json\/wp\/v2\/product_tag?post=12462"}],"curies":[{"name":"wp","href":"https:\/\/api.w.org\/{rel}","templated":true}]}}