{"id":12450,"date":"2024-10-18T03:32:30","date_gmt":"2024-10-18T03:32:30","guid":{"rendered":"https:\/\/viettourist.asia\/?post_type=product&#038;p=12450"},"modified":"2024-12-17T09:30:52","modified_gmt":"2024-12-17T09:30:52","slug":"duong-lam-starobyla-vesnice-denni-prohlidka","status":"publish","type":"product","link":"https:\/\/viettourist.asia\/cs\/turne\/duong-lam-starobyla-vesnice-denni-prohlidka\/","title":{"rendered":"Starobyl\u00e1 vesnice Duong Lam \u2013 celodenn\u00ed prohl\u00eddka"},"content":{"rendered":"<p><span style=\"font-weight: 400;\">Nach\u00e1z\u00ed se v\u00edce ne\u017e 50 kilometr\u016f od Hanoje, Duong Lam Ancient Village, kter\u00e1 se nach\u00e1z\u00ed ve m\u011bst\u011b Son Tay, je zn\u00e1mou turistickou destinac\u00ed v Hanoji. Jednalo se o prvn\u00ed starov\u011bkou vesnici ve Vietnamu, kterou vl\u00e1da v roce 2006 uznala za n\u00e1rodn\u00ed kulturn\u00ed a historick\u00e9 m\u00edsto. D\u00edky sv\u00e9 osobit\u00e9 architektu\u0159e a um\u011bn\u00ed, kter\u00e9 reprezentuj\u00ed starod\u00e1vnou vietnamskou vesnici v delt\u011b Rud\u00e9 \u0159eky, je starobyl\u00e1 vesnice Duong Lam na druh\u00e9m m\u00edst\u011b za starobyl\u00fdmi m\u011bsty Hoi An a Hanoi, pokud jde o rozsah a um\u011bleckou hodnotu, co\u017e z n\u00ed \u010din\u00ed v\u00fdznamn\u00fd vrchol cestovn\u00edho ruchu v Hanoji. Nav\u00edc je to zem\u011b \u201egeografick\u00fdch v\u00fdhod a talentovan\u00fdch lid\u00ed\u201c, zn\u00e1m\u00e1 jako jedin\u00e9 m\u00edsto ve Vietnamu, kde jsou \u201edva kr\u00e1lov\u00e9 z jedn\u00e9 vesni\u010dky\u201c \u2013 rodi\u0161t\u011b kr\u00e1le Phung Hunga a kr\u00e1le Ngo Quyena. D\u00edky tomu je \u00fazce spjat s historick\u00fdmi a konfuci\u00e1nsk\u00fdmi kulturn\u00edmi pam\u00e1tkami, tak\u017ee je pro cestovatele nutnost\u00ed. V dne\u0161n\u00ed dob\u011b si starobyl\u00e1 vesnice Duong Lam st\u00e1le zachov\u00e1v\u00e1 z\u00e1kladn\u00ed rysy vietnamsk\u00e9 vesnice, v\u010detn\u011b vesnick\u00e9 br\u00e1ny, bany\u00e1nov\u00e9ho stromu, vodn\u00edho p\u0159\u00edstavu, spole\u010dn\u00e9ho dvora, str\u00e1\u017en\u00ed v\u011b\u017ee, studny, r\u00fd\u017eov\u00fdch pol\u00ed, pahork\u016f, kopc\u016f, chr\u00e1m\u016f a pagod\u2026<\/span><\/p>","protected":false},"excerpt":{"rendered":"<p>Located over 50 kilometers from Hanoi, Duong Lam Ancient Village, situated in Son Tay Town, is a famous tourist destination in Hanoi. This was the first ancient village in Vietnam to be recognized as a National Cultural and Historical Site by the government in 2006. With its distinctive architecture and artistry representative of an ancient [&hellip;]<\/p>\n","protected":false},"featured_media":12452,"template":"","meta":[],"product_cat":[87,88,241,89,90,92,103],"product_tag":[251,246,253,247],"class_list":{"0":"post-12450","1":"product","2":"type-product","3":"status-publish","4":"has-post-thumbnail","6":"brw_tour_themes-adventure","7":"brw_tour_themes-culture","8":"brw_tour_themes-day-tour","9":"brw_tour_themes-discover","10":"brw_tour_themes-family","11":"brw_tour_themes-group","12":"product_cat-adventure","13":"product_cat-culture","14":"product_cat-day-tour","15":"product_cat-discover","16":"product_cat-family","17":"product_cat-group","18":"product_cat-tour-themes","19":"product_tag-culture","20":"product_tag-discover","21":"product_tag-nature","22":"product_tag-vietnam","24":"first","25":"instock","26":"shipping-taxable","27":"product-type-ovabrw_car_rental"},"_links":{"self":[{"href":"https:\/\/viettourist.asia\/cs\/wp-json\/wp\/v2\/product\/12450"}],"collection":[{"href":"https:\/\/viettourist.asia\/cs\/wp-json\/wp\/v2\/product"}],"about":[{"href":"https:\/\/viettourist.asia\/cs\/wp-json\/wp\/v2\/types\/product"}],"version-history":[{"count":1,"href":"https:\/\/viettourist.asia\/cs\/wp-json\/wp\/v2\/product\/12450\/revisions"}],"predecessor-version":[{"id":12455,"href":"https:\/\/viettourist.asia\/cs\/wp-json\/wp\/v2\/product\/12450\/revisions\/12455"}],"wp:featuredmedia":[{"embeddable":true,"href":"https:\/\/viettourist.asia\/cs\/wp-json\/wp\/v2\/media\/12452"}],"wp:attachment":[{"href":"https:\/\/viettourist.asia\/cs\/wp-json\/wp\/v2\/media?parent=12450"}],"wp:term":[{"taxonomy":"product_cat","embeddable":true,"href":"https:\/\/viettourist.asia\/cs\/wp-json\/wp\/v2\/product_cat?post=12450"},{"taxonomy":"product_tag","embeddable":true,"href":"https:\/\/viettourist.asia\/cs\/wp-json\/wp\/v2\/product_tag?post=12450"}],"curies":[{"name":"wp","href":"https:\/\/api.w.org\/{rel}","templated":true}]}}