{"id":12444,"date":"2024-10-18T03:03:05","date_gmt":"2024-10-18T03:03:05","guid":{"rendered":"https:\/\/viettourist.asia\/?post_type=product&#038;p=12444"},"modified":"2024-12-17T09:31:49","modified_gmt":"2024-12-17T09:31:49","slug":"duong-lam-staroveka-vesnice-pagoda-tay-phuong","status":"publish","type":"product","link":"https:\/\/viettourist.asia\/cs\/turne\/duong-lam-staroveka-vesnice-pagoda-tay-phuong\/","title":{"rendered":"Starobyl\u00e1 vesnice Duong Lam \u2013 Pagoda Tay Phuong"},"content":{"rendered":"<p><span style=\"font-weight: 400;\">Nach\u00e1z\u00ed se v\u00edce ne\u017e 50 kilometr\u016f od Hanoje, Duong Lam Ancient Village, kter\u00e1 se nach\u00e1z\u00ed ve m\u011bst\u011b Son Tay, je zn\u00e1mou turistickou destinac\u00ed v Hanoji. Jednalo se o prvn\u00ed starov\u011bkou vesnici ve Vietnamu, kterou vl\u00e1da v roce 2006 uznala za n\u00e1rodn\u00ed kulturn\u00ed a historick\u00e9 m\u00edsto. Se svou v\u00fdraznou architekturou a um\u011bn\u00edm, kter\u00e9 p\u0159edstavuj\u00ed starod\u00e1vnou vietnamskou vesnici v delt\u011b Rud\u00e9 \u0159eky, je starobyl\u00e1 vesnice Duong Lam na druh\u00e9m m\u00edst\u011b za starobyl\u00fdmi m\u011bsty Hoi An a Hanoi, pokud jde o rozsah a um\u011bleckou hodnotu, co\u017e z n\u00ed \u010din\u00ed v\u00fdznamn\u00fd vrchol cestovn\u00edho ruchu v Hanoji.\u00a0<\/span><\/p>\n<p><span style=\"font-weight: 400;\">Asi 30 km z\u00e1padn\u011b od Hanoje, uhn\u00edzd\u011bn\u00e1 na malebn\u00e9m kopci, o kter\u00e9m se \u0159\u00edk\u00e1, \u017ee p\u0159ipom\u00edn\u00e1 buvola, stoj\u00ed Pagoda Tay Phuong (tak\u00e9 zn\u00e1m\u00e1 jako Pagoda Sung Phuc). Tento stalet\u00fd buddhistick\u00fd chr\u00e1m, kter\u00fd je dokladem bohat\u00e9ho duchovn\u00edho d\u011bdictv\u00ed Vietnamu, v\u00e1m nab\u00edz\u00ed podmaniv\u00fd pohled do um\u011bleck\u00fdch a n\u00e1bo\u017eensk\u00fdch tradic zem\u011b.<\/span><\/p>","protected":false},"excerpt":{"rendered":"<p>Located over 50 kilometers from Hanoi, Duong Lam Ancient Village, situated in Son Tay Town, is a famous tourist destination in Hanoi. This was the first ancient village in Vietnam to be recognized as a National Cultural and Historical Site by the government in 2006. With its distinctive architecture and artistry representative of an ancient [&hellip;]<\/p>\n","protected":false},"featured_media":12448,"template":"","meta":[],"product_cat":[87,88,241,89,90,92,103],"product_tag":[257,246,253,247],"class_list":{"0":"post-12444","1":"product","2":"type-product","3":"status-publish","4":"has-post-thumbnail","6":"brw_tour_themes-adventure","7":"brw_tour_themes-culture","8":"brw_tour_themes-day-tour","9":"brw_tour_themes-discover","10":"brw_tour_themes-family","11":"brw_tour_themes-group","12":"product_cat-adventure","13":"product_cat-culture","14":"product_cat-day-tour","15":"product_cat-discover","16":"product_cat-family","17":"product_cat-group","18":"product_cat-tour-themes","19":"product_tag-adventure","20":"product_tag-discover","21":"product_tag-nature","22":"product_tag-vietnam","24":"first","25":"instock","26":"shipping-taxable","27":"product-type-ovabrw_car_rental"},"_links":{"self":[{"href":"https:\/\/viettourist.asia\/cs\/wp-json\/wp\/v2\/product\/12444"}],"collection":[{"href":"https:\/\/viettourist.asia\/cs\/wp-json\/wp\/v2\/product"}],"about":[{"href":"https:\/\/viettourist.asia\/cs\/wp-json\/wp\/v2\/types\/product"}],"version-history":[{"count":1,"href":"https:\/\/viettourist.asia\/cs\/wp-json\/wp\/v2\/product\/12444\/revisions"}],"predecessor-version":[{"id":12449,"href":"https:\/\/viettourist.asia\/cs\/wp-json\/wp\/v2\/product\/12444\/revisions\/12449"}],"wp:featuredmedia":[{"embeddable":true,"href":"https:\/\/viettourist.asia\/cs\/wp-json\/wp\/v2\/media\/12448"}],"wp:attachment":[{"href":"https:\/\/viettourist.asia\/cs\/wp-json\/wp\/v2\/media?parent=12444"}],"wp:term":[{"taxonomy":"product_cat","embeddable":true,"href":"https:\/\/viettourist.asia\/cs\/wp-json\/wp\/v2\/product_cat?post=12444"},{"taxonomy":"product_tag","embeddable":true,"href":"https:\/\/viettourist.asia\/cs\/wp-json\/wp\/v2\/product_tag?post=12444"}],"curies":[{"name":"wp","href":"https:\/\/api.w.org\/{rel}","templated":true}]}}