{"id":12437,"date":"2024-10-18T02:43:57","date_gmt":"2024-10-18T02:43:57","guid":{"rendered":"https:\/\/viettourist.asia\/?post_type=product&#038;p=12437"},"modified":"2024-12-17T09:31:19","modified_gmt":"2024-12-17T09:31:19","slug":"prozkoumat-mai-chau-1-noc-2-dny","status":"publish","type":"product","link":"https:\/\/viettourist.asia\/cs\/turne\/prozkoumat-mai-chau-1-noc-2-dny\/","title":{"rendered":"Prozkoumejte Mai Chau 1 noc \/ 2 dny"},"content":{"rendered":"<p><span style=\"font-weight: 400;\">Severoz\u00e1padn\u00ed oblast Vietnamu z\u016fst\u00e1v\u00e1 z velk\u00e9 \u010d\u00e1sti nedot\u010den\u00e1 a nab\u00edz\u00ed ohromuj\u00edc\u00ed krajinu a okouzluj\u00edc\u00ed vesnice, kter\u00e9 rozhodn\u011b stoj\u00ed za prozkoum\u00e1n\u00ed. M\u016f\u017eete se ubytovat v tradi\u010dn\u00edm thajsk\u00e9m domku na ch\u016fd\u00e1ch pro horsk\u00fd kmen, cestovat sv\u011b\u017e\u00edmi \u00fadol\u00edmi a proch\u00e1zet klikat\u00fdmi cestami, kter\u00e9 prot\u00ednaj\u00ed horsk\u00e9 pr\u016fsmyky, a z\u00e1rove\u0148 si v t\u00e9to malebn\u00e9 oblasti u\u017e\u00edt lehk\u00fd trekking.<\/span><\/p>\n<p><span style=\"font-weight: 400;\">Mai Chau je slavn\u00e1 turistick\u00e1 destinace v Hoa Binh, zn\u00e1m\u00e1 svou \u00fa\u017easnou p\u0159\u00edrodn\u00ed krajinou. Mezi pozoruhodn\u00e9 atrakce v tomto \u00fadol\u00ed pat\u0159\u00ed vesnice Lac, jeskyn\u011b Chieu, jeskyn\u011b Mo Luong, Ba Khan, vodop\u00e1d Go Lao a jeskyn\u011b Kia \u2013 Pa Co.<\/span><\/p>\n<p><span style=\"font-weight: 400;\">Nejzn\u00e1m\u011bj\u0161\u00edm turistick\u00fdm m\u00edstem v Mai Chau je Lac Village, starobyl\u00e1 vesnice thajsk\u00e9ho etnika, kter\u00e1 je star\u00e1 v\u00edce ne\u017e 700 let a vyzna\u010duje se jedine\u010dnou architekturou domu na ch\u016fd\u00e1ch.<\/span><\/p>","protected":false},"excerpt":{"rendered":"<p>The Northwest region of Vietnam remains largely unspoiled and offers stunning landscapes and charming villages that are definitely worth exploring. You can stay in a traditional Thai hill tribe stilt house, journey through lush valleys, and navigate winding roads that cut through mountain passes, while also enjoying some light trekking in this picturesque area. Mai [&hellip;]<\/p>\n","protected":false},"featured_media":12440,"template":"","meta":[],"product_cat":[87,88,89,90,92,103],"product_tag":[246,253,247],"class_list":{"0":"post-12437","1":"product","2":"type-product","3":"status-publish","4":"has-post-thumbnail","6":"brw_tour_themes-adventure","7":"brw_tour_themes-culture","8":"brw_tour_themes-discover","9":"brw_tour_themes-education","10":"brw_tour_themes-family","11":"brw_tour_themes-group","12":"product_cat-adventure","13":"product_cat-culture","14":"product_cat-discover","15":"product_cat-family","16":"product_cat-group","17":"product_cat-tour-themes","18":"product_tag-discover","19":"product_tag-nature","20":"product_tag-vietnam","22":"first","23":"instock","24":"shipping-taxable","25":"product-type-ovabrw_car_rental"},"_links":{"self":[{"href":"https:\/\/viettourist.asia\/cs\/wp-json\/wp\/v2\/product\/12437"}],"collection":[{"href":"https:\/\/viettourist.asia\/cs\/wp-json\/wp\/v2\/product"}],"about":[{"href":"https:\/\/viettourist.asia\/cs\/wp-json\/wp\/v2\/types\/product"}],"version-history":[{"count":1,"href":"https:\/\/viettourist.asia\/cs\/wp-json\/wp\/v2\/product\/12437\/revisions"}],"predecessor-version":[{"id":12438,"href":"https:\/\/viettourist.asia\/cs\/wp-json\/wp\/v2\/product\/12437\/revisions\/12438"}],"wp:featuredmedia":[{"embeddable":true,"href":"https:\/\/viettourist.asia\/cs\/wp-json\/wp\/v2\/media\/12440"}],"wp:attachment":[{"href":"https:\/\/viettourist.asia\/cs\/wp-json\/wp\/v2\/media?parent=12437"}],"wp:term":[{"taxonomy":"product_cat","embeddable":true,"href":"https:\/\/viettourist.asia\/cs\/wp-json\/wp\/v2\/product_cat?post=12437"},{"taxonomy":"product_tag","embeddable":true,"href":"https:\/\/viettourist.asia\/cs\/wp-json\/wp\/v2\/product_tag?post=12437"}],"curies":[{"name":"wp","href":"https:\/\/api.w.org\/{rel}","templated":true}]}}