{"id":12432,"date":"2024-10-18T02:36:37","date_gmt":"2024-10-18T02:36:37","guid":{"rendered":"https:\/\/viettourist.asia\/?post_type=product&#038;p=12432"},"modified":"2024-12-17T09:32:13","modified_gmt":"2024-12-17T09:32:13","slug":"pul-dne-v-palaci-thanh-chuong","status":"publish","type":"product","link":"https:\/\/viettourist.asia\/cs\/turne\/pul-dne-v-palaci-thanh-chuong\/","title":{"rendered":"P\u016fl dne pal\u00e1ce Thanh Chuong"},"content":{"rendered":"<p><span style=\"font-weight: 400;\">Viet Phu Thanh Chuong je v\u00e1\u0161niv\u00fd projekt um\u011blce Thanh Chuonga, kter\u00fd zt\u011bles\u0148uje bohat\u00e9 kulturn\u00ed a historick\u00e9 d\u011bdictv\u00ed Vietnamc\u016f. Viet Phu Thanh Chuong vyza\u0159uje nostalgickou a starod\u00e1vnou kr\u00e1su, co\u017e z n\u011bj \u010din\u00ed jednu z nejatraktivn\u011bj\u0161\u00edch turistick\u00fdch destinac\u00ed pobl\u00ed\u017e Hanoje a p\u0159itahuje mnoho n\u00e1v\u0161t\u011bvn\u00edk\u016f, kte\u0159\u00ed se sem p\u0159ich\u00e1zej\u00ed odbavit. Pokud chcete uniknout z ru\u0161n\u00e9ho a hlu\u010dn\u00e9ho m\u011bsta a hledat klid, toto je ide\u00e1ln\u00ed m\u00edsto pro v\u00e1s.<\/span><\/p>\n<p><span style=\"font-weight: 400;\">Viet Phu Thanh Chuong, rozkl\u00e1daj\u00edc\u00ed se na v\u00edce ne\u017e 8 000 hektarech, znovu vytv\u00e1\u0159\u00ed \u017eiv\u011b nostalgickou sc\u00e9nu se sv\u00fdmi jedine\u010dn\u00fdmi starobyl\u00fdmi architektonick\u00fdmi strukturami, kter\u00e9 n\u00e1v\u0161t\u011bvn\u00edk\u016fm umo\u017e\u0148uj\u00ed vydat se zp\u011bt do historie Vietnamu. To je d\u016fvod, pro\u010d p\u0159itahuje velk\u00e9 mno\u017estv\u00ed dom\u00e1c\u00edch i zahrani\u010dn\u00edch turist\u016f, kte\u0159\u00ed p\u0159ij\u00ed\u017ed\u011bj\u00ed objevovat a obdivovat m\u00edsto. V roce 2004 Viet Phu p\u0159iv\u00edtal kr\u00e1lovnu a kr\u00e1lovskou delegaci ze \u0160v\u00e9dska na n\u00e1v\u0161t\u011bv\u011b.<\/span><\/p>","protected":false},"excerpt":{"rendered":"<p>Viet Phu Thanh Chuong is a passionate project by artist Thanh Chuong, embodying the rich cultural and historical heritage of the Vietnamese people. Viet Phu Thanh Chuong exudes a nostalgic and ancient beauty, making it one of the most attractive tourist destinations near Hanoi, drawing many visitors who come to check in. If you want [&hellip;]<\/p>\n","protected":false},"featured_media":12434,"template":"","meta":[],"product_cat":[87,88,241,89,92,103],"product_tag":[],"class_list":{"0":"post-12432","1":"product","2":"type-product","3":"status-publish","4":"has-post-thumbnail","6":"brw_tour_themes-adventure","7":"brw_tour_themes-culture","8":"brw_tour_themes-day-tour","9":"brw_tour_themes-discover","10":"brw_tour_themes-family","11":"brw_tour_themes-group","12":"product_cat-adventure","13":"product_cat-culture","14":"product_cat-day-tour","15":"product_cat-discover","16":"product_cat-group","17":"product_cat-tour-themes","19":"first","20":"instock","21":"shipping-taxable","22":"product-type-ovabrw_car_rental"},"_links":{"self":[{"href":"https:\/\/viettourist.asia\/cs\/wp-json\/wp\/v2\/product\/12432"}],"collection":[{"href":"https:\/\/viettourist.asia\/cs\/wp-json\/wp\/v2\/product"}],"about":[{"href":"https:\/\/viettourist.asia\/cs\/wp-json\/wp\/v2\/types\/product"}],"version-history":[{"count":1,"href":"https:\/\/viettourist.asia\/cs\/wp-json\/wp\/v2\/product\/12432\/revisions"}],"predecessor-version":[{"id":12436,"href":"https:\/\/viettourist.asia\/cs\/wp-json\/wp\/v2\/product\/12432\/revisions\/12436"}],"wp:featuredmedia":[{"embeddable":true,"href":"https:\/\/viettourist.asia\/cs\/wp-json\/wp\/v2\/media\/12434"}],"wp:attachment":[{"href":"https:\/\/viettourist.asia\/cs\/wp-json\/wp\/v2\/media?parent=12432"}],"wp:term":[{"taxonomy":"product_cat","embeddable":true,"href":"https:\/\/viettourist.asia\/cs\/wp-json\/wp\/v2\/product_cat?post=12432"},{"taxonomy":"product_tag","embeddable":true,"href":"https:\/\/viettourist.asia\/cs\/wp-json\/wp\/v2\/product_tag?post=12432"}],"curies":[{"name":"wp","href":"https:\/\/api.w.org\/{rel}","templated":true}]}}