{"id":12411,"date":"2024-10-10T07:24:41","date_gmt":"2024-10-10T07:24:41","guid":{"rendered":"https:\/\/viettourist.asia\/?post_type=product&#038;p=12411"},"modified":"2024-12-17T09:32:35","modified_gmt":"2024-12-17T09:32:35","slug":"celodenni-demilitarizovana-zona-vietnam","status":"publish","type":"product","link":"https:\/\/viettourist.asia\/cs\/turne\/celodenni-demilitarizovana-zona-vietnam\/","title":{"rendered":"Celodenn\u00ed demilitarizovan\u00e1 z\u00f3na Vietnam"},"content":{"rendered":"<p><span style=\"font-weight: 400;\">Hue je jednou z nejzn\u00e1m\u011bj\u0161\u00edch turistick\u00fdch destinac\u00ed ve Vietnamu a p\u0159itahuje mnoho n\u00e1v\u0161t\u011bvn\u00edk\u016f svou starobylou c\u00edsa\u0159skou kulturou, bohat\u00fdm historick\u00fdm v\u00fdznamem a jedine\u010dn\u00fdmi um\u011bleck\u00fdmi tradicemi, jako je kr\u00e1lovsk\u00e1 dvorn\u00ed hudba Hue. M\u011bsto je tak\u00e9 zn\u00e1m\u00e9 sv\u00fdmi v\u00fdrazn\u00fdmi architektonick\u00fdmi pam\u00e1tkami a pulzuj\u00edc\u00ed kuchyn\u00ed. Historick\u00e1 m\u00edsta v Hue p\u0159itahuj\u00ed mnoho n\u00e1v\u0161t\u011bvn\u00edk\u016f, zejm\u00e9na t\u011bch, kte\u0159\u00ed maj\u00ed r\u00e1di objevov\u00e1n\u00ed vietnamsk\u00e9 historie.<\/span><\/p>\n<p><span style=\"font-weight: 400;\">DMZ Tour z Hue je \u00fa\u017easn\u00fdm setk\u00e1n\u00edm s v\u00e1le\u010dnou histori\u00ed a bolestnou minulost\u00ed Vietnamu. M\u016f\u017eete si s n\u00e1mi ud\u011blat v\u00fdlet z Hue do demilitarizovan\u00e9 z\u00f3ny. Jsou zde p\u0159\u00edle\u017eitosti dozv\u011bd\u011bt se o v\u00e1le\u010dn\u00fdch strategi\u00edch, taktice, pl\u00e1nov\u00e1n\u00ed, hou\u017eevnat\u00e9m duchu Vietnamc\u016f, jejich \u00fakrytech a mnoho dal\u0161\u00edho. Tato prohl\u00eddka je vynikaj\u00edc\u00ed p\u0159\u00edle\u017eitost\u00ed, jak se dozv\u011bd\u011bt o v\u00e1lce ve Vietnamu.<\/span><\/p>","protected":false},"excerpt":{"rendered":"<p>Hue is one of the most famous tourist destinations in Vietnam, attracting many visitors with its ancient imperial culture, rich historical significance, and unique artistic traditions such as Hue royal court music. The city is also known for its distinctive architectural landmarks and vibrant cuisine. The historical sites in Hue attract many visitors, especially those [&hellip;]<\/p>\n","protected":false},"featured_media":12419,"template":"","meta":[],"product_cat":[87,88,241,89,90,92,103],"product_tag":[251,246,255,247],"class_list":{"0":"post-12411","1":"product","2":"type-product","3":"status-publish","4":"has-post-thumbnail","6":"brw_tour_themes-adventure","7":"brw_tour_themes-culture","8":"brw_tour_themes-day-tour","9":"brw_tour_themes-discover","10":"brw_tour_themes-family","11":"brw_tour_themes-group","12":"product_cat-adventure","13":"product_cat-culture","14":"product_cat-day-tour","15":"product_cat-discover","16":"product_cat-family","17":"product_cat-group","18":"product_cat-tour-themes","19":"product_tag-culture","20":"product_tag-discover","21":"product_tag-history","22":"product_tag-vietnam","24":"first","25":"instock","26":"shipping-taxable","27":"product-type-ovabrw_car_rental"},"_links":{"self":[{"href":"https:\/\/viettourist.asia\/cs\/wp-json\/wp\/v2\/product\/12411"}],"collection":[{"href":"https:\/\/viettourist.asia\/cs\/wp-json\/wp\/v2\/product"}],"about":[{"href":"https:\/\/viettourist.asia\/cs\/wp-json\/wp\/v2\/types\/product"}],"version-history":[{"count":1,"href":"https:\/\/viettourist.asia\/cs\/wp-json\/wp\/v2\/product\/12411\/revisions"}],"predecessor-version":[{"id":12420,"href":"https:\/\/viettourist.asia\/cs\/wp-json\/wp\/v2\/product\/12411\/revisions\/12420"}],"wp:featuredmedia":[{"embeddable":true,"href":"https:\/\/viettourist.asia\/cs\/wp-json\/wp\/v2\/media\/12419"}],"wp:attachment":[{"href":"https:\/\/viettourist.asia\/cs\/wp-json\/wp\/v2\/media?parent=12411"}],"wp:term":[{"taxonomy":"product_cat","embeddable":true,"href":"https:\/\/viettourist.asia\/cs\/wp-json\/wp\/v2\/product_cat?post=12411"},{"taxonomy":"product_tag","embeddable":true,"href":"https:\/\/viettourist.asia\/cs\/wp-json\/wp\/v2\/product_tag?post=12411"}],"curies":[{"name":"wp","href":"https:\/\/api.w.org\/{rel}","templated":true}]}}