{"id":12400,"date":"2024-10-10T06:57:32","date_gmt":"2024-10-10T06:57:32","guid":{"rendered":"https:\/\/viettourist.asia\/?post_type=product&#038;p=12400"},"modified":"2024-12-17T09:32:59","modified_gmt":"2024-12-17T09:32:59","slug":"pul-dne-na-historickem-moste-thanh-toan-a-vesnici-phuoc-tich","status":"publish","type":"product","link":"https:\/\/viettourist.asia\/cs\/turne\/pul-dne-na-historickem-moste-thanh-toan-a-vesnici-phuoc-tich\/","title":{"rendered":"P\u016fl dne u historick\u00e9ho mostu Thanh Toan a vesnice Phuoc Tich"},"content":{"rendered":"<p><span style=\"font-weight: 400;\">Most Thanh Toan je pozoruhodn\u00fdm p\u0159\u00edkladem architektury zast\u0159e\u0161en\u00e9ho mostu, kter\u00fd byl popul\u00e1rn\u00ed v 17. \u2013 18. stolet\u00ed. Dal\u0161\u00ed ikonick\u00e1 d\u00edla, kter\u00e1 maj\u00ed stejn\u00fd design jako most Thanh Toan, jsou most Khuc Thoai, most Phu Khe a zejm\u00e9na japonsk\u00fd most v Hoi An.<\/span> <span style=\"font-weight: 400;\">Most Thanh Toan, kter\u00fd p\u0159emos\u0165uje 18 metr\u016f dlouh\u00fd p\u0159\u00edkop, je cel\u00fd vyroben ze d\u0159eva a je obklopen bujn\u00fdmi stromy. Cel\u00e1 st\u0159echa mostu byla pokryta glazovan\u00fdmi ta\u0161kami \u2013 v t\u00e9 dob\u011b obl\u00edben\u00fdm druhem ta\u0161ek. D\u00edky t\u011bmto materi\u00e1l\u016fm si most zachoval sv\u00e9 antick\u00e9 barvy a vzory.\u00a0<\/span><\/p>\n<p><span style=\"font-weight: 400;\">Tato 40-kilometrov\u00e1 celodenn\u00ed cyklistick\u00e1 t\u00fara v\u00e1s provede odlehl\u00fdmi uli\u010dkami Hue, do vesnic s \u0159emesly, kde se setk\u00e1te s m\u00edstn\u00edmi obyvateli, a lod\u00ed po \u0159ece O Lau do starobyl\u00e9 vesnice Phuoc Tich, kde poob\u011bdv\u00e1te s m\u00edstn\u00ed rodinou ve 200 let star\u00e9m dom\u011b. Cyklistika je vedena rovinat\u00fdm ter\u00e9nem, v\u011bt\u0161inou po \u00favozech a mohou si ji u\u017e\u00edt i ti, kte\u0159\u00ed maj\u00ed n\u00edzkou kondici. Harmonick\u00e1 kombinace mezi obyvateli s jejich jedine\u010dnou kulturou a p\u0159\u00edrodou ve starov\u011bk\u00e9 vesnici Phuoc Tich zajist\u00ed, \u017ee tato zem\u011b bude dlouhotrvaj\u00edc\u00ed a pln\u00e1 \u0161t\u011bst\u00ed, jak u\u017e se jmenuje.<\/span><\/p>","protected":false},"excerpt":{"rendered":"<p>Thanh Toan Bridge is a remarkable example of the roofed bridge architecture which was popular during the 17th \u2013 18th centuries. Other iconic works that have the same design as Thanh Toan Bridge are Khuc Thoai Bridge, Phu Khe Bridge, and notably the Japanese Bridge in Hoi An. Bridging over an 18-meter-long ditch, Thanh Toan [&hellip;]<\/p>\n","protected":false},"featured_media":12401,"template":"","meta":[],"product_cat":[87,88,241,89,90,92,103],"product_tag":[256,254,246,255,247],"class_list":{"0":"post-12400","1":"product","2":"type-product","3":"status-publish","4":"has-post-thumbnail","6":"brw_tour_themes-adventure","7":"brw_tour_themes-culture","8":"brw_tour_themes-day-tour","9":"brw_tour_themes-discover","10":"brw_tour_themes-family","11":"brw_tour_themes-group","12":"product_cat-adventure","13":"product_cat-culture","14":"product_cat-day-tour","15":"product_cat-discover","16":"product_cat-family","17":"product_cat-group","18":"product_cat-tour-themes","19":"product_tag-bridge","20":"product_tag-countryside","21":"product_tag-discover","22":"product_tag-history","23":"product_tag-vietnam","25":"first","26":"instock","27":"shipping-taxable","28":"product-type-ovabrw_car_rental"},"_links":{"self":[{"href":"https:\/\/viettourist.asia\/cs\/wp-json\/wp\/v2\/product\/12400"}],"collection":[{"href":"https:\/\/viettourist.asia\/cs\/wp-json\/wp\/v2\/product"}],"about":[{"href":"https:\/\/viettourist.asia\/cs\/wp-json\/wp\/v2\/types\/product"}],"version-history":[{"count":1,"href":"https:\/\/viettourist.asia\/cs\/wp-json\/wp\/v2\/product\/12400\/revisions"}],"predecessor-version":[{"id":12404,"href":"https:\/\/viettourist.asia\/cs\/wp-json\/wp\/v2\/product\/12400\/revisions\/12404"}],"wp:featuredmedia":[{"embeddable":true,"href":"https:\/\/viettourist.asia\/cs\/wp-json\/wp\/v2\/media\/12401"}],"wp:attachment":[{"href":"https:\/\/viettourist.asia\/cs\/wp-json\/wp\/v2\/media?parent=12400"}],"wp:term":[{"taxonomy":"product_cat","embeddable":true,"href":"https:\/\/viettourist.asia\/cs\/wp-json\/wp\/v2\/product_cat?post=12400"},{"taxonomy":"product_tag","embeddable":true,"href":"https:\/\/viettourist.asia\/cs\/wp-json\/wp\/v2\/product_tag?post=12400"}],"curies":[{"name":"wp","href":"https:\/\/api.w.org\/{rel}","templated":true}]}}