{"id":12394,"date":"2024-10-10T06:49:25","date_gmt":"2024-10-10T06:49:25","guid":{"rendered":"https:\/\/viettourist.asia\/?post_type=product&#038;p=12394"},"modified":"2024-12-17T09:33:24","modified_gmt":"2024-12-17T09:33:24","slug":"den-v-hoi-an-a-muj-syn","status":"publish","type":"product","link":"https:\/\/viettourist.asia\/cs\/turne\/den-v-hoi-an-a-muj-syn\/","title":{"rendered":"Den v Hoi An a m\u016fj syn"},"content":{"rendered":"<p><span style=\"font-weight: 400;\">Hoi An, kter\u00fd se nach\u00e1z\u00ed na severn\u00edm b\u0159ehu doln\u00ed \u0159eky Thu Bon, je starobyl\u00e9 m\u011bsto v provincii Quang Nam, kter\u00e9 se nach\u00e1z\u00ed v\u00edce ne\u017e 30 km od Da Nang a 122 km od Hue. P\u0159i zm\u00ednce o Hoi An nelze p\u0159ehl\u00e9dnout \u0159ady star\u00fdch okrov\u00fdch budov, t\u0159pyt\u00edc\u00ed se \u0159eku osv\u011btlenou v noci lucernami a chutn\u00e9, cenov\u011b dostupn\u00e9 pouli\u010dn\u00ed j\u00eddlo. V\u0161e zde vyza\u0159uje jemnou a poklidnou kr\u00e1su s malebnou krajinou a v\u0159el\u00fdmi, p\u0159\u00e1telsk\u00fdmi a pohostinn\u00fdmi lidmi.<\/span><\/p>\n<p><span style=\"font-weight: 400;\">Spolu se starobyl\u00fdmi m\u011bsty Hoi An a Hue tvo\u0159\u00ed My Son Sanctuary seskupen\u00ed t\u0159\u00ed slavn\u00fdch pam\u00e1tek sv\u011btov\u00e9ho d\u011bdictv\u00ed ve st\u0159edn\u00edm Vietnamu, kter\u00e9 si v pr\u016fb\u011bhu \u010dasu udr\u017euj\u00ed svou popularitu jako turistick\u00e9 destinace. M\u016fj syn je poct\u011bn za\u0159azen\u00edm mezi 10 nejkr\u00e1sn\u011bj\u0161\u00edch a nejslavn\u011bj\u0161\u00edch chr\u00e1m\u016f v jihov\u00fdchodn\u00ed Asii a je posv\u00e1tn\u00fdm m\u00edstem, kter\u00e9 ka\u017ed\u00fd den p\u0159itahuje n\u00e1v\u0161t\u011bvn\u00edky k pr\u016fzkumu a obdivu. Tento \u010dl\u00e1nek poskytne podrobn\u00e9 informace o My Son Sanctuary spolu s u\u017eite\u010dn\u00fdmi a z\u00e1kladn\u00edmi cestovn\u00edmi tipy, kter\u00e9 byste si m\u011bli p\u0159e\u010d\u00edst a ulo\u017eit pr\u00e1v\u011b te\u010f.<\/span><\/p>","protected":false},"excerpt":{"rendered":"<p>Situated on the north bank of the lower Thu Bon River, Hoi An is an ancient town in Quang Nam province, located over 30 km from Da Nang and 122 km from Hue. When mentioning Hoi An, one cannot overlook the rows of old ochre buildings, the shimmering lantern-lit river at night, and the delicious, [&hellip;]<\/p>\n","protected":false},"featured_media":12397,"template":"","meta":[],"product_cat":[87,88,241,89,90,92,103],"product_tag":[251,246,255,247],"class_list":{"0":"post-12394","1":"product","2":"type-product","3":"status-publish","4":"has-post-thumbnail","6":"brw_tour_themes-culture","7":"brw_tour_themes-day-tour","8":"brw_tour_themes-discover","9":"brw_tour_themes-family","10":"brw_tour_themes-group","11":"product_cat-adventure","12":"product_cat-culture","13":"product_cat-day-tour","14":"product_cat-discover","15":"product_cat-family","16":"product_cat-group","17":"product_cat-tour-themes","18":"product_tag-culture","19":"product_tag-discover","20":"product_tag-history","21":"product_tag-vietnam","23":"first","24":"instock","25":"shipping-taxable","26":"product-type-ovabrw_car_rental"},"_links":{"self":[{"href":"https:\/\/viettourist.asia\/cs\/wp-json\/wp\/v2\/product\/12394"}],"collection":[{"href":"https:\/\/viettourist.asia\/cs\/wp-json\/wp\/v2\/product"}],"about":[{"href":"https:\/\/viettourist.asia\/cs\/wp-json\/wp\/v2\/types\/product"}],"version-history":[{"count":1,"href":"https:\/\/viettourist.asia\/cs\/wp-json\/wp\/v2\/product\/12394\/revisions"}],"predecessor-version":[{"id":12399,"href":"https:\/\/viettourist.asia\/cs\/wp-json\/wp\/v2\/product\/12394\/revisions\/12399"}],"wp:featuredmedia":[{"embeddable":true,"href":"https:\/\/viettourist.asia\/cs\/wp-json\/wp\/v2\/media\/12397"}],"wp:attachment":[{"href":"https:\/\/viettourist.asia\/cs\/wp-json\/wp\/v2\/media?parent=12394"}],"wp:term":[{"taxonomy":"product_cat","embeddable":true,"href":"https:\/\/viettourist.asia\/cs\/wp-json\/wp\/v2\/product_cat?post=12394"},{"taxonomy":"product_tag","embeddable":true,"href":"https:\/\/viettourist.asia\/cs\/wp-json\/wp\/v2\/product_tag?post=12394"}],"curies":[{"name":"wp","href":"https:\/\/api.w.org\/{rel}","templated":true}]}}