{"id":12387,"date":"2024-10-10T06:32:29","date_gmt":"2024-10-10T06:32:29","guid":{"rendered":"https:\/\/viettourist.asia\/?post_type=product&#038;p=12387"},"modified":"2024-12-17T09:34:41","modified_gmt":"2024-12-17T09:34:41","slug":"den-na-kole-do-phuoc-thich-vesnice","status":"publish","type":"product","link":"https:\/\/viettourist.asia\/cs\/turne\/den-na-kole-do-phuoc-thich-vesnice\/","title":{"rendered":"Den na kole do vesnice Phuoc Thich"},"content":{"rendered":"<p><span style=\"font-weight: 400;\">P\u0159ipojte se k t\u00e9to 40-kilometrov\u00e9 cyklistick\u00e9 prohl\u00eddce, kter\u00e1 v\u00e1s provede p\u016fvabn\u00fdmi uli\u010dkami Hue, nav\u0161t\u00edv\u00edte \u0159emesln\u00e9 vesnice a setk\u00e1te se s m\u00edstn\u00edmi obyvateli. Pot\u00e9 nastoup\u00edte na lo\u010f a budete se plavit po \u0159ece O Lau a dojedete do starobyl\u00e9 vesnice Phuoc Tich, kde si vychutn\u00e1te ob\u011bd s m\u00edstn\u00ed rodinou v historick\u00e9m 200 let star\u00e9m dom\u011b. J\u00edzda je vedena v rovinat\u00e9m ter\u00e9nu, p\u0159edev\u0161\u00edm po klidn\u00fdch silnic\u00edch, tak\u017ee je p\u0159\u00edstupn\u00e1 pro jednotlivce v\u0161ech \u00farovn\u00ed zdatnosti. Harmonick\u00e1 kombinace mezi obyvateli s jejich jedine\u010dnou kulturou a p\u0159\u00edrodou ve starobyl\u00e9 vesnici Phuoc Tich zajist\u00ed, \u017ee tato zem\u011b bude dlouhotrvaj\u00edc\u00ed a pln\u00e1 \u0161t\u011bst\u00ed, jak u\u017e se jmenuje.<\/span><\/p>","protected":false},"excerpt":{"rendered":"<p>Join this 40-km biking tour that will guide you through the charming backstreets of Hue, visiting craft villages to meet local residents. You\u2019ll then board a boat to navigate the O Lau River, reaching the ancient village of Phuoc Tich, where you\u2019ll enjoy lunch with a local family in a historic 200-year-old home. The ride [&hellip;]<\/p>\n","protected":false},"featured_media":12389,"template":"","meta":[],"product_cat":[241,87,88,89,90,92,103],"product_tag":[252,254,246,253,247],"class_list":{"0":"post-12387","1":"product","2":"type-product","3":"status-publish","4":"has-post-thumbnail","6":"brw_tour_themes-adventure","7":"brw_tour_themes-culture","8":"brw_tour_themes-day-tour","9":"brw_tour_themes-discover","10":"brw_tour_themes-family","11":"brw_tour_themes-group","12":"product_cat-day-tour","13":"product_cat-adventure","14":"product_cat-culture","15":"product_cat-discover","16":"product_cat-family","17":"product_cat-group","18":"product_cat-tour-themes","19":"product_tag-bicycle","20":"product_tag-countryside","21":"product_tag-discover","22":"product_tag-nature","23":"product_tag-vietnam","25":"first","26":"instock","27":"shipping-taxable","28":"product-type-ovabrw_car_rental"},"_links":{"self":[{"href":"https:\/\/viettourist.asia\/cs\/wp-json\/wp\/v2\/product\/12387"}],"collection":[{"href":"https:\/\/viettourist.asia\/cs\/wp-json\/wp\/v2\/product"}],"about":[{"href":"https:\/\/viettourist.asia\/cs\/wp-json\/wp\/v2\/types\/product"}],"version-history":[{"count":1,"href":"https:\/\/viettourist.asia\/cs\/wp-json\/wp\/v2\/product\/12387\/revisions"}],"predecessor-version":[{"id":12393,"href":"https:\/\/viettourist.asia\/cs\/wp-json\/wp\/v2\/product\/12387\/revisions\/12393"}],"wp:featuredmedia":[{"embeddable":true,"href":"https:\/\/viettourist.asia\/cs\/wp-json\/wp\/v2\/media\/12389"}],"wp:attachment":[{"href":"https:\/\/viettourist.asia\/cs\/wp-json\/wp\/v2\/media?parent=12387"}],"wp:term":[{"taxonomy":"product_cat","embeddable":true,"href":"https:\/\/viettourist.asia\/cs\/wp-json\/wp\/v2\/product_cat?post=12387"},{"taxonomy":"product_tag","embeddable":true,"href":"https:\/\/viettourist.asia\/cs\/wp-json\/wp\/v2\/product_tag?post=12387"}],"curies":[{"name":"wp","href":"https:\/\/api.w.org\/{rel}","templated":true}]}}