{"id":12384,"date":"2024-10-09T09:55:39","date_gmt":"2024-10-09T09:55:39","guid":{"rendered":"https:\/\/viettourist.asia\/?post_type=product&#038;p=12384"},"modified":"2024-12-17T09:35:07","modified_gmt":"2024-12-17T09:35:07","slug":"odraz-vietnamu-a-kambodze-15-dni-14-noci-kulturni-a-prirodni-poznavani","status":"publish","type":"product","link":"https:\/\/viettourist.asia\/cs\/turne\/odraz-vietnamu-a-kambodze-15-dni-14-noci-kulturni-a-prirodni-poznavani\/","title":{"rendered":"Odraz Vietnamu a Kambod\u017ee: 15 dn\u00ed \/ 14 noc\u00ed Kulturn\u00ed a p\u0159\u00edrodn\u00ed pr\u016fzkum"},"content":{"rendered":"<p>Vydejte se jednou za \u017eivot na cestu po Vietnamu a Kambod\u017ei, dvou nej\u00fa\u017easn\u011bj\u0161\u00edch destinac\u00edch jihov\u00fdchodn\u00ed Asie. Toto 15denn\u00ed dobrodru\u017estv\u00ed, kter\u00e9 trv\u00e1 9 dn\u00ed ve Vietnamu a 6 dn\u00ed v Kambod\u017ei, nab\u00edz\u00ed pohlcuj\u00edc\u00ed z\u00e1\u017eitek z bohat\u00e9 historie obou zem\u00ed, \u017eiv\u00e9 kultury a dechberouc\u00ed p\u0159\u00edrodn\u00ed krajiny. Od ru\u0161n\u00fdch ulic Hanoje a\u017e po starov\u011bk\u00e9 divy Angkor Wat, prozkoum\u00e1te m\u00edsta sv\u011btov\u00e9ho d\u011bdictv\u00ed UNESCO, bujn\u00e1 r\u00fd\u017eov\u00e1 pole a \u00fa\u017easnou deltu Mekongu. A\u0165 u\u017e se plav\u00edte po smaragdov\u00fdch vod\u00e1ch z\u00e1livu Halong nebo jste sv\u011bdky majest\u00e1tnosti chr\u00e1m\u016f v Siem Reap, tato odborn\u011b sestaven\u00e1 prohl\u00eddka poskytuje jedine\u010dn\u00fd pohled do srdce a du\u0161e Vietnamu a Kambod\u017ee. Tato prohl\u00eddka, kter\u00e1 je ide\u00e1ln\u00ed pro p\u00e1ry, rodiny nebo skupiny, vyva\u017euje kulturn\u00ed objevov\u00e1n\u00ed s klidnou relaxac\u00ed a slibuje nezapomenuteln\u00e9 dobrodru\u017estv\u00ed od za\u010d\u00e1tku do konce.<\/p>","protected":false},"excerpt":{"rendered":"<p>Embark on a once-in-a-lifetime journey through Vietnam and Cambodia, two of Southeast Asia&#8217;s most captivating destinations. This 15-day adventure, spanning 9 days in Vietnam and 6 days in Cambodia, offers an immersive experience of both countries&#8217; rich histories, vibrant cultures, and breathtaking natural landscapes. From the bustling streets of Hanoi to the ancient wonders of [&hellip;]<\/p>\n","protected":false},"featured_media":12143,"template":"","meta":[],"product_cat":[87,88,89,109,90,92,93,86,103],"product_tag":[248,251,246,249,250,245,247],"class_list":{"0":"post-12384","1":"product","2":"type-product","3":"status-publish","4":"has-post-thumbnail","6":"brw_tour_themes-culture","7":"brw_tour_themes-adventure","8":"brw_tour_themes-discover","9":"brw_tour_themes-education","10":"brw_tour_themes-family","11":"brw_tour_themes-group","12":"brw_tour_themes-honeymoon","13":"brw_tour_themes-luxury","14":"product_cat-adventure","15":"product_cat-culture","16":"product_cat-discover","17":"product_cat-education","18":"product_cat-family","19":"product_cat-group","20":"product_cat-honeymoon","21":"product_cat-luxury","22":"product_cat-tour-themes","23":"product_tag-cambodia","24":"product_tag-culture","25":"product_tag-discover","26":"product_tag-experience","27":"product_tag-leisure","28":"product_tag-travel","29":"product_tag-vietnam","31":"first","32":"instock","33":"shipping-taxable","34":"product-type-ovabrw_car_rental"},"_links":{"self":[{"href":"https:\/\/viettourist.asia\/cs\/wp-json\/wp\/v2\/product\/12384"}],"collection":[{"href":"https:\/\/viettourist.asia\/cs\/wp-json\/wp\/v2\/product"}],"about":[{"href":"https:\/\/viettourist.asia\/cs\/wp-json\/wp\/v2\/types\/product"}],"version-history":[{"count":1,"href":"https:\/\/viettourist.asia\/cs\/wp-json\/wp\/v2\/product\/12384\/revisions"}],"predecessor-version":[{"id":12385,"href":"https:\/\/viettourist.asia\/cs\/wp-json\/wp\/v2\/product\/12384\/revisions\/12385"}],"wp:featuredmedia":[{"embeddable":true,"href":"https:\/\/viettourist.asia\/cs\/wp-json\/wp\/v2\/media\/12143"}],"wp:attachment":[{"href":"https:\/\/viettourist.asia\/cs\/wp-json\/wp\/v2\/media?parent=12384"}],"wp:term":[{"taxonomy":"product_cat","embeddable":true,"href":"https:\/\/viettourist.asia\/cs\/wp-json\/wp\/v2\/product_cat?post=12384"},{"taxonomy":"product_tag","embeddable":true,"href":"https:\/\/viettourist.asia\/cs\/wp-json\/wp\/v2\/product_tag?post=12384"}],"curies":[{"name":"wp","href":"https:\/\/api.w.org\/{rel}","templated":true}]}}