{"id":12378,"date":"2024-10-09T09:14:16","date_gmt":"2024-10-09T09:14:16","guid":{"rendered":"https:\/\/viettourist.asia\/?post_type=product&#038;p=12378"},"modified":"2024-12-17T09:35:54","modified_gmt":"2024-12-17T09:35:54","slug":"kouzlo-vietnamu-a-angkor-wat-15-dni-14-noci","status":"publish","type":"product","link":"https:\/\/viettourist.asia\/cs\/turne\/kouzlo-vietnamu-a-angkor-wat-15-dni-14-noci\/","title":{"rendered":"Kouzlo Vietnamu a Angkor Wat 15 dn\u00ed \/ 14 noc\u00ed"},"content":{"rendered":"<p>Prozkoumejte kouzlo Vietnamu a Angkor Wat na 15denn\u00ed cest\u011b nap\u0159\u00ed\u010d dv\u011bma nej\u00fa\u017easn\u011bj\u0161\u00edmi destinacemi jihov\u00fdchodn\u00ed Asie. Tato prohl\u00eddka kombinuje 11denn\u00ed Vietnam Grand Tour se 4denn\u00edm prozkoum\u00e1v\u00e1n\u00edm Siem Reapu a nab\u00edz\u00ed v\u00e1m komplexn\u00ed z\u00e1\u017eitek z \u017eiv\u00fdch kultur, bohat\u00e9 historie a p\u0159\u00edrodn\u00edch kr\u00e1s.<\/p>\n<p>Od ru\u0161n\u00fdch ulic Ho \u010ci Minova M\u011bsta a klidn\u00e9 krajiny delty Mekongu a\u017e po starobyl\u00e1 c\u00edsa\u0159sk\u00e1 m\u011bsta Hue a Hoi An v\u00e1s tato prohl\u00eddka pono\u0159\u00ed do nad\u010dasov\u00e9ho kouzla Vietnamu. Budete obdivovat v\u00e1pencov\u00e9 \u00fatvary z\u00e1livu Halong, kter\u00fd je na seznamu sv\u011btov\u00e9ho d\u011bdictv\u00ed UNESCO, a odhal\u00edte historick\u00e1 tajemstv\u00ed Hanoje. Pot\u00e9 se vydejte do Siem Reapu, kde za\u017eijete \u00fa\u017easn\u00e9 chr\u00e1my Angkor Wat, prozkoum\u00e1te skryt\u00e9 z\u00e1zraky Banteay Srei a uvid\u00edte plovouc\u00ed vesnice jezera Tonle Sap.<\/p>","protected":false},"excerpt":{"rendered":"<p>Explore the Charm of Vietnam and Angkor Wat on a 15-day journey across two of Southeast Asia\u2019s most captivating destinations. This tour combines the 11-day Vietnam Grand Tour with a 4-day exploration of Siem Reap, offering you a comprehensive experience of both vibrant cultures, rich histories, and natural beauty. From the bustling streets of Ho [&hellip;]<\/p>\n","protected":false},"featured_media":12375,"template":"","meta":[],"product_cat":[87,88,89,90,92,93,86,103],"product_tag":[248,246,245,247],"class_list":{"0":"post-12378","1":"product","2":"type-product","3":"status-publish","4":"has-post-thumbnail","6":"brw_tour_themes-culture","7":"brw_tour_themes-adventure","8":"brw_tour_themes-discover","9":"brw_tour_themes-family","10":"brw_tour_themes-group","11":"brw_tour_themes-honeymoon","12":"brw_tour_themes-luxury","13":"product_cat-adventure","14":"product_cat-culture","15":"product_cat-discover","16":"product_cat-family","17":"product_cat-group","18":"product_cat-honeymoon","19":"product_cat-luxury","20":"product_cat-tour-themes","21":"product_tag-cambodia","22":"product_tag-discover","23":"product_tag-travel","24":"product_tag-vietnam","26":"first","27":"instock","28":"shipping-taxable","29":"product-type-ovabrw_car_rental"},"_links":{"self":[{"href":"https:\/\/viettourist.asia\/cs\/wp-json\/wp\/v2\/product\/12378"}],"collection":[{"href":"https:\/\/viettourist.asia\/cs\/wp-json\/wp\/v2\/product"}],"about":[{"href":"https:\/\/viettourist.asia\/cs\/wp-json\/wp\/v2\/types\/product"}],"version-history":[{"count":1,"href":"https:\/\/viettourist.asia\/cs\/wp-json\/wp\/v2\/product\/12378\/revisions"}],"predecessor-version":[{"id":12383,"href":"https:\/\/viettourist.asia\/cs\/wp-json\/wp\/v2\/product\/12378\/revisions\/12383"}],"wp:featuredmedia":[{"embeddable":true,"href":"https:\/\/viettourist.asia\/cs\/wp-json\/wp\/v2\/media\/12375"}],"wp:attachment":[{"href":"https:\/\/viettourist.asia\/cs\/wp-json\/wp\/v2\/media?parent=12378"}],"wp:term":[{"taxonomy":"product_cat","embeddable":true,"href":"https:\/\/viettourist.asia\/cs\/wp-json\/wp\/v2\/product_cat?post=12378"},{"taxonomy":"product_tag","embeddable":true,"href":"https:\/\/viettourist.asia\/cs\/wp-json\/wp\/v2\/product_tag?post=12378"}],"curies":[{"name":"wp","href":"https:\/\/api.w.org\/{rel}","templated":true}]}}