{"id":12373,"date":"2024-10-09T08:32:47","date_gmt":"2024-10-09T08:32:47","guid":{"rendered":"https:\/\/viettourist.asia\/?post_type=product&#038;p=12373"},"modified":"2024-12-17T09:36:52","modified_gmt":"2024-12-17T09:36:52","slug":"to-nejlepsi-z-vietnamu-a-kambodze-17-dni-16-noci","status":"publish","type":"product","link":"https:\/\/viettourist.asia\/cs\/turne\/to-nejlepsi-z-vietnamu-a-kambodze-17-dni-16-noci\/","title":{"rendered":"To nejlep\u0161\u00ed z Vietnamu a Kambod\u017ee 17 dn\u00ed \/ 16 noc\u00ed"},"content":{"rendered":"<p>Objevte dokonalou sm\u011bs kultury, historie a dechberouc\u00ed krajiny na na\u0161em 17denn\u00edm turn\u00e9 po Vietnamu a Kambod\u017ei. Tato cesta, dokonale vytvo\u0159en\u00e1 pro ty, kte\u0159\u00ed cht\u011bj\u00ed prozkoumat srdce jihov\u00fdchodn\u00ed Asie, v\u00e1s zavede z pulzuj\u00edc\u00edch ulic Hanoje a smaragdov\u00fdch vod z\u00e1livu Halong do nad\u010dasov\u00e9ho kouzla Hue a Hoi An. Vyd\u00e1te se hluboko do delty Mekongu a za\u017eijete energii Ho \u010ci Minova M\u011bsta, ne\u017e se vyd\u00e1te k div\u016fm Kambod\u017ee, kde na v\u00e1s \u010dek\u00e1 majest\u00e1tn\u00ed Angkor Wat.<\/p>\n<p>A\u0165 u\u017e se toul\u00e1te po starov\u011bk\u00fdch chr\u00e1mech v Siem Reap, proplouv\u00e1te ikonick\u00fdmi v\u00e1pencov\u00fdmi krasy z\u00e1livu Halong nebo zkoum\u00e1te bohatou historii Phnom Penhu, tato prohl\u00eddka nab\u00edz\u00ed hlubok\u00fd ponor do tradic, chut\u00ed a v\u0159el\u00e9 pohostinnosti obou zem\u00ed. D\u00edky pobyt\u016fm \u0161etrn\u00fdm k \u017eivotn\u00edmu prost\u0159ed\u00ed, m\u00edstn\u00edm kulin\u00e1\u0159sk\u00fdm specialit\u00e1m a prohl\u00eddk\u00e1m pam\u00e1tek sv\u011btov\u00e9ho d\u011bdictv\u00ed UNESCO <strong>To nejlep\u0161\u00ed z Vietnamu a Kambod\u017ee<\/strong> prohl\u00eddka slibuje nezapomenuteln\u00fd z\u00e1\u017eitek, spojen\u00ed dobrodru\u017estv\u00ed a relaxace v dokonal\u00e9 harmonii.<\/p>","protected":false},"excerpt":{"rendered":"<p>Discover the ultimate blend of culture, history, and breathtaking landscapes on our 17-day Vietnam &amp; Cambodia tour. Perfectly crafted for those who want to explore the heart of Southeast Asia, this journey takes you from the vibrant streets of Hanoi and the emerald waters of Halong Bay to the timeless charm of Hue and Hoi [&hellip;]<\/p>\n","protected":false},"featured_media":11943,"template":"","meta":[],"product_cat":[87,88,89,90,92,93,86,94],"product_tag":[],"class_list":{"0":"post-12373","1":"product","2":"type-product","3":"status-publish","4":"has-post-thumbnail","6":"brw_tour_themes-adventure","7":"brw_tour_themes-culture","8":"brw_tour_themes-discover","9":"brw_tour_themes-family","10":"brw_tour_themes-group","11":"brw_tour_themes-luxury","12":"product_cat-adventure","13":"product_cat-culture","14":"product_cat-discover","15":"product_cat-family","16":"product_cat-group","17":"product_cat-honeymoon","18":"product_cat-luxury","19":"product_cat-mice","21":"first","22":"instock","23":"shipping-taxable","24":"product-type-ovabrw_car_rental"},"_links":{"self":[{"href":"https:\/\/viettourist.asia\/cs\/wp-json\/wp\/v2\/product\/12373"}],"collection":[{"href":"https:\/\/viettourist.asia\/cs\/wp-json\/wp\/v2\/product"}],"about":[{"href":"https:\/\/viettourist.asia\/cs\/wp-json\/wp\/v2\/types\/product"}],"version-history":[{"count":1,"href":"https:\/\/viettourist.asia\/cs\/wp-json\/wp\/v2\/product\/12373\/revisions"}],"predecessor-version":[{"id":12377,"href":"https:\/\/viettourist.asia\/cs\/wp-json\/wp\/v2\/product\/12373\/revisions\/12377"}],"wp:featuredmedia":[{"embeddable":true,"href":"https:\/\/viettourist.asia\/cs\/wp-json\/wp\/v2\/media\/11943"}],"wp:attachment":[{"href":"https:\/\/viettourist.asia\/cs\/wp-json\/wp\/v2\/media?parent=12373"}],"wp:term":[{"taxonomy":"product_cat","embeddable":true,"href":"https:\/\/viettourist.asia\/cs\/wp-json\/wp\/v2\/product_cat?post=12373"},{"taxonomy":"product_tag","embeddable":true,"href":"https:\/\/viettourist.asia\/cs\/wp-json\/wp\/v2\/product_tag?post=12373"}],"curies":[{"name":"wp","href":"https:\/\/api.w.org\/{rel}","templated":true}]}}