{"id":12332,"date":"2024-09-26T03:31:55","date_gmt":"2024-09-26T03:31:55","guid":{"rendered":"https:\/\/viettourist.asia\/?post_type=product&#038;p=12332"},"modified":"2024-10-01T04:20:37","modified_gmt":"2024-10-01T04:20:37","slug":"ly-son-island-skryty-raj-2-dny-1-noc-morskeho-slunce-a-objevovani","status":"publish","type":"product","link":"https:\/\/viettourist.asia\/cs\/turne\/ly-son-island-skryty-raj-2-dny-1-noc-morskeho-slunce-a-objevovani\/","title":{"rendered":"Ostrov Ly Son: Lyon Lyon: Skryt\u00fd r\u00e1j - 2 dny \/ 1 noc mo\u0159e, slunce a objevov\u00e1n\u00ed"},"content":{"rendered":"<p>Ostrov Ly Son u pob\u0159e\u017e\u00ed st\u0159edn\u00edho Vietnamu je nedot\u010den\u00fdm r\u00e1jem, kter\u00fd \u010dek\u00e1 na objeven\u00ed. Ly Son, zn\u00e1m\u00fd jako \u201e\u010cesnekov\u00e9 kr\u00e1lovstv\u00ed\u201c a \u010dasto p\u0159irovn\u00e1van\u00fd k Malediv\u00e1m, nab\u00edz\u00ed dokonalou sm\u011bs p\u0159\u00edrodn\u00edch kr\u00e1s, bohat\u00e9 historie a jedine\u010dn\u00fdch kulturn\u00edch z\u00e1\u017eitk\u016f. Od starov\u011bk\u00e9 vulkanick\u00e9 krajiny po nedot\u010den\u00e9 pl\u00e1\u017ee a stalet\u00e9 pagody je tento 3denn\u00ed a 2denn\u00ed v\u00fdlet navr\u017een tak, aby v\u00e1s pono\u0159il do podmaniv\u00e9ho kouzla ostrova. A\u0165 u\u017e budete prozkoum\u00e1vat \u00fachvatn\u00e9 jeskyn\u011b, \u0161norchlovat v k\u0159i\u0161\u0165\u00e1lov\u011b \u010dist\u00fdch vod\u00e1ch nebo si pochutn\u00e1vat na m\u00edstn\u00edch lah\u016fdk\u00e1ch, Ly Son slibuje nezapomenutelnou cestu k m\u00e9n\u011b zn\u00e1m\u00e9mu klenotu vietnamsk\u00e9ho pob\u0159e\u017e\u00ed.<\/p>\n<p>P\u0159ipravte se na magick\u00e9 dobrodru\u017estv\u00ed, kde v\u00e1s ka\u017ed\u00fd okam\u017eik na t\u00e9to ostrovn\u00ed o\u00e1ze zanech\u00e1 v \u00fa\u017easu.<\/p>","protected":false},"excerpt":{"rendered":"<p>Nestled off the coast of Central Vietnam, Ly Son Island is an untouched paradise waiting to be discovered. Known as the &#8220;Garlic Kingdom&#8221; and often likened to the Maldives, Ly Son offers a perfect blend of natural beauty, rich history, and unique cultural experiences. From ancient volcanic landscapes to pristine beaches and centuries-old pagodas, this [&hellip;]<\/p>\n","protected":false},"featured_media":12334,"template":"","meta":[],"product_cat":[87,88,89,90,92,103],"product_tag":[],"class_list":{"0":"post-12332","1":"product","2":"type-product","3":"status-publish","4":"has-post-thumbnail","6":"brw_tour_themes-adventure","7":"brw_tour_themes-culture","8":"brw_tour_themes-discover","9":"brw_tour_themes-family","10":"brw_tour_themes-group","11":"product_cat-adventure","12":"product_cat-culture","13":"product_cat-discover","14":"product_cat-family","15":"product_cat-group","16":"product_cat-tour-themes","18":"first","19":"instock","20":"shipping-taxable","21":"product-type-ovabrw_car_rental"},"_links":{"self":[{"href":"https:\/\/viettourist.asia\/cs\/wp-json\/wp\/v2\/product\/12332"}],"collection":[{"href":"https:\/\/viettourist.asia\/cs\/wp-json\/wp\/v2\/product"}],"about":[{"href":"https:\/\/viettourist.asia\/cs\/wp-json\/wp\/v2\/types\/product"}],"version-history":[{"count":1,"href":"https:\/\/viettourist.asia\/cs\/wp-json\/wp\/v2\/product\/12332\/revisions"}],"predecessor-version":[{"id":12333,"href":"https:\/\/viettourist.asia\/cs\/wp-json\/wp\/v2\/product\/12332\/revisions\/12333"}],"wp:featuredmedia":[{"embeddable":true,"href":"https:\/\/viettourist.asia\/cs\/wp-json\/wp\/v2\/media\/12334"}],"wp:attachment":[{"href":"https:\/\/viettourist.asia\/cs\/wp-json\/wp\/v2\/media?parent=12332"}],"wp:term":[{"taxonomy":"product_cat","embeddable":true,"href":"https:\/\/viettourist.asia\/cs\/wp-json\/wp\/v2\/product_cat?post=12332"},{"taxonomy":"product_tag","embeddable":true,"href":"https:\/\/viettourist.asia\/cs\/wp-json\/wp\/v2\/product_tag?post=12332"}],"curies":[{"name":"wp","href":"https:\/\/api.w.org\/{rel}","templated":true}]}}