{"id":12320,"date":"2024-09-26T03:03:53","date_gmt":"2024-09-26T03:03:53","guid":{"rendered":"https:\/\/viettourist.asia\/?post_type=product&#038;p=12320"},"modified":"2024-09-26T03:04:50","modified_gmt":"2024-09-26T03:04:50","slug":"ly-syn-3-dny-2-noci-prohlidka-objevovani-vietnamskych-malediv","status":"publish","type":"product","link":"https:\/\/viettourist.asia\/cs\/turne\/ly-syn-3-dny-2-noci-prohlidka-objevovani-vietnamskych-malediv\/","title":{"rendered":"Ly Son 3 dny \/ 2 noci Z\u00e1jezd: Objevte vietnamsk\u00e9 Maledivy"},"content":{"rendered":"<p>Cestov\u00e1n\u00ed nen\u00ed jen \u00fanik z pr\u00e1ce nebo studia \u2013 je to cesta do nezn\u00e1ma, kde m\u016f\u017eete objevovat sv\u011bt kolem sebe a za\u017e\u00edt \u017eivot nov\u00fdmi zp\u016fsoby. Ostrov Ly Son, \u010dasto naz\u00fdvan\u00fd \u201eVietnamsk\u00e9 Maledivy\u201c, je perfektn\u00ed destinac\u00ed, kde se m\u016f\u017eete pono\u0159it do tohoto dobrodru\u017estv\u00ed.<\/p>\n<p>Na tohle <strong>3-denn\u00ed, 2-no\u010dn\u00ed prohl\u00eddka<\/strong>, ocitnete se obklopeni kr\u00e1sou ohromuj\u00edc\u00edch vietnamsk\u00fdch mo\u0159\u00ed a ostrov\u016f. Ly Son nab\u00edz\u00ed v\u0161e od k\u0159i\u0161\u0165\u00e1lov\u011b \u010dist\u00e9 vody po nedot\u010denou krajinu, co\u017e v\u00e1m umo\u017en\u00ed znovu se spojit s p\u0159\u00edrodou a z\u00e1rove\u0148 prozkoumat jej\u00ed jedine\u010dnou historii a kulturu. Tento ostrovn\u00ed \u00fat\u011bk slibuje, \u017ee bude omlazuj\u00edc\u00ed a nezapomenuteln\u00fd.<\/p>","protected":false},"excerpt":{"rendered":"<p>Travel isn\u2019t just an escape from work or study\u2014it\u2019s a journey into the unknown, where you can discover the world around you and experience life in new ways. Ly Son Island, often called the &#8220;Maldives of Vietnam,&#8221; is the perfect destination to dive into this adventure. On this 3-day, 2-night tour, you\u2019ll find yourself surrounded [&hellip;]<\/p>\n","protected":false},"featured_media":12323,"template":"","meta":[],"product_cat":[87,88,89,90,92,103],"product_tag":[],"class_list":{"0":"post-12320","1":"product","2":"type-product","3":"status-publish","4":"has-post-thumbnail","6":"brw_tour_themes-adventure","7":"brw_tour_themes-culture","8":"brw_tour_themes-discover","9":"brw_tour_themes-group","10":"product_cat-adventure","11":"product_cat-culture","12":"product_cat-discover","13":"product_cat-family","14":"product_cat-group","15":"product_cat-tour-themes","17":"first","18":"instock","19":"shipping-taxable","20":"product-type-ovabrw_car_rental"},"_links":{"self":[{"href":"https:\/\/viettourist.asia\/cs\/wp-json\/wp\/v2\/product\/12320"}],"collection":[{"href":"https:\/\/viettourist.asia\/cs\/wp-json\/wp\/v2\/product"}],"about":[{"href":"https:\/\/viettourist.asia\/cs\/wp-json\/wp\/v2\/types\/product"}],"version-history":[{"count":2,"href":"https:\/\/viettourist.asia\/cs\/wp-json\/wp\/v2\/product\/12320\/revisions"}],"predecessor-version":[{"id":12331,"href":"https:\/\/viettourist.asia\/cs\/wp-json\/wp\/v2\/product\/12320\/revisions\/12331"}],"wp:featuredmedia":[{"embeddable":true,"href":"https:\/\/viettourist.asia\/cs\/wp-json\/wp\/v2\/media\/12323"}],"wp:attachment":[{"href":"https:\/\/viettourist.asia\/cs\/wp-json\/wp\/v2\/media?parent=12320"}],"wp:term":[{"taxonomy":"product_cat","embeddable":true,"href":"https:\/\/viettourist.asia\/cs\/wp-json\/wp\/v2\/product_cat?post=12320"},{"taxonomy":"product_tag","embeddable":true,"href":"https:\/\/viettourist.asia\/cs\/wp-json\/wp\/v2\/product_tag?post=12320"}],"curies":[{"name":"wp","href":"https:\/\/api.w.org\/{rel}","templated":true}]}}