{"id":12290,"date":"2024-09-25T09:03:14","date_gmt":"2024-09-25T09:03:14","guid":{"rendered":"https:\/\/viettourist.asia\/?post_type=product&#038;p=12290"},"modified":"2024-12-17T09:37:54","modified_gmt":"2024-12-17T09:37:54","slug":"z-jihu-na-sever-vietnamu-vlakem-znovusjednoceni-8-dni-7-noci","status":"publish","type":"product","link":"https:\/\/viettourist.asia\/cs\/turne\/z-jihu-na-sever-vietnamu-vlakem-znovusjednoceni-8-dni-7-noci\/","title":{"rendered":"Z jihu na sever Vietnamu vlakem sjednocen\u00ed 8 dn\u00ed \/ 7 noc\u00ed"},"content":{"rendered":"<p><span class=\"OYPEnA font-feature-liga-off font-feature-clig-off font-feature-calt-off text-decoration-none text-strikethrough-none\">Tento itiner\u00e1\u0159 v\u00e1s zavede na luxusn\u00ed cestu bohat\u00fdm d\u011bdictv\u00edm a dechberouc\u00ed krajinou z jihu na sever Vietnamu. Budete cestovat tempem vlaku krajinou, ve kter\u00e9 budete c\u00edtit v\u016fni, a vyu\u017e\u00edt sv\u00e9 soukrom\u00e9 kabiny k odpo\u010dinku p\u0159ed r\u016fzn\u00fdmi etapami. Prozkoum\u00e1te starobyl\u00e9 m\u011bsto Hue, okouzluj\u00edc\u00ed m\u011bsto Hoi An a kr\u00e1sn\u00e9 pob\u0159e\u017en\u00ed m\u011bsto Nha Trang, kter\u00e9 skon\u010d\u00ed v hlavn\u00edm m\u011bst\u011b Hanoji, a to v\u0161e p\u0159i stylov\u00e9 cest\u011b na palub\u011b luxusn\u00edho vlaku znovusjednocen\u00ed.<\/span><\/p>","protected":false},"excerpt":{"rendered":"<p>This itinerary takes you on a luxury journey through the rich heritage and breathtaking landscapes from the south to the north of Vietnam. You will travel at the pace of the train through landscapes that will make you smell the scent, taking advantage of your private cabin to rest before the various stages. You&#8217;ll explore [&hellip;]<\/p>\n","protected":false},"featured_media":11913,"template":"","meta":[],"product_cat":[87,88,89,90,92,103],"product_tag":[],"class_list":{"0":"post-12290","1":"product","2":"type-product","3":"status-publish","4":"has-post-thumbnail","6":"brw_tour_themes-adventure","7":"brw_tour_themes-culture","8":"brw_tour_themes-discover","9":"brw_tour_themes-family","10":"brw_tour_themes-group","11":"product_cat-adventure","12":"product_cat-culture","13":"product_cat-discover","14":"product_cat-family","15":"product_cat-group","16":"product_cat-tour-themes","18":"first","19":"instock","20":"shipping-taxable","21":"product-type-ovabrw_car_rental"},"_links":{"self":[{"href":"https:\/\/viettourist.asia\/cs\/wp-json\/wp\/v2\/product\/12290"}],"collection":[{"href":"https:\/\/viettourist.asia\/cs\/wp-json\/wp\/v2\/product"}],"about":[{"href":"https:\/\/viettourist.asia\/cs\/wp-json\/wp\/v2\/types\/product"}],"version-history":[{"count":1,"href":"https:\/\/viettourist.asia\/cs\/wp-json\/wp\/v2\/product\/12290\/revisions"}],"predecessor-version":[{"id":12291,"href":"https:\/\/viettourist.asia\/cs\/wp-json\/wp\/v2\/product\/12290\/revisions\/12291"}],"wp:featuredmedia":[{"embeddable":true,"href":"https:\/\/viettourist.asia\/cs\/wp-json\/wp\/v2\/media\/11913"}],"wp:attachment":[{"href":"https:\/\/viettourist.asia\/cs\/wp-json\/wp\/v2\/media?parent=12290"}],"wp:term":[{"taxonomy":"product_cat","embeddable":true,"href":"https:\/\/viettourist.asia\/cs\/wp-json\/wp\/v2\/product_cat?post=12290"},{"taxonomy":"product_tag","embeddable":true,"href":"https:\/\/viettourist.asia\/cs\/wp-json\/wp\/v2\/product_tag?post=12290"}],"curies":[{"name":"wp","href":"https:\/\/api.w.org\/{rel}","templated":true}]}}