{"id":12272,"date":"2024-09-24T03:54:17","date_gmt":"2024-09-24T03:54:17","guid":{"rendered":"https:\/\/viettourist.asia\/?post_type=product&#038;p=12272"},"modified":"2024-09-24T03:54:18","modified_gmt":"2024-09-24T03:54:18","slug":"objevte-krasu-a-kulturu-laosu-za-7-dni-a-6-noci","status":"publish","type":"product","link":"https:\/\/viettourist.asia\/cs\/turne\/objevte-krasu-a-kulturu-laosu-za-7-dni-a-6-noci\/","title":{"rendered":"Objevte kr\u00e1sy a kulturu Laosu: A 7 dn\u00ed \/ 6 noc\u00ed"},"content":{"rendered":"<p>Vydejte se na nezapomenuteln\u00e9 7denn\u00ed dobrodru\u017estv\u00ed srdcem Laosu, kde na v\u00e1s \u010dekaj\u00ed starobyl\u00e9 chr\u00e1my, dechberouc\u00ed krajina a bohat\u00e9 kulturn\u00ed z\u00e1\u017eitky. Tento pe\u010dliv\u011b sestaven\u00fd itiner\u00e1\u0159 v\u00e1s zavede z okouzluj\u00edc\u00edho hlavn\u00edho m\u011bsta Vientiane p\u0159es malebn\u00e9 \u0159eky a jeskyn\u011b Vang Vieng a\u017e do duchovn\u00edho centra Luang Prabang. Po cest\u011b se pono\u0159te do m\u00edstn\u00edho d\u011bdictv\u00ed, prozkoumejte ohromuj\u00edc\u00ed p\u0159\u00edrodn\u00ed divy a u\u017eijte si jedine\u010dn\u00e9 aktivity, jako je trekking na slonech a n\u00e1v\u0161t\u011bva zn\u00e1m\u00e9ho parku Buddha. A\u0165 u\u017e obdivujete kr\u00e1su zlat\u00fdch chr\u00e1m\u016f nebo se plav\u00edte po \u0159ece Mekong, tato cesta nab\u00edz\u00ed dokonalou sm\u011bs dobrodru\u017estv\u00ed, relaxace a objevov\u00e1n\u00ed, co\u017e z n\u00ed d\u011bl\u00e1 ide\u00e1ln\u00ed \u00fanik pro cestovatele hledaj\u00edc\u00ed autentick\u00fd z\u00e1\u017eitek z Laosu.<\/p>","protected":false},"excerpt":{"rendered":"<p>Embark on an unforgettable 7-day adventure through the heart of Laos, where ancient temples, breathtaking landscapes, and rich cultural experiences await. This carefully curated itinerary will take you from the charming capital of Vientiane, through the scenic rivers and caves of Vang Vieng, to the spiritual hub of Luang Prabang. Along the way, immerse yourself [&hellip;]<\/p>\n","protected":false},"featured_media":12269,"template":"","meta":[],"product_cat":[87,88,89,90,92,103],"product_tag":[],"class_list":{"0":"post-12272","1":"product","2":"type-product","3":"status-publish","4":"has-post-thumbnail","6":"brw_tour_themes-adventure","7":"brw_tour_themes-culture","8":"brw_tour_themes-discover","9":"brw_tour_themes-family","10":"brw_tour_themes-group","11":"product_cat-adventure","12":"product_cat-culture","13":"product_cat-discover","14":"product_cat-family","15":"product_cat-group","16":"product_cat-tour-themes","18":"first","19":"instock","20":"shipping-taxable","21":"product-type-ovabrw_car_rental"},"_links":{"self":[{"href":"https:\/\/viettourist.asia\/cs\/wp-json\/wp\/v2\/product\/12272"}],"collection":[{"href":"https:\/\/viettourist.asia\/cs\/wp-json\/wp\/v2\/product"}],"about":[{"href":"https:\/\/viettourist.asia\/cs\/wp-json\/wp\/v2\/types\/product"}],"version-history":[{"count":1,"href":"https:\/\/viettourist.asia\/cs\/wp-json\/wp\/v2\/product\/12272\/revisions"}],"predecessor-version":[{"id":12275,"href":"https:\/\/viettourist.asia\/cs\/wp-json\/wp\/v2\/product\/12272\/revisions\/12275"}],"wp:featuredmedia":[{"embeddable":true,"href":"https:\/\/viettourist.asia\/cs\/wp-json\/wp\/v2\/media\/12269"}],"wp:attachment":[{"href":"https:\/\/viettourist.asia\/cs\/wp-json\/wp\/v2\/media?parent=12272"}],"wp:term":[{"taxonomy":"product_cat","embeddable":true,"href":"https:\/\/viettourist.asia\/cs\/wp-json\/wp\/v2\/product_cat?post=12272"},{"taxonomy":"product_tag","embeddable":true,"href":"https:\/\/viettourist.asia\/cs\/wp-json\/wp\/v2\/product_tag?post=12272"}],"curies":[{"name":"wp","href":"https:\/\/api.w.org\/{rel}","templated":true}]}}