{"id":12262,"date":"2024-09-24T02:59:40","date_gmt":"2024-09-24T02:59:40","guid":{"rendered":"https:\/\/viettourist.asia\/?post_type=product&#038;p=12262"},"modified":"2024-12-17T09:38:22","modified_gmt":"2024-12-17T09:38:22","slug":"objevte-nadcasovou-krasu-laosu-cesta-pres-luang-prabang-a-vientiane-4-dny-3-noci","status":"publish","type":"product","link":"https:\/\/viettourist.asia\/cs\/turne\/objevte-nadcasovou-krasu-laosu-cesta-pres-luang-prabang-a-vientiane-4-dny-3-noci\/","title":{"rendered":"Objevte nad\u010dasovou kr\u00e1su Laosu: Cesta p\u0159es Luang Prabang a Vientiane 4 dny \/ 3 noci"},"content":{"rendered":"<p>Laos, zem\u011b tis\u00edce slon\u016f, je destinac\u00ed, kter\u00e1 uchv\u00e1t\u00ed srdce svou poklidnou krajinou, bohat\u00fdmi tradicemi a hlubok\u00fdm duchovn\u00edm d\u011bdictv\u00edm. Tato cesta v\u00e1s provede okouzluj\u00edc\u00edm m\u011bstem Luang Prabang se zlat\u00fdmi chr\u00e1my a starov\u011bk\u00fdmi ritu\u00e1ly a \u017eiv\u00fdm hlavn\u00edm m\u011bstem Vientiane, kde se tradice snoub\u00ed s modernost\u00ed. Od sv\u011bdectv\u00ed posv\u00e1tn\u00e9ho ob\u0159adu almu\u017eny za \u00fasvitu a\u017e po prozkoum\u00e1v\u00e1n\u00ed mystick\u00fdch jeskyn\u00ed a starov\u011bk\u00fdch chr\u00e1m\u016f, tento itiner\u00e1\u0159 nab\u00edz\u00ed hlubok\u00fd ponor do kulturn\u00edch a p\u0159\u00edrodn\u00edch kr\u00e1s Laosu. A\u0165 u\u017e hled\u00e1te klidn\u00e9 zamy\u0161len\u00ed nebo \u017eiv\u00e9 objevov\u00e1n\u00ed, toto dobrodru\u017estv\u00ed slibuje dokonalou rovnov\u00e1hu oboj\u00edho.<\/p>","protected":false},"excerpt":{"rendered":"<p>Laos, the land of a thousand elephants, is a destination that captivates the heart with its serene landscapes, rich traditions, and profound spiritual heritage. This journey will take you through the enchanting town of Luang Prabang, with its golden temples and ancient rituals, and the lively capital of Vientiane, where tradition meets modernity. From witnessing [&hellip;]<\/p>\n","protected":false},"featured_media":12264,"template":"","meta":[],"product_cat":[87,88,89,90,92,86,103],"product_tag":[],"class_list":{"0":"post-12262","1":"product","2":"type-product","3":"status-publish","4":"has-post-thumbnail","6":"brw_tour_themes-adventure","7":"brw_tour_themes-culture","8":"brw_tour_themes-discover","9":"brw_tour_themes-family","10":"brw_tour_themes-group","11":"brw_tour_themes-luxury","12":"product_cat-adventure","13":"product_cat-culture","14":"product_cat-discover","15":"product_cat-family","16":"product_cat-group","17":"product_cat-luxury","18":"product_cat-tour-themes","20":"first","21":"instock","22":"shipping-taxable","23":"product-type-ovabrw_car_rental"},"_links":{"self":[{"href":"https:\/\/viettourist.asia\/cs\/wp-json\/wp\/v2\/product\/12262"}],"collection":[{"href":"https:\/\/viettourist.asia\/cs\/wp-json\/wp\/v2\/product"}],"about":[{"href":"https:\/\/viettourist.asia\/cs\/wp-json\/wp\/v2\/types\/product"}],"version-history":[{"count":1,"href":"https:\/\/viettourist.asia\/cs\/wp-json\/wp\/v2\/product\/12262\/revisions"}],"predecessor-version":[{"id":12270,"href":"https:\/\/viettourist.asia\/cs\/wp-json\/wp\/v2\/product\/12262\/revisions\/12270"}],"wp:featuredmedia":[{"embeddable":true,"href":"https:\/\/viettourist.asia\/cs\/wp-json\/wp\/v2\/media\/12264"}],"wp:attachment":[{"href":"https:\/\/viettourist.asia\/cs\/wp-json\/wp\/v2\/media?parent=12262"}],"wp:term":[{"taxonomy":"product_cat","embeddable":true,"href":"https:\/\/viettourist.asia\/cs\/wp-json\/wp\/v2\/product_cat?post=12262"},{"taxonomy":"product_tag","embeddable":true,"href":"https:\/\/viettourist.asia\/cs\/wp-json\/wp\/v2\/product_tag?post=12262"}],"curies":[{"name":"wp","href":"https:\/\/api.w.org\/{rel}","templated":true}]}}