{"id":12209,"date":"2024-09-20T06:52:08","date_gmt":"2024-09-20T06:52:08","guid":{"rendered":"https:\/\/viettourist.asia\/?post_type=product&#038;p=12209"},"modified":"2024-12-20T09:07:35","modified_gmt":"2024-12-20T09:07:35","slug":"prozkoumat-zazraky-siem-reap-5-dni-4-noci-kulturni-historie-a-dobrodruzstvi","status":"publish","type":"product","link":"https:\/\/viettourist.asia\/cs\/turne\/prozkoumat-zazraky-siem-reap-5-dni-4-noci-kulturni-historie-a-dobrodruzstvi\/","title":{"rendered":"Prozkoumejte divy Siem Reap: 5 dn\u00ed \/ 4 noci kultury, historie a dobrodru\u017estv\u00ed"},"content":{"rendered":"<p>Vydejte se na nezapomenutelnou cestu do Siem Reap, zem\u011b pln\u00e9 historie a \u017eiv\u00e9 kultury. B\u011bhem p\u011bti dn\u016f prozkoum\u00e1te s rodinou n\u00e1dhern\u00e9 chr\u00e1my Angkoru, v\u010detn\u011b ikonick\u00e9ho Angkor Watu a mystick\u00e9ho Ta Prohm, kde se prol\u00edn\u00e1 p\u0159\u00edroda a architektura. Za\u017eijte teplo kambod\u017esk\u00e9 pohostinnosti p\u0159i n\u00e1v\u0161t\u011bv\u011b m\u00edstn\u00edch plovouc\u00edch vesnic na jeze\u0159e Tonle Sap a pono\u0159te se do ka\u017edodenn\u00edho \u017eivota komunit, kter\u00e9 tam prosperuj\u00ed.<\/p>\n<p>Od ohromuj\u00edc\u00edch v\u00fdchod\u016f slunce nad starov\u011bk\u00fdmi ruinami a\u017e po fascinuj\u00edc\u00ed tane\u010dn\u00ed vystoupen\u00ed Apsara, tento pe\u010dliv\u011b vytvo\u0159en\u00fd itiner\u00e1\u0159 slibuje nejen prohl\u00eddku pam\u00e1tek, ale skute\u010dn\u00e9 spojen\u00ed s bohat\u00fdm d\u011bdictv\u00edm Kambod\u017ee. P\u0159ipojte se k n\u00e1m v Siem Reap a vytv\u00e1\u0159ejte vzpom\u00ednky, kter\u00e9 vydr\u017e\u00ed na cel\u00fd \u017eivot!<\/p>","protected":false},"excerpt":{"rendered":"<p>Embark on an unforgettable journey to Siem Reap, a land steeped in history and vibrant culture. Over five days, you and your family will explore the magnificent temples of Angkor, including the iconic Angkor Wat and the mystical Ta Prohm, where nature and architecture intertwine. Experience the warmth of Cambodian hospitality as you visit local [&hellip;]<\/p>\n","protected":false},"featured_media":12214,"template":"","meta":[],"product_cat":[87,88,89,90,92,103],"product_tag":[],"class_list":{"0":"post-12209","1":"product","2":"type-product","3":"status-publish","4":"has-post-thumbnail","6":"brw_tour_themes-culture","7":"brw_tour_themes-discover","8":"brw_tour_themes-family","9":"brw_tour_themes-group","10":"product_cat-adventure","11":"product_cat-culture","12":"product_cat-discover","13":"product_cat-family","14":"product_cat-group","15":"product_cat-tour-themes","17":"first","18":"instock","19":"shipping-taxable","20":"product-type-ovabrw_car_rental"},"_links":{"self":[{"href":"https:\/\/viettourist.asia\/cs\/wp-json\/wp\/v2\/product\/12209"}],"collection":[{"href":"https:\/\/viettourist.asia\/cs\/wp-json\/wp\/v2\/product"}],"about":[{"href":"https:\/\/viettourist.asia\/cs\/wp-json\/wp\/v2\/types\/product"}],"version-history":[{"count":1,"href":"https:\/\/viettourist.asia\/cs\/wp-json\/wp\/v2\/product\/12209\/revisions"}],"predecessor-version":[{"id":12210,"href":"https:\/\/viettourist.asia\/cs\/wp-json\/wp\/v2\/product\/12209\/revisions\/12210"}],"wp:featuredmedia":[{"embeddable":true,"href":"https:\/\/viettourist.asia\/cs\/wp-json\/wp\/v2\/media\/12214"}],"wp:attachment":[{"href":"https:\/\/viettourist.asia\/cs\/wp-json\/wp\/v2\/media?parent=12209"}],"wp:term":[{"taxonomy":"product_cat","embeddable":true,"href":"https:\/\/viettourist.asia\/cs\/wp-json\/wp\/v2\/product_cat?post=12209"},{"taxonomy":"product_tag","embeddable":true,"href":"https:\/\/viettourist.asia\/cs\/wp-json\/wp\/v2\/product_tag?post=12209"}],"curies":[{"name":"wp","href":"https:\/\/api.w.org\/{rel}","templated":true}]}}