{"id":12157,"date":"2024-09-20T03:57:47","date_gmt":"2024-09-20T03:57:47","guid":{"rendered":"https:\/\/viettourist.asia\/?post_type=product&#038;p=12157"},"modified":"2024-12-17T09:39:29","modified_gmt":"2024-12-17T09:39:29","slug":"objevte-nezkrotnou-krasu-mangrovoveho-lesa-can-gio-a-celodenni-ekologicke-dobrodruzstvi","status":"publish","type":"product","link":"https:\/\/viettourist.asia\/cs\/turne\/objevte-nezkrotnou-krasu-mangrovoveho-lesa-can-gio-a-celodenni-ekologicke-dobrodruzstvi\/","title":{"rendered":"Objevte nezkrotnou kr\u00e1su mangrovov\u00e9ho lesa Can Gio - celodenn\u00ed ekologick\u00e9 dobrodru\u017estv\u00ed"},"content":{"rendered":"<p>Pono\u0159te se do dechberouc\u00edho klidu mangrovov\u00e9ho lesa Can Gio, kter\u00fd je zaps\u00e1n na seznamu UNESCO, co\u017e je mimo\u0159\u00e1dn\u00e1 biosf\u00e9rick\u00e1 rezervace jen 50 kilometr\u016f od ru\u0161n\u00fdch ulic Ho \u010ci Minova M\u011bsta. Toto celodenn\u00ed dobrodru\u017estv\u00ed v\u00e1s zavede hluboko do srdce p\u0159\u00edrody, kde prozkoum\u00e1te bujn\u00e9 mangrovy, prosperuj\u00edc\u00ed divokou zv\u011b\u0159 a jedine\u010dn\u00fd ekosyst\u00e9m a z\u00e1rove\u0148 odhal\u00edte fascinuj\u00edc\u00ed historii regionu. P\u0159ipojte se k Viettourist na t\u00e9to nezapomenuteln\u00e9 cest\u011b jedn\u00edm z nejp\u016fvodn\u011bj\u0161\u00edch p\u0159\u00edrodn\u00edch div\u016f Vietnamu.<\/p>","protected":false},"excerpt":{"rendered":"<p>Immerse yourself in the breathtaking tranquility of the UNESCO-recognized Can Gio Mangrove Forest, an extraordinary biosphere reserve just 50 kilometers from the bustling streets of Ho Chi Minh City. This full-day adventure takes you deep into the heart of nature, where you\u2019ll explore lush mangroves, thriving wildlife, and a unique ecosystem while uncovering the fascinating [&hellip;]<\/p>\n","protected":false},"featured_media":12161,"template":"","meta":[],"product_cat":[241,103],"product_tag":[],"class_list":{"0":"post-12157","1":"product","2":"type-product","3":"status-publish","4":"has-post-thumbnail","6":"product_cat-day-tour","7":"product_cat-tour-themes","9":"first","10":"instock","11":"shipping-taxable","12":"product-type-ovabrw_car_rental"},"_links":{"self":[{"href":"https:\/\/viettourist.asia\/cs\/wp-json\/wp\/v2\/product\/12157"}],"collection":[{"href":"https:\/\/viettourist.asia\/cs\/wp-json\/wp\/v2\/product"}],"about":[{"href":"https:\/\/viettourist.asia\/cs\/wp-json\/wp\/v2\/types\/product"}],"version-history":[{"count":1,"href":"https:\/\/viettourist.asia\/cs\/wp-json\/wp\/v2\/product\/12157\/revisions"}],"predecessor-version":[{"id":12164,"href":"https:\/\/viettourist.asia\/cs\/wp-json\/wp\/v2\/product\/12157\/revisions\/12164"}],"wp:featuredmedia":[{"embeddable":true,"href":"https:\/\/viettourist.asia\/cs\/wp-json\/wp\/v2\/media\/12161"}],"wp:attachment":[{"href":"https:\/\/viettourist.asia\/cs\/wp-json\/wp\/v2\/media?parent=12157"}],"wp:term":[{"taxonomy":"product_cat","embeddable":true,"href":"https:\/\/viettourist.asia\/cs\/wp-json\/wp\/v2\/product_cat?post=12157"},{"taxonomy":"product_tag","embeddable":true,"href":"https:\/\/viettourist.asia\/cs\/wp-json\/wp\/v2\/product_tag?post=12157"}],"curies":[{"name":"wp","href":"https:\/\/api.w.org\/{rel}","templated":true}]}}