{"id":12151,"date":"2024-09-20T03:48:57","date_gmt":"2024-09-20T03:48:57","guid":{"rendered":"https:\/\/viettourist.asia\/?post_type=product&#038;p=12151"},"modified":"2024-09-24T08:58:27","modified_gmt":"2024-09-24T08:58:27","slug":"plavba-po-rece-saigon-k-legendarnim-tunelum-cu-chi-1denni-dobrodruzstvi","status":"publish","type":"product","link":"https:\/\/viettourist.asia\/cs\/turne\/plavba-po-rece-saigon-k-legendarnim-tunelum-cu-chi-1denni-dobrodruzstvi\/","title":{"rendered":"Plavba po \u0159ece Saigon k legend\u00e1rn\u00edm tunel\u016fm Cu Chi - 1 den dobrodru\u017estv\u00ed"},"content":{"rendered":"<p>Vra\u0165te se v \u010dase a za\u017eijte pozoruhodnou historii tunel\u016f Cu Chi p\u0159i plavb\u011b pod\u00e9l malebn\u00e9 \u0159eky Saigon. Tento nezapomenuteln\u00fd celodenn\u00ed v\u00fdlet spojuje kr\u00e1su vietnamsk\u00fdch vodn\u00edch cest s hlubok\u00fdm ponorem do jeho v\u00e1le\u010dn\u00e9 historie a nab\u00edz\u00ed v\u00e1m jedine\u010dn\u00fd pohled na odolnost a vynal\u00e9zavost vietnamsk\u00e9ho lidu. Nechte se Viettourist vz\u00edt na vzru\u0161uj\u00edc\u00ed cestu za pozn\u00e1n\u00edm jedn\u00e9 z nejv\u00edce fascinuj\u00edc\u00edch historick\u00fdch pam\u00e1tek v zemi.<\/p>","protected":false},"excerpt":{"rendered":"<p>Step back in time and experience the remarkable history of the Cu Chi Tunnels while cruising along the scenic Saigon River. This unforgettable full-day tour blends the beauty of Vietnam&#8217;s waterways with a deep dive into its wartime history, offering you a unique perspective on the resilience and resourcefulness of the Vietnamese people. Let Viettourist [&hellip;]<\/p>\n","protected":false},"featured_media":12152,"template":"","meta":[],"product_cat":[87,88,241,89,90,92,103],"product_tag":[],"class_list":{"0":"post-12151","1":"product","2":"type-product","3":"status-publish","4":"has-post-thumbnail","6":"brw_tour_themes-adventure","7":"brw_tour_themes-culture","8":"brw_tour_themes-discover","9":"brw_tour_themes-family","10":"brw_tour_themes-group","11":"product_cat-adventure","12":"product_cat-culture","13":"product_cat-day-tour","14":"product_cat-discover","15":"product_cat-family","16":"product_cat-group","17":"product_cat-tour-themes","19":"first","20":"instock","21":"shipping-taxable","22":"product-type-ovabrw_car_rental"},"_links":{"self":[{"href":"https:\/\/viettourist.asia\/cs\/wp-json\/wp\/v2\/product\/12151"}],"collection":[{"href":"https:\/\/viettourist.asia\/cs\/wp-json\/wp\/v2\/product"}],"about":[{"href":"https:\/\/viettourist.asia\/cs\/wp-json\/wp\/v2\/types\/product"}],"version-history":[{"count":1,"href":"https:\/\/viettourist.asia\/cs\/wp-json\/wp\/v2\/product\/12151\/revisions"}],"predecessor-version":[{"id":12156,"href":"https:\/\/viettourist.asia\/cs\/wp-json\/wp\/v2\/product\/12151\/revisions\/12156"}],"wp:featuredmedia":[{"embeddable":true,"href":"https:\/\/viettourist.asia\/cs\/wp-json\/wp\/v2\/media\/12152"}],"wp:attachment":[{"href":"https:\/\/viettourist.asia\/cs\/wp-json\/wp\/v2\/media?parent=12151"}],"wp:term":[{"taxonomy":"product_cat","embeddable":true,"href":"https:\/\/viettourist.asia\/cs\/wp-json\/wp\/v2\/product_cat?post=12151"},{"taxonomy":"product_tag","embeddable":true,"href":"https:\/\/viettourist.asia\/cs\/wp-json\/wp\/v2\/product_tag?post=12151"}],"curies":[{"name":"wp","href":"https:\/\/api.w.org\/{rel}","templated":true}]}}