{"id":12005,"date":"2024-09-16T04:19:06","date_gmt":"2024-09-16T04:19:06","guid":{"rendered":"https:\/\/viettourist.asia\/?post_type=product&#038;p=12005"},"modified":"2024-12-17T09:45:29","modified_gmt":"2024-12-17T09:45:29","slug":"pohled-na-11-dni-10-noci-ve-vietnamu-od-rusnych-mest-po-klidnou-krajinu","status":"publish","type":"product","link":"https:\/\/viettourist.asia\/cs\/turne\/pohled-na-11-dni-10-noci-ve-vietnamu-od-rusnych-mest-po-klidnou-krajinu\/","title":{"rendered":"Pohled na 11 dn\u00ed \/ 10 noc\u00ed ve Vietnamu: Od ru\u0161n\u00fdch m\u011bst po klidnou krajinu."},"content":{"rendered":"<p>Vydejte se na nezapomenuteln\u00e9 dobrodru\u017estv\u00ed Vietnamem, zem\u00ed, kde se starod\u00e1vn\u00e9 tradice hladce prol\u00ednaj\u00ed s pulzuj\u00edc\u00ed modernost\u00ed. Tento 11denn\u00ed v\u00fdlet v\u00e1s zavede z ru\u0161n\u00fdch ulic Saigonu do klidn\u00e9 krajiny z\u00e1livu Ha Long a nab\u00edz\u00ed bohatou tapis\u00e9rii z\u00e1\u017eitk\u016f, kter\u00e9 p\u0159edv\u00e1d\u011bj\u00ed jedine\u010dn\u00e9 kouzlo a kulturn\u00ed d\u011bdictv\u00ed Vietnamu.<\/p>\n<p>Za\u010dn\u011bte svou cestu v Saigonu, kde se pono\u0159\u00edte do historie tunel\u016f Cu Chi a prozkoum\u00e1te dynamick\u00e9 pam\u00e1tky m\u011bsta, od ikonick\u00e9 katedr\u00e1ly Notre Dame a\u017e po \u017eiv\u00fd trh Ben Thanh. Proplujte kouzeln\u00fdmi vodn\u00edmi toky delty Mekongu a za\u017eijte \u017eiv\u00e9 plovouc\u00ed trhy a sv\u011b\u017e\u00ed r\u00fd\u017eov\u00e1 pole, kter\u00e1 definuj\u00ed tuto \u00farodnou oblast.<\/p>\n<p>V\u00e1\u0161 pr\u016fzkum pokra\u010duje ve starobyl\u00e9m m\u011bst\u011b Hoi An, kde v\u00e1s \u00fazk\u00e9 uli\u010dky a tradi\u010dn\u00ed architektura p\u0159enesou zp\u011bt v \u010dase. Zde si u\u017eijete nad\u010dasovou kr\u00e1su japonsk\u00e9ho kryt\u00e9ho mostu a pulzuj\u00edc\u00edch m\u00edstn\u00edch trh\u016f a dokonce se z\u00fa\u010dastn\u00edte proj\u00ed\u017e\u010fky lod\u00ed po \u0159ece Thu Bon.<\/p>\n<p>Vydejte se na sever do Hanoje, kulturn\u00edho srdce zem\u011b, kde nav\u0161t\u00edv\u00edte historick\u00e1 m\u00edsta, jako je Ho \u010ci Minovo mauzoleum a Chr\u00e1m literatury. Pono\u0159te se do bohat\u00e9 historie Hanoje a u\u017eijte si tradi\u010dn\u00ed p\u0159edstaven\u00ed vodn\u00edch loutek, kter\u00e9 o\u017eivuje vietnamsk\u00fd folkl\u00f3r.<\/p>\n<p>\u017d\u00e1dn\u00e1 cesta Vietnamem by nebyla \u00fapln\u00e1 bez n\u00e1v\u0161t\u011bvy ohromuj\u00edc\u00ed z\u00e1toky Ha Long. Vydejte se na luxusn\u00ed plavbu, obdivujte dramatick\u00e9 v\u00e1pencov\u00e9 krasy z\u00e1livu a prozkoumejte skryt\u00e9 jeskyn\u011b a klidn\u00e9 pl\u00e1\u017ee. Za\u017eijte kouzlo tohoto m\u00edsta sv\u011btov\u00e9ho d\u011bdictv\u00ed UNESCO, kde je ka\u017ed\u00fd okam\u017eik nov\u00fdm objevem.<\/p>\n<p>Od ru\u0161n\u00fdch m\u011bst a historick\u00fdch m\u00edst po klidnou krajinu a kulturn\u00ed poklady, tato prohl\u00eddka nab\u00edz\u00ed komplexn\u00ed a pohlcuj\u00edc\u00ed z\u00e1\u017eitek z Vietnamu. P\u0159idejte se k n\u00e1m a vytvo\u0159te si trval\u00e9 vzpom\u00ednky na tuto strhuj\u00edc\u00ed cestu po jedn\u00e9 z nejkouzeln\u011bj\u0161\u00edch destinac\u00ed jihov\u00fdchodn\u00ed Asie.<\/p>","protected":false},"excerpt":{"rendered":"<p>Embark on an unforgettable adventure through Vietnam, a country where ancient traditions blend seamlessly with vibrant modernity. This 11-day tour takes you from the bustling streets of Saigon to the serene landscapes of Ha Long Bay, offering a rich tapestry of experiences that showcase Vietnam\u2019s unique charm and cultural heritage. Begin your journey in Saigon, [&hellip;]<\/p>\n","protected":false},"featured_media":11974,"template":"","meta":[],"product_cat":[87,88,89,90,92,86,103],"product_tag":[],"class_list":{"0":"post-12005","1":"product","2":"type-product","3":"status-publish","4":"has-post-thumbnail","6":"brw_tour_themes-culture","7":"brw_tour_themes-discover","8":"brw_tour_themes-family","9":"brw_tour_themes-group","10":"brw_tour_themes-luxury","11":"product_cat-adventure","12":"product_cat-culture","13":"product_cat-discover","14":"product_cat-family","15":"product_cat-group","16":"product_cat-luxury","17":"product_cat-tour-themes","19":"first","20":"instock","21":"shipping-taxable","22":"product-type-ovabrw_car_rental"},"_links":{"self":[{"href":"https:\/\/viettourist.asia\/cs\/wp-json\/wp\/v2\/product\/12005"}],"collection":[{"href":"https:\/\/viettourist.asia\/cs\/wp-json\/wp\/v2\/product"}],"about":[{"href":"https:\/\/viettourist.asia\/cs\/wp-json\/wp\/v2\/types\/product"}],"version-history":[{"count":2,"href":"https:\/\/viettourist.asia\/cs\/wp-json\/wp\/v2\/product\/12005\/revisions"}],"predecessor-version":[{"id":12190,"href":"https:\/\/viettourist.asia\/cs\/wp-json\/wp\/v2\/product\/12005\/revisions\/12190"}],"wp:featuredmedia":[{"embeddable":true,"href":"https:\/\/viettourist.asia\/cs\/wp-json\/wp\/v2\/media\/11974"}],"wp:attachment":[{"href":"https:\/\/viettourist.asia\/cs\/wp-json\/wp\/v2\/media?parent=12005"}],"wp:term":[{"taxonomy":"product_cat","embeddable":true,"href":"https:\/\/viettourist.asia\/cs\/wp-json\/wp\/v2\/product_cat?post=12005"},{"taxonomy":"product_tag","embeddable":true,"href":"https:\/\/viettourist.asia\/cs\/wp-json\/wp\/v2\/product_tag?post=12005"}],"curies":[{"name":"wp","href":"https:\/\/api.w.org\/{rel}","templated":true}]}}