{"id":11998,"date":"2024-09-16T03:39:22","date_gmt":"2024-09-16T03:39:22","guid":{"rendered":"https:\/\/viettourist.asia\/?post_type=product&#038;p=11998"},"modified":"2024-12-17T09:45:56","modified_gmt":"2024-12-17T09:45:56","slug":"pohlcujici-cesta-vietnamskou-kulturou-a-prirodou-9-dni-8-noci","status":"publish","type":"product","link":"https:\/\/viettourist.asia\/cs\/turne\/pohlcujici-cesta-vietnamskou-kulturou-a-prirodou-9-dni-8-noci\/","title":{"rendered":"Pohlcuj\u00edc\u00ed cesta vietnamskou kulturou a p\u0159\u00edrodou 9 dn\u00ed \/ 8 noc\u00ed"},"content":{"rendered":"<p>Za\u017eijte vzru\u0161uj\u00edc\u00ed 9denn\u00ed a 8no\u010dn\u00ed expedici srdcem Vietnamu, kde se za\u017eit\u00e9 tradice sb\u00edhaj\u00ed s \u00fa\u017easnou krajinou. Tato prohl\u00eddka za\u010d\u00edn\u00e1 v pulzuj\u00edc\u00edch ulic\u00edch Hanoje s bohatou histori\u00ed a pokra\u010duje na klidn\u00e9 v\u00e1pencov\u00e9 ostrovy Halong Bay a poskytuje hlubok\u00fd ponor do rozmanit\u00e9 vietnamsk\u00e9 kultury a p\u0159\u00edrodn\u00ed n\u00e1dhery. Projd\u011bte se poklidnou krajinou Ninh Binh, obdivujte architektonick\u00e9 z\u00e1zraky Ba Na Hills a pono\u0159te se do \u017eiv\u00fdch trh\u016f v delt\u011b Mekongu. Ka\u017ed\u00fd den odhaluje skute\u010dn\u00e9ho ducha Vietnamu a plynule propojuje kulturn\u00ed poznatky s dechberouc\u00ed scen\u00e9ri\u00ed. Kdy\u017e budete obdivovat majest\u00e1tnost starov\u011bk\u00fdch chr\u00e1m\u016f, proplouvat bujn\u00fdmi vodami nebo vychutn\u00e1vat m\u00edstn\u00ed kulin\u00e1\u0159sk\u00e9 lah\u016fdky, tato cesta zaru\u010duje chv\u00edle objevov\u00e1n\u00ed a klidu. Vydejte se s n\u00e1mi na toto pozoruhodn\u00e9 dobrodru\u017estv\u00ed, kde v\u00e1m ka\u017ed\u00e1 destinace p\u0159ibl\u00ed\u017e\u00ed podstatu Vietnamu.<\/p>","protected":false},"excerpt":{"rendered":"<p>Experience an exhilarating 9-day, 8-night expedition through the heart of Vietnam, where time-honored traditions converge with stunning landscapes. Starting in the vibrant streets of Hanoi, rich in history, and continuing to the tranquil limestone islands of Halong Bay, this tour provides a deep dive into Vietnam\u2019s diverse culture and natural splendor. Stroll through the peaceful [&hellip;]<\/p>\n","protected":false},"featured_media":11972,"template":"","meta":[],"product_cat":[87,88,89,90,92,86,103],"product_tag":[],"class_list":{"0":"post-11998","1":"product","2":"type-product","3":"status-publish","4":"has-post-thumbnail","6":"brw_tour_themes-culture","7":"brw_tour_themes-discover","8":"brw_tour_themes-family","9":"brw_tour_themes-group","10":"brw_tour_themes-luxury","11":"product_cat-adventure","12":"product_cat-culture","13":"product_cat-discover","14":"product_cat-family","15":"product_cat-group","16":"product_cat-luxury","17":"product_cat-tour-themes","19":"first","20":"instock","21":"shipping-taxable","22":"product-type-ovabrw_car_rental"},"_links":{"self":[{"href":"https:\/\/viettourist.asia\/cs\/wp-json\/wp\/v2\/product\/11998"}],"collection":[{"href":"https:\/\/viettourist.asia\/cs\/wp-json\/wp\/v2\/product"}],"about":[{"href":"https:\/\/viettourist.asia\/cs\/wp-json\/wp\/v2\/types\/product"}],"version-history":[{"count":1,"href":"https:\/\/viettourist.asia\/cs\/wp-json\/wp\/v2\/product\/11998\/revisions"}],"predecessor-version":[{"id":12001,"href":"https:\/\/viettourist.asia\/cs\/wp-json\/wp\/v2\/product\/11998\/revisions\/12001"}],"wp:featuredmedia":[{"embeddable":true,"href":"https:\/\/viettourist.asia\/cs\/wp-json\/wp\/v2\/media\/11972"}],"wp:attachment":[{"href":"https:\/\/viettourist.asia\/cs\/wp-json\/wp\/v2\/media?parent=11998"}],"wp:term":[{"taxonomy":"product_cat","embeddable":true,"href":"https:\/\/viettourist.asia\/cs\/wp-json\/wp\/v2\/product_cat?post=11998"},{"taxonomy":"product_tag","embeddable":true,"href":"https:\/\/viettourist.asia\/cs\/wp-json\/wp\/v2\/product_tag?post=11998"}],"curies":[{"name":"wp","href":"https:\/\/api.w.org\/{rel}","templated":true}]}}