{"id":11986,"date":"2024-09-10T03:49:42","date_gmt":"2024-09-10T03:49:42","guid":{"rendered":"https:\/\/viettourist.asia\/?post_type=product&#038;p=11986"},"modified":"2024-12-20T09:07:30","modified_gmt":"2024-12-20T09:07:30","slug":"ze-zatoky-halong-do-delty-mekongu-13-dni-12-noci","status":"publish","type":"product","link":"https:\/\/viettourist.asia\/cs\/turne\/ze-zatoky-halong-do-delty-mekongu-13-dni-12-noci\/","title":{"rendered":"Z Halong Bay do delty Mekongu 13 dn\u00ed \/ 12 noc\u00ed"},"content":{"rendered":"<div>\n<p>Vydejte se na nezapomenutelnou cestu do srdce a du\u0161e Vietnamu, kde ka\u017ed\u00fd u\u010din\u011bn\u00fd krok zanech\u00e1 pozitivn\u00ed otisk na planet\u011b. Pe\u010dliv\u011b vytvo\u0159en\u00e9 dobrodru\u017estv\u00ed, kter\u00e9 hladce spojuje dechberouc\u00ed krajinu a bohat\u00e9 kulturn\u00ed z\u00e1\u017eitky. P\u0159idejte se k n\u00e1m a pono\u0159te se do pulzuj\u00edc\u00ed vietnamsk\u00e9 tapis\u00e9rie, od starobyl\u00fdch uli\u010dek Hanoje po ru\u0161nou energii Ho \u010ci Minova M\u011bsta, a p\u0159itom z\u016fsta\u0148te v\u011brn\u00ed na\u0161emu z\u00e1vazku chr\u00e1nit p\u0159\u00edrodn\u00ed kr\u00e1sy a kulturn\u00ed d\u011bdictv\u00ed t\u00e9to okouzluj\u00edc\u00ed zem\u011b. P\u0159ipravte se pono\u0159it se do Vietnamu, spojit se s m\u00edstn\u00edmi komunitami a vytvo\u0159it si trval\u00e9 vzpom\u00ednky na v\u00fdlet, kter\u00fd p\u0159esahuje turistick\u00fd ruch: je \u010das prozkoumat Vietnam od jihu k severu.<\/p>\n<\/div>","protected":false},"excerpt":{"rendered":"<p>Embark on an unforgettable journey to the heart and soul of Vietnam, where every step taken leaves a positive imprint on the planet. A meticulously crafted adventure that seamlessly blends breathtaking landscapes, rich cultural experiences. Join us to immerse yourself in Vietnam&#8217;s vibrant tapestry, from the ancient streets of Hanoi to the bustling energy of [&hellip;]<\/p>\n","protected":false},"featured_media":11944,"template":"","meta":[],"product_cat":[87,88,89,90,92,86,103],"product_tag":[],"class_list":{"0":"post-11986","1":"product","2":"type-product","3":"status-publish","4":"has-post-thumbnail","6":"brw_tour_themes-culture","7":"brw_tour_themes-discover","8":"brw_tour_themes-family","9":"brw_tour_themes-group","10":"brw_tour_themes-honeymoon","11":"product_cat-adventure","12":"product_cat-culture","13":"product_cat-discover","14":"product_cat-family","15":"product_cat-group","16":"product_cat-luxury","17":"product_cat-tour-themes","19":"first","20":"instock","21":"shipping-taxable","22":"product-type-ovabrw_car_rental"},"_links":{"self":[{"href":"https:\/\/viettourist.asia\/cs\/wp-json\/wp\/v2\/product\/11986"}],"collection":[{"href":"https:\/\/viettourist.asia\/cs\/wp-json\/wp\/v2\/product"}],"about":[{"href":"https:\/\/viettourist.asia\/cs\/wp-json\/wp\/v2\/types\/product"}],"version-history":[{"count":2,"href":"https:\/\/viettourist.asia\/cs\/wp-json\/wp\/v2\/product\/11986\/revisions"}],"predecessor-version":[{"id":12277,"href":"https:\/\/viettourist.asia\/cs\/wp-json\/wp\/v2\/product\/11986\/revisions\/12277"}],"wp:featuredmedia":[{"embeddable":true,"href":"https:\/\/viettourist.asia\/cs\/wp-json\/wp\/v2\/media\/11944"}],"wp:attachment":[{"href":"https:\/\/viettourist.asia\/cs\/wp-json\/wp\/v2\/media?parent=11986"}],"wp:term":[{"taxonomy":"product_cat","embeddable":true,"href":"https:\/\/viettourist.asia\/cs\/wp-json\/wp\/v2\/product_cat?post=11986"},{"taxonomy":"product_tag","embeddable":true,"href":"https:\/\/viettourist.asia\/cs\/wp-json\/wp\/v2\/product_tag?post=11986"}],"curies":[{"name":"wp","href":"https:\/\/api.w.org\/{rel}","templated":true}]}}