{"id":11980,"date":"2024-09-09T09:06:31","date_gmt":"2024-09-09T09:06:31","guid":{"rendered":"https:\/\/viettourist.asia\/?post_type=product&#038;p=11980"},"modified":"2024-12-20T09:07:33","modified_gmt":"2024-12-20T09:07:33","slug":"objevovani-vietnamu19-dni-18-noci","status":"publish","type":"product","link":"https:\/\/viettourist.asia\/cs\/turne\/objevovani-vietnamu19-dni-18-noci\/","title":{"rendered":"Objevov\u00e1n\u00ed Vietnamu 19 dn\u00ed \/ 18 noc\u00ed"},"content":{"rendered":"<div>\n<p>Vydejte se na nezapomenutelnou cestu do srdce a du\u0161e Vietnamu, kde ka\u017ed\u00fd u\u010din\u011bn\u00fd krok zanech\u00e1 pozitivn\u00ed otisk na planet\u011b. Pe\u010dliv\u011b vytvo\u0159en\u00e9 dobrodru\u017estv\u00ed, kter\u00e9 hladce spojuje dechberouc\u00ed krajinu a bohat\u00e9 kulturn\u00ed z\u00e1\u017eitky. P\u0159idejte se k n\u00e1m a pono\u0159te se do pulzuj\u00edc\u00ed vietnamsk\u00e9 tapis\u00e9rie, od starobyl\u00fdch uli\u010dek Hanoje po ru\u0161nou energii Ho \u010ci Minova M\u011bsta, a p\u0159itom z\u016fsta\u0148te v\u011brn\u00ed na\u0161emu z\u00e1vazku chr\u00e1nit p\u0159\u00edrodn\u00ed kr\u00e1sy a kulturn\u00ed d\u011bdictv\u00ed t\u00e9to okouzluj\u00edc\u00ed zem\u011b. . P\u0159ipravte se pono\u0159it se do Vietnamu, spojit se s m\u00edstn\u00edmi komunitami a vytvo\u0159it si trval\u00e9 vzpom\u00ednky na v\u00fdlet, kter\u00fd p\u0159esahuje turistick\u00fd ruch: je \u010das prozkoumat Vietnam od jihu k severu.<\/p>\n<\/div>","protected":false},"excerpt":{"rendered":"<p>Embark on an unforgettable journey to the heart and soul of Vietnam, where every step taken leaves a positive imprint on the planet. A meticulously crafted adventure that seamlessly blends breathtaking landscapes, rich cultural experiences. Join us to immerse yourself in Vietnam&#8217;s vibrant tapestry, from the ancient streets of Hanoi to the bustling energy of [&hellip;]<\/p>\n","protected":false},"featured_media":11982,"template":"","meta":[],"product_cat":[87,88,89,90,92,86,103],"product_tag":[],"class_list":{"0":"post-11980","1":"product","2":"type-product","3":"status-publish","4":"has-post-thumbnail","6":"brw_tour_themes-adventure","7":"brw_tour_themes-culture","8":"brw_tour_themes-discover","9":"brw_tour_themes-family","10":"brw_tour_themes-group","11":"brw_tour_themes-luxury","12":"product_cat-adventure","13":"product_cat-culture","14":"product_cat-discover","15":"product_cat-family","16":"product_cat-group","17":"product_cat-luxury","18":"product_cat-tour-themes","20":"first","21":"instock","22":"shipping-taxable","23":"product-type-ovabrw_car_rental"},"_links":{"self":[{"href":"https:\/\/viettourist.asia\/cs\/wp-json\/wp\/v2\/product\/11980"}],"collection":[{"href":"https:\/\/viettourist.asia\/cs\/wp-json\/wp\/v2\/product"}],"about":[{"href":"https:\/\/viettourist.asia\/cs\/wp-json\/wp\/v2\/types\/product"}],"version-history":[{"count":2,"href":"https:\/\/viettourist.asia\/cs\/wp-json\/wp\/v2\/product\/11980\/revisions"}],"predecessor-version":[{"id":12171,"href":"https:\/\/viettourist.asia\/cs\/wp-json\/wp\/v2\/product\/11980\/revisions\/12171"}],"wp:featuredmedia":[{"embeddable":true,"href":"https:\/\/viettourist.asia\/cs\/wp-json\/wp\/v2\/media\/11982"}],"wp:attachment":[{"href":"https:\/\/viettourist.asia\/cs\/wp-json\/wp\/v2\/media?parent=11980"}],"wp:term":[{"taxonomy":"product_cat","embeddable":true,"href":"https:\/\/viettourist.asia\/cs\/wp-json\/wp\/v2\/product_cat?post=11980"},{"taxonomy":"product_tag","embeddable":true,"href":"https:\/\/viettourist.asia\/cs\/wp-json\/wp\/v2\/product_tag?post=11980"}],"curies":[{"name":"wp","href":"https:\/\/api.w.org\/{rel}","templated":true}]}}