{"id":11971,"date":"2024-09-09T04:46:10","date_gmt":"2024-09-09T04:46:10","guid":{"rendered":"https:\/\/viettourist.asia\/?post_type=product&#038;p=11971"},"modified":"2025-05-19T07:06:53","modified_gmt":"2025-05-19T07:06:53","slug":"libanky-na-samote-ve-strednim-a-severnim-vietnamu-a-7-dni-6-noci-romanticka-cesta-danang-hoi-an-hanoi-halong-bay","status":"publish","type":"product","link":"https:\/\/viettourist.asia\/cs\/turne\/libanky-na-samote-ve-strednim-a-severnim-vietnamu-a-7-dni-6-noci-romanticka-cesta-danang-hoi-an-hanoi-halong-bay\/","title":{"rendered":"L\u00edb\u00e1nky na samot\u011b ve st\u0159edn\u00edm a severn\u00edm Vietnamu: 7 dn\u00ed \/ 6 noc\u00ed Romantick\u00e1 cesta Danang \u2013 Hoi An \u2013 Hanoj \u2013 Halong Bay"},"content":{"rendered":"<p>Vydejte se na bla\u017een\u00e9 7denn\u00ed l\u00edb\u00e1nkov\u00e9 dobrodru\u017estv\u00ed srdcem Vietnamu, kter\u00e9 v\u00e1m nab\u00eddne nezapomenutelnou sm\u011bs romantiky, historie a p\u0159\u00edrodn\u00edch kr\u00e1s. Od klidn\u00fdch pl\u00e1\u017e\u00ed Danangu po starobyl\u00e9 uli\u010dky Hoi An, ru\u0161n\u00e9 kouzlo Hanoje a dechberouc\u00ed majest\u00e1tnost Halong Bay je tento pe\u010dliv\u011b sestaven\u00fd itiner\u00e1\u0159 dokonal\u00fdm \u00fanikem pro p\u00e1ry, kter\u00e9 hledaj\u00ed odlou\u010den\u00ed a dobrodru\u017estv\u00ed.<\/p>\n<p>Dop\u0159ejte si intimn\u00ed chv\u00edle uprost\u0159ed ohromuj\u00edc\u00ed krajiny, prozkoumejte bohat\u00e9 kulturn\u00ed d\u011bdictv\u00ed Vietnamu a odpo\u010di\u0148te si s luxusn\u00edmi z\u00e1\u017eitky, to v\u0161e p\u0159i objevov\u00e1n\u00ed skryt\u00fdch drahokam\u016f. Od vyhl\u00eddkov\u00fdch j\u00edzd lanovkou a ve\u010de\u0159\u00ed p\u0159i sv\u00ed\u010dk\u00e1ch na plavb\u011b po z\u00e1toce Halong a\u017e po klidn\u00e9 proch\u00e1zky malebn\u00fdmi m\u011bste\u010dky a klidn\u00e9 chv\u00edle v p\u0159\u00edrod\u011b, tato prohl\u00eddka slibuje za\u017eehnout va\u0161i l\u00e1sku k sob\u011b navz\u00e1jem i k Vietnamu.<\/p>","protected":false},"excerpt":{"rendered":"<p>Embark on a blissful 7-day honeymoon adventure through the heart of Vietnam, designed to offer you an unforgettable blend of romance, history, and natural beauty. From the tranquil beaches of Danang to the ancient streets of Hoi An, the bustling charm of Hanoi, and the breathtaking majesty of Halong Bay, this carefully curated itinerary is [&hellip;]<\/p>\n","protected":false},"featured_media":12251,"template":"","meta":[],"product_cat":[88,89,93,86,103],"product_tag":[],"class_list":{"0":"post-11971","1":"product","2":"type-product","3":"status-publish","4":"has-post-thumbnail","6":"brw_tour_themes-discover","7":"brw_tour_themes-honeymoon","8":"brw_tour_themes-luxury","9":"product_cat-culture","10":"product_cat-discover","11":"product_cat-honeymoon","12":"product_cat-luxury","13":"product_cat-tour-themes","15":"first","16":"instock","17":"shipping-taxable","18":"product-type-ovabrw_car_rental"},"_links":{"self":[{"href":"https:\/\/viettourist.asia\/cs\/wp-json\/wp\/v2\/product\/11971"}],"collection":[{"href":"https:\/\/viettourist.asia\/cs\/wp-json\/wp\/v2\/product"}],"about":[{"href":"https:\/\/viettourist.asia\/cs\/wp-json\/wp\/v2\/types\/product"}],"version-history":[{"count":1,"href":"https:\/\/viettourist.asia\/cs\/wp-json\/wp\/v2\/product\/11971\/revisions"}],"predecessor-version":[{"id":11978,"href":"https:\/\/viettourist.asia\/cs\/wp-json\/wp\/v2\/product\/11971\/revisions\/11978"}],"wp:featuredmedia":[{"embeddable":true,"href":"https:\/\/viettourist.asia\/cs\/wp-json\/wp\/v2\/media\/12251"}],"wp:attachment":[{"href":"https:\/\/viettourist.asia\/cs\/wp-json\/wp\/v2\/media?parent=11971"}],"wp:term":[{"taxonomy":"product_cat","embeddable":true,"href":"https:\/\/viettourist.asia\/cs\/wp-json\/wp\/v2\/product_cat?post=11971"},{"taxonomy":"product_tag","embeddable":true,"href":"https:\/\/viettourist.asia\/cs\/wp-json\/wp\/v2\/product_tag?post=11971"}],"curies":[{"name":"wp","href":"https:\/\/api.w.org\/{rel}","templated":true}]}}