{"id":11962,"date":"2024-09-09T03:38:19","date_gmt":"2024-09-09T03:38:19","guid":{"rendered":"https:\/\/viettourist.asia\/?post_type=product&#038;p=11962"},"modified":"2025-05-19T07:07:15","modified_gmt":"2025-05-19T07:07:15","slug":"scenicka-dovolena-libanky-za-7-dni-6-noci-saigon-nha-trang-hanojsky-zaliv-halong","status":"publish","type":"product","link":"https:\/\/viettourist.asia\/cs\/turne\/scenicka-dovolena-libanky-za-7-dni-6-noci-saigon-nha-trang-hanojsky-zaliv-halong\/","title":{"rendered":"Malebn\u00e1 dovolen\u00e1 L\u00edb\u00e1nky za 7 dn\u00ed \/ 6 noc\u00ed: Saigon \u2013 Nha Trang \u2013 Hanoj \u2013 Halong Bay"},"content":{"rendered":"<p>Vydejte se na kouzelnou cestu ur\u010denou pro novoman\u017eele na svatebn\u00ed cest\u011b, kte\u0159\u00ed hledaj\u00ed romantiku, dobrodru\u017estv\u00ed a odpo\u010dinek v t\u011bch nej\u00fa\u017easn\u011bj\u0161\u00edch m\u011bstech a krajin\u011b Vietnamu. Tato 7denn\u00ed sc\u00e9nick\u00e1 dovolen\u00e1 v\u00e1s zavede z pulzuj\u00edc\u00ed energie Saigonu (Ho \u010ci Minova M\u011bsta) na klidn\u00e9 pl\u00e1\u017ee Nha Trang, n\u00e1sleduje kulturn\u00ed bohatstv\u00ed Hanoje a zakon\u010d\u00ed v\u00e1s \u00fachvatnou plavbou smaragdov\u00fdmi vodami z\u00e1livu Ha Long. A\u0165 u\u017e prozkoum\u00e1v\u00e1te ikonick\u00e9 pam\u00e1tky, m\u00e1\u010dete v omlazuj\u00edc\u00edch bahenn\u00edch l\u00e1zn\u00edch Nha Trang nebo si u\u017e\u00edv\u00e1te ve\u010de\u0159i p\u0159i sv\u00ed\u010dk\u00e1ch pod hv\u011bzdami v z\u00e1livu Ha Long, tento nezapomenuteln\u00fd itiner\u00e1\u0159 nab\u00edz\u00ed dokonalou sm\u011bs objevov\u00e1n\u00ed a romantiky pro p\u00e1ry, kter\u00e9 za\u010d\u00ednaj\u00ed sv\u016fj spole\u010dn\u00fd \u017eivot.<\/p>\n<p>P\u0159ipravte se na vytvo\u0159en\u00ed uct\u00edvan\u00fdch vzpom\u00ednek uprost\u0159ed vietnamsk\u00e9 nad\u010dasov\u00e9 kr\u00e1sy, luxusn\u00edch pobyt\u016f a okouzluj\u00edc\u00edch z\u00e1\u017eitk\u016f \u0161it\u00fdch na m\u00edru jen pro dva.<\/p>","protected":false},"excerpt":{"rendered":"<p>Embark on a magical journey designed for honeymooners seeking romance, adventure, and relaxation in Vietnam\u2019s most captivating cities and landscapes. This 7-day scenic vacation takes you from the vibrant energy of Saigon (Ho Chi Minh City) to the tranquil beaches of Nha Trang, followed by the cultural richness of Hanoi, and concludes with a breathtaking [&hellip;]<\/p>\n","protected":false},"featured_media":11970,"template":"","meta":[],"product_cat":[89,90,93,86,103],"product_tag":[],"class_list":{"0":"post-11962","1":"product","2":"type-product","3":"status-publish","4":"has-post-thumbnail","6":"brw_tour_themes-discover","7":"brw_tour_themes-family","8":"brw_tour_themes-honeymoon","9":"brw_tour_themes-luxury","10":"product_cat-discover","11":"product_cat-family","12":"product_cat-honeymoon","13":"product_cat-luxury","14":"product_cat-tour-themes","16":"first","17":"instock","18":"shipping-taxable","19":"product-type-ovabrw_car_rental"},"_links":{"self":[{"href":"https:\/\/viettourist.asia\/cs\/wp-json\/wp\/v2\/product\/11962"}],"collection":[{"href":"https:\/\/viettourist.asia\/cs\/wp-json\/wp\/v2\/product"}],"about":[{"href":"https:\/\/viettourist.asia\/cs\/wp-json\/wp\/v2\/types\/product"}],"version-history":[{"count":1,"href":"https:\/\/viettourist.asia\/cs\/wp-json\/wp\/v2\/product\/11962\/revisions"}],"predecessor-version":[{"id":11963,"href":"https:\/\/viettourist.asia\/cs\/wp-json\/wp\/v2\/product\/11962\/revisions\/11963"}],"wp:featuredmedia":[{"embeddable":true,"href":"https:\/\/viettourist.asia\/cs\/wp-json\/wp\/v2\/media\/11970"}],"wp:attachment":[{"href":"https:\/\/viettourist.asia\/cs\/wp-json\/wp\/v2\/media?parent=11962"}],"wp:term":[{"taxonomy":"product_cat","embeddable":true,"href":"https:\/\/viettourist.asia\/cs\/wp-json\/wp\/v2\/product_cat?post=11962"},{"taxonomy":"product_tag","embeddable":true,"href":"https:\/\/viettourist.asia\/cs\/wp-json\/wp\/v2\/product_tag?post=11962"}],"curies":[{"name":"wp","href":"https:\/\/api.w.org\/{rel}","templated":true}]}}