{"id":11948,"date":"2024-09-09T03:18:36","date_gmt":"2024-09-09T03:18:36","guid":{"rendered":"https:\/\/viettourist.asia\/?post_type=product&#038;p=11948"},"modified":"2024-12-17T09:42:39","modified_gmt":"2024-12-17T09:42:39","slug":"uzasny-vietnam-11-dni-10-noci","status":"publish","type":"product","link":"https:\/\/viettourist.asia\/cs\/turne\/uzasny-vietnam-11-dni-10-noci\/","title":{"rendered":"\u00da\u017easn\u00fd Vietnam 11 dn\u00ed \/ 10 noc\u00ed"},"content":{"rendered":"<p>Vydejte se na vzru\u0161uj\u00edc\u00ed 11denn\u00ed dobrodru\u017estv\u00ed neporu\u0161enou kr\u00e1sou a bohatou kulturou severn\u00edho Vietnamu. Od pulzuj\u00edc\u00edch ulic Hanoje a\u017e po dechberouc\u00ed krajinu Ha Giang nab\u00edz\u00ed tato prohl\u00eddka hlubok\u00fd ponor do nejodlehlej\u0161\u00edch a nejmalebn\u011bj\u0161\u00edch oblast\u00ed zem\u011b. Budete proch\u00e1zet klikat\u00fdmi horsk\u00fdmi silni\u010dkami, nav\u0161t\u00edvit okouzluj\u00edc\u00ed vesnice etnick\u00fdch men\u0161in, prozkoumat ohromuj\u00edc\u00ed p\u0159\u00edrodn\u00ed divy, jako je pr\u016fsmyk Ma Pi Leng a jezero Ba Be, a proplouvat mystick\u00fdmi vodami z\u00e1livu Halong.<\/p>\n<p>Cestou se pono\u0159te do bohat\u00e9 historie starov\u011bk\u00fdch pevnost\u00ed, tradi\u010dn\u00ed architektury H&#039;mong a klidn\u00e9 kr\u00e1sy p\u0159\u00edrody, to v\u0161e p\u0159i ochutn\u00e1n\u00ed autentick\u00e9 m\u00edstn\u00ed kuchyn\u011b. Tato cesta nab\u00edz\u00ed nejen velkolep\u00e9 scen\u00e9rie, ale tak\u00e9 smyslupln\u00e9 spojen\u00ed s vietnamsk\u00fdmi lidmi a jejich zp\u016fsobem \u017eivota. A\u0165 u\u017e se pono\u0159\u00edte do klidu jezera Ba Be, proj\u00ed\u017ed\u00edte na kole bujn\u00fdmi r\u00fd\u017eov\u00fdmi poli Mai Chau nebo prozkoum\u00e1v\u00e1te okouzluj\u00edc\u00ed uli\u010dky Hoi An, ka\u017ed\u00fd den p\u0159in\u00e1\u0161\u00ed nov\u00e9 dobrodru\u017estv\u00ed a hlub\u0161\u00ed uzn\u00e1n\u00ed t\u00e9to \u00fa\u017easn\u00e9 zem\u011b.<\/p>\n<p>P\u0159ipravte se na to, \u017ee budete ohromeni kr\u00e1sou a rozmanitost\u00ed severn\u00edho Vietnamu na t\u00e9to nezapomenuteln\u00e9 cest\u011b, kter\u00e1 je navr\u017eena pro ty, kte\u0159\u00ed hledaj\u00ed sm\u011bs kultury, historie a \u00fachvatn\u00e9 p\u0159\u00edrodn\u00ed krajiny.<\/p>","protected":false},"excerpt":{"rendered":"<p>Embark on a thrilling 11-day adventure through the unspoiled beauty and rich culture of Northern Vietnam. From the vibrant streets of Hanoi to the breathtaking landscapes of Ha Giang, this tour offers a deep dive into the country\u2019s most remote and picturesque regions. You\u2019ll traverse winding mountain roads, visit charming ethnic minority villages, explore stunning [&hellip;]<\/p>\n","protected":false},"featured_media":11951,"template":"","meta":[],"product_cat":[87,88,89,90,92,86,103],"product_tag":[],"class_list":{"0":"post-11948","1":"product","2":"type-product","3":"status-publish","4":"has-post-thumbnail","6":"brw_tour_themes-adventure","7":"brw_tour_themes-culture","8":"brw_tour_themes-discover","9":"brw_tour_themes-family","10":"brw_tour_themes-group","11":"brw_tour_themes-luxury","12":"product_cat-adventure","13":"product_cat-culture","14":"product_cat-discover","15":"product_cat-family","16":"product_cat-group","17":"product_cat-luxury","18":"product_cat-tour-themes","20":"first","21":"instock","22":"shipping-taxable","23":"product-type-ovabrw_car_rental"},"_links":{"self":[{"href":"https:\/\/viettourist.asia\/cs\/wp-json\/wp\/v2\/product\/11948"}],"collection":[{"href":"https:\/\/viettourist.asia\/cs\/wp-json\/wp\/v2\/product"}],"about":[{"href":"https:\/\/viettourist.asia\/cs\/wp-json\/wp\/v2\/types\/product"}],"version-history":[{"count":1,"href":"https:\/\/viettourist.asia\/cs\/wp-json\/wp\/v2\/product\/11948\/revisions"}],"predecessor-version":[{"id":11958,"href":"https:\/\/viettourist.asia\/cs\/wp-json\/wp\/v2\/product\/11948\/revisions\/11958"}],"wp:featuredmedia":[{"embeddable":true,"href":"https:\/\/viettourist.asia\/cs\/wp-json\/wp\/v2\/media\/11951"}],"wp:attachment":[{"href":"https:\/\/viettourist.asia\/cs\/wp-json\/wp\/v2\/media?parent=11948"}],"wp:term":[{"taxonomy":"product_cat","embeddable":true,"href":"https:\/\/viettourist.asia\/cs\/wp-json\/wp\/v2\/product_cat?post=11948"},{"taxonomy":"product_tag","embeddable":true,"href":"https:\/\/viettourist.asia\/cs\/wp-json\/wp\/v2\/product_tag?post=11948"}],"curies":[{"name":"wp","href":"https:\/\/api.w.org\/{rel}","templated":true}]}}