{"id":11933,"date":"2024-09-06T05:07:52","date_gmt":"2024-09-06T05:07:52","guid":{"rendered":"https:\/\/viettourist.asia\/?post_type=product&#038;p=11933"},"modified":"2024-12-30T05:03:40","modified_gmt":"2024-12-30T05:03:40","slug":"velke-turne-po-vietnamu","status":"publish","type":"product","link":"https:\/\/viettourist.asia\/cs\/turne\/velke-turne-po-vietnamu\/","title":{"rendered":"Vietnam Grand Tour 11 dn\u00ed \/ 10 noc\u00ed"},"content":{"rendered":"<p>Vydejte se na nezapomenutelnou cestu Vietnamem, zem\u00ed, kde se prastar\u00e1 historie, \u017eiv\u00e1 kultura a ohromuj\u00edc\u00ed krajina spojuj\u00ed, aby vytvo\u0159ily z\u00e1\u017eitek jako \u017e\u00e1dn\u00fd jin\u00fd. Od ru\u0161n\u00fdch ulic Ho \u010ci Minova M\u011bsta a\u017e po klidn\u00e9 vody delty Mekongu p\u0159in\u00e1\u0161\u00ed ka\u017ed\u00fd den nov\u00e9 dobrodru\u017estv\u00ed. Projd\u011bte se ikonick\u00fdmi tunely Cu Chi, ochutnejte chut\u011b m\u00edstn\u00edch trh\u016f a pono\u0159te se do nad\u010dasov\u00e9ho kouzla Hoi An a Hue. A\u0165 u\u017e prozkoum\u00e1v\u00e1te p\u0159\u00edrodn\u00ed divy z\u00e1livu Ha Long nebo objevujete bohat\u00e9 d\u011bdictv\u00ed starov\u011bk\u00fdch hlavn\u00edch m\u011bst Vietnamu, tato cesta slibuje, \u017ee uchv\u00e1t\u00ed va\u0161e smysly a zanech\u00e1 ve v\u00e1s trval\u00e9 vzpom\u00ednky.<\/p>","protected":false},"excerpt":{"rendered":"<p>Embark on an unforgettable journey through Vietnam, a land where ancient history, vibrant culture, and stunning landscapes come together to create an experience like no other. From the bustling streets of Ho Chi Minh City to the tranquil waters of the Mekong Delta, each day brings a new adventure. Walk through the iconic Cu Chi [&hellip;]<\/p>\n","protected":false},"featured_media":11936,"template":"","meta":[],"product_cat":[88,89,90,92,86,103],"product_tag":[246,249,247],"class_list":{"0":"post-11933","1":"product","2":"type-product","3":"status-publish","4":"has-post-thumbnail","6":"brw_tour_themes-culture","7":"brw_tour_themes-discover","8":"brw_tour_themes-family","9":"brw_tour_themes-group","10":"brw_tour_themes-luxury","11":"product_cat-culture","12":"product_cat-discover","13":"product_cat-family","14":"product_cat-group","15":"product_cat-luxury","16":"product_cat-tour-themes","17":"product_tag-discover","18":"product_tag-experience","19":"product_tag-vietnam","21":"first","22":"instock","23":"shipping-taxable","24":"product-type-ovabrw_car_rental"},"_links":{"self":[{"href":"https:\/\/viettourist.asia\/cs\/wp-json\/wp\/v2\/product\/11933"}],"collection":[{"href":"https:\/\/viettourist.asia\/cs\/wp-json\/wp\/v2\/product"}],"about":[{"href":"https:\/\/viettourist.asia\/cs\/wp-json\/wp\/v2\/types\/product"}],"version-history":[{"count":2,"href":"https:\/\/viettourist.asia\/cs\/wp-json\/wp\/v2\/product\/11933\/revisions"}],"predecessor-version":[{"id":11961,"href":"https:\/\/viettourist.asia\/cs\/wp-json\/wp\/v2\/product\/11933\/revisions\/11961"}],"wp:featuredmedia":[{"embeddable":true,"href":"https:\/\/viettourist.asia\/cs\/wp-json\/wp\/v2\/media\/11936"}],"wp:attachment":[{"href":"https:\/\/viettourist.asia\/cs\/wp-json\/wp\/v2\/media?parent=11933"}],"wp:term":[{"taxonomy":"product_cat","embeddable":true,"href":"https:\/\/viettourist.asia\/cs\/wp-json\/wp\/v2\/product_cat?post=11933"},{"taxonomy":"product_tag","embeddable":true,"href":"https:\/\/viettourist.asia\/cs\/wp-json\/wp\/v2\/product_tag?post=11933"}],"curies":[{"name":"wp","href":"https:\/\/api.w.org\/{rel}","templated":true}]}}