{"id":11925,"date":"2024-09-06T04:14:43","date_gmt":"2024-09-06T04:14:43","guid":{"rendered":"https:\/\/viettourist.asia\/?post_type=product&#038;p=11925"},"modified":"2024-12-17T09:49:15","modified_gmt":"2024-12-17T09:49:15","slug":"nadherna-plaz-saigon-a-phu-quoc-6-dni-5-noci","status":"publish","type":"product","link":"https:\/\/viettourist.asia\/cs\/turne\/nadherna-plaz-saigon-a-phu-quoc-6-dni-5-noci\/","title":{"rendered":"Vynikaj\u00edc\u00ed Saigon a pl\u00e1\u017e Phu Quoc 6 dn\u00ed \/ 5 noc\u00ed"},"content":{"rendered":"<p><span style=\"font-weight: 400;\">Tato vzru\u0161uj\u00edc\u00ed n\u00e1v\u0161t\u011bva Saigonu (Ho \u010ci Minova M\u011bsta) je ide\u00e1ln\u00ed pro cestovatele, kte\u0159\u00ed cht\u011bj\u00ed tuto oblast poc\u00edtit, zejm\u00e9na pro ty, kte\u0159\u00ed poprv\u00e9 cht\u011bj\u00ed prozkoumat hlavn\u00ed atrakce Saigonu. Nav\u0161t\u00edv\u00edte kl\u00ed\u010dov\u00e1 historick\u00e1 a kulturn\u00ed m\u00edsta, ale Saigon, zn\u00e1m\u00fd tak\u00e9 jako Perla D\u00e1ln\u00e9ho v\u00fdchodu, nab\u00edz\u00ed mnohem v\u00edc. Za\u017eijte ru\u0161n\u00e9 tempo m\u011bsta doprov\u00e1zen\u00e9 rytmick\u00fdmi zvuky mnoha kav\u00e1ren. U\u017eijte si pulzuj\u00edc\u00ed atmosf\u00e9ru nakupuj\u00edc\u00edch smlouv\u00e1n\u00ed v \u017eiv\u00fdch tr\u017en\u00edch ulic\u00edch.<\/span><\/p>","protected":false},"excerpt":{"rendered":"<p>This exciting Saigon (Ho Chi Minh City) visit is ideal for travelers who want to get a feel for the area, especially first-time visitors looking to explore the main attractions of Saigon. You&#8217;ll visit the key historical and cultural sites, but Saigon, also known as The Pearl of the Far East, offers so much more. [&hellip;]<\/p>\n","protected":false},"featured_media":11926,"template":"","meta":[],"product_cat":[88,89,90,92,86,103],"product_tag":[],"class_list":{"0":"post-11925","1":"product","2":"type-product","3":"status-publish","4":"has-post-thumbnail","6":"brw_tour_themes-culture","7":"brw_tour_themes-discover","8":"brw_tour_themes-family","9":"brw_tour_themes-group","10":"brw_tour_themes-luxury","11":"product_cat-culture","12":"product_cat-discover","13":"product_cat-family","14":"product_cat-group","15":"product_cat-luxury","16":"product_cat-tour-themes","18":"first","19":"instock","20":"shipping-taxable","21":"product-type-ovabrw_car_rental"},"_links":{"self":[{"href":"https:\/\/viettourist.asia\/cs\/wp-json\/wp\/v2\/product\/11925"}],"collection":[{"href":"https:\/\/viettourist.asia\/cs\/wp-json\/wp\/v2\/product"}],"about":[{"href":"https:\/\/viettourist.asia\/cs\/wp-json\/wp\/v2\/types\/product"}],"version-history":[{"count":1,"href":"https:\/\/viettourist.asia\/cs\/wp-json\/wp\/v2\/product\/11925\/revisions"}],"predecessor-version":[{"id":11932,"href":"https:\/\/viettourist.asia\/cs\/wp-json\/wp\/v2\/product\/11925\/revisions\/11932"}],"wp:featuredmedia":[{"embeddable":true,"href":"https:\/\/viettourist.asia\/cs\/wp-json\/wp\/v2\/media\/11926"}],"wp:attachment":[{"href":"https:\/\/viettourist.asia\/cs\/wp-json\/wp\/v2\/media?parent=11925"}],"wp:term":[{"taxonomy":"product_cat","embeddable":true,"href":"https:\/\/viettourist.asia\/cs\/wp-json\/wp\/v2\/product_cat?post=11925"},{"taxonomy":"product_tag","embeddable":true,"href":"https:\/\/viettourist.asia\/cs\/wp-json\/wp\/v2\/product_tag?post=11925"}],"curies":[{"name":"wp","href":"https:\/\/api.w.org\/{rel}","templated":true}]}}